{"id":16638,"date":"2019-04-09T22:10:21","date_gmt":"2019-04-09T22:10:21","guid":{"rendered":"https:\/\/octaedro.com\/producto\/descarados\/"},"modified":"2023-04-20T10:08:24","modified_gmt":"2023-04-20T08:08:24","slug":"descarados","status":"publish","type":"product","link":"https:\/\/wizardly-davinci.82-223-8-23.plesk.page\/en\/producto\/descarados\/","title":{"rendered":"Descarados"},"content":{"rendered":"<p>En <em>Descarados<\/em> se muestra d\u00eda a d\u00eda la vida de un grupo de adolescentes que cursan su escolaridad obligatoria fuera del instituto, as\u00ed como la actuaci\u00f3n de sus educadores y el clima en el que se lleva a cabo la tarea formativa. Asimismo se describen los dinamismos educativos presentes en la intervenci\u00f3n que se narra a lo largo del libro, entre los que destacan: la creaci\u00f3n de v\u00ednculos personales, la ayuda entre iguales, el dise\u00f1o de un medio educativo denso en rutinas, el sentido del humor, la adquisici\u00f3n de habilidades sociales, la inoculaci\u00f3n de expectativas de \u00e9xito y el aprendizaje basado en la actividad. Una pedagog\u00eda realista y esperanzada.<\/p>\n","protected":false},"excerpt":{"rendered":"<p>En <em>Descarados<\/em> se muestra d\u00eda a d\u00eda la vida de un grupo de adolescentes que cursan su escolaridad obligatoria fuera del instituto, as\u00ed como la actuaci\u00f3n de sus educadores y el clima en el que se lleva a cabo la tarea formativa. Asimismo se describen los dinamismos educativos presentes en la intervenci\u00f3n que se narra a lo largo del libro, entre los que destacan: la creaci\u00f3n de v\u00ednculos personales, la ayuda entre iguales, el dise\u00f1o de un medio educativo denso en rutinas, el sentido del humor, la adquisici\u00f3n de habilidades sociales, la inoculaci\u00f3n de expectativas de \u00e9xito y el aprendizaje basado en la actividad. Una pedagog\u00eda realista y esperanzada.<\/p>\n","protected":false},"featured_media":16639,"comment_status":"open","ping_status":"closed","template":"","meta":{"_et_pb_use_builder":"","_et_pb_old_content":"","_et_gb_content_width":""},"product_cat":[1512,6675],"product_tag":[2602],"edicion":[1083],"editoriales":[1160],"tienda":[],"autor_id":[5911],"universidades_coeditoras":[],"palabras_clave":[],"listado_alfabetico":[],"acf":[],"_links":{"self":[{"href":"https:\/\/wizardly-davinci.82-223-8-23.plesk.page\/en\/wp-json\/wp\/v2\/product\/16638"}],"collection":[{"href":"https:\/\/wizardly-davinci.82-223-8-23.plesk.page\/en\/wp-json\/wp\/v2\/product"}],"about":[{"href":"https:\/\/wizardly-davinci.82-223-8-23.plesk.page\/en\/wp-json\/wp\/v2\/types\/product"}],"replies":[{"embeddable":true,"href":"https:\/\/wizardly-davinci.82-223-8-23.plesk.page\/en\/wp-json\/wp\/v2\/comments?post=16638"}],"wp:featuredmedia":[{"embeddable":true,"href":"https:\/\/wizardly-davinci.82-223-8-23.plesk.page\/en\/wp-json\/wp\/v2\/media\/16639"}],"wp:attachment":[{"href":"https:\/\/wizardly-davinci.82-223-8-23.plesk.page\/en\/wp-json\/wp\/v2\/media?parent=16638"}],"wp:term":[{"taxonomy":"product_cat","embeddable":true,"href":"https:\/\/wizardly-davinci.82-223-8-23.plesk.page\/en\/wp-json\/wp\/v2\/product_cat?post=16638"},{"taxonomy":"product_tag","embeddable":true,"href":"https:\/\/wizardly-davinci.82-223-8-23.plesk.page\/en\/wp-json\/wp\/v2\/product_tag?post=16638"},{"taxonomy":"edicion","embeddable":true,"href":"https:\/\/wizardly-davinci.82-223-8-23.plesk.page\/en\/wp-json\/wp\/v2\/edicion?post=16638"},{"taxonomy":"editoriales","embeddable":true,"href":"https:\/\/wizardly-davinci.82-223-8-23.plesk.page\/en\/wp-json\/wp\/v2\/editoriales?post=16638"},{"taxonomy":"tienda","embeddable":true,"href":"https:\/\/wizardly-davinci.82-223-8-23.plesk.page\/en\/wp-json\/wp\/v2\/tienda?post=16638"},{"taxonomy":"autor_id","embeddable":true,"href":"https:\/\/wizardly-davinci.82-223-8-23.plesk.page\/en\/wp-json\/wp\/v2\/autor_id?post=16638"},{"taxonomy":"universidades_coeditoras","embeddable":true,"href":"https:\/\/wizardly-davinci.82-223-8-23.plesk.page\/en\/wp-json\/wp\/v2\/universidades_coeditoras?post=16638"},{"taxonomy":"palabras_clave","embeddable":true,"href":"https:\/\/wizardly-davinci.82-223-8-23.plesk.page\/en\/wp-json\/wp\/v2\/palabras_clave?post=16638"},{"taxonomy":"listado_alfabetico","embeddable":true,"href":"https:\/\/wizardly-davinci.82-223-8-23.plesk.page\/en\/wp-json\/wp\/v2\/listado_alfabetico?post=16638"}],"curies":[{"name":"wp","href":"https:\/\/api.w.org\/{rel}","templated":true}]}}