{"id":16640,"date":"2019-04-09T22:10:21","date_gmt":"2019-04-09T22:10:21","guid":{"rendered":"https:\/\/octaedro.com\/producto\/la-belleza\/"},"modified":"2023-04-20T10:08:31","modified_gmt":"2023-04-20T08:08:31","slug":"la-belleza","status":"publish","type":"product","link":"https:\/\/wizardly-davinci.82-223-8-23.plesk.page\/en\/producto\/la-belleza\/","title":{"rendered":"La belleza"},"content":{"rendered":"<p>Este libro recorre los distintos itinerarios del concepto de belleza hasta la actualidad, para centrarse en los dominios del cuerpo, los objetos, la industria, los medios. El an\u00e1lisis de anuncios publicitarios de productos cosm\u00e9ticos constituye un recurso singular importancia para descubrir, entre otras cuestiones, c\u00f3mo cierta asociaci\u00f3n tradicional entre belleza y placer va dando lugar a unos modelos que nos sit\u00faan, en ocasiones, en los l\u00edmites del sufrimiento, la exigencia y el sacrificio, dando a la belleza un sentido no exento de cierto dramatismo.<\/p>\n","protected":false},"excerpt":{"rendered":"<p>Este libro recorre los distintos itinerarios del concepto de belleza hasta la actualidad, para centrarse en los dominios del cuerpo, los objetos, la industria, los medios. El an\u00e1lisis de anuncios publicitarios de productos cosm\u00e9ticos constituye un recurso singular importancia para descubrir, entre otras cuestiones, c\u00f3mo cierta asociaci\u00f3n tradicional entre belleza y placer va dando lugar a unos modelos que nos sit\u00faan, en ocasiones, en los l\u00edmites del sufrimiento, la exigencia y el sacrificio, dando a la belleza un sentido no exento de cierto dramatismo.<\/p>\n","protected":false},"featured_media":16641,"comment_status":"open","ping_status":"closed","template":"","meta":{"_et_pb_use_builder":"","_et_pb_old_content":"","_et_gb_content_width":""},"product_cat":[1512,6675],"product_tag":[2602],"edicion":[1083],"editoriales":[1160],"tienda":[],"autor_id":[6600],"universidades_coeditoras":[],"palabras_clave":[],"listado_alfabetico":[],"acf":[],"_links":{"self":[{"href":"https:\/\/wizardly-davinci.82-223-8-23.plesk.page\/en\/wp-json\/wp\/v2\/product\/16640"}],"collection":[{"href":"https:\/\/wizardly-davinci.82-223-8-23.plesk.page\/en\/wp-json\/wp\/v2\/product"}],"about":[{"href":"https:\/\/wizardly-davinci.82-223-8-23.plesk.page\/en\/wp-json\/wp\/v2\/types\/product"}],"replies":[{"embeddable":true,"href":"https:\/\/wizardly-davinci.82-223-8-23.plesk.page\/en\/wp-json\/wp\/v2\/comments?post=16640"}],"wp:featuredmedia":[{"embeddable":true,"href":"https:\/\/wizardly-davinci.82-223-8-23.plesk.page\/en\/wp-json\/wp\/v2\/media\/16641"}],"wp:attachment":[{"href":"https:\/\/wizardly-davinci.82-223-8-23.plesk.page\/en\/wp-json\/wp\/v2\/media?parent=16640"}],"wp:term":[{"taxonomy":"product_cat","embeddable":true,"href":"https:\/\/wizardly-davinci.82-223-8-23.plesk.page\/en\/wp-json\/wp\/v2\/product_cat?post=16640"},{"taxonomy":"product_tag","embeddable":true,"href":"https:\/\/wizardly-davinci.82-223-8-23.plesk.page\/en\/wp-json\/wp\/v2\/product_tag?post=16640"},{"taxonomy":"edicion","embeddable":true,"href":"https:\/\/wizardly-davinci.82-223-8-23.plesk.page\/en\/wp-json\/wp\/v2\/edicion?post=16640"},{"taxonomy":"editoriales","embeddable":true,"href":"https:\/\/wizardly-davinci.82-223-8-23.plesk.page\/en\/wp-json\/wp\/v2\/editoriales?post=16640"},{"taxonomy":"tienda","embeddable":true,"href":"https:\/\/wizardly-davinci.82-223-8-23.plesk.page\/en\/wp-json\/wp\/v2\/tienda?post=16640"},{"taxonomy":"autor_id","embeddable":true,"href":"https:\/\/wizardly-davinci.82-223-8-23.plesk.page\/en\/wp-json\/wp\/v2\/autor_id?post=16640"},{"taxonomy":"universidades_coeditoras","embeddable":true,"href":"https:\/\/wizardly-davinci.82-223-8-23.plesk.page\/en\/wp-json\/wp\/v2\/universidades_coeditoras?post=16640"},{"taxonomy":"palabras_clave","embeddable":true,"href":"https:\/\/wizardly-davinci.82-223-8-23.plesk.page\/en\/wp-json\/wp\/v2\/palabras_clave?post=16640"},{"taxonomy":"listado_alfabetico","embeddable":true,"href":"https:\/\/wizardly-davinci.82-223-8-23.plesk.page\/en\/wp-json\/wp\/v2\/listado_alfabetico?post=16640"}],"curies":[{"name":"wp","href":"https:\/\/api.w.org\/{rel}","templated":true}]}}