{"id":16642,"date":"2019-04-09T22:10:22","date_gmt":"2019-04-09T22:10:22","guid":{"rendered":"https:\/\/octaedro.com\/producto\/asertividad\/"},"modified":"2023-04-20T10:08:37","modified_gmt":"2023-04-20T08:08:37","slug":"asertividad","status":"publish","type":"product","link":"https:\/\/wizardly-davinci.82-223-8-23.plesk.page\/en\/producto\/asertividad\/","title":{"rendered":"Asertividad"},"content":{"rendered":"<p>\u00bfPor qu\u00e9 es m\u00e1s asertivo decir \u201cno\u201d que decir \u201cs\u00ed\u201d? \u00bfLa asertividad viene de nuestro interior o es un traje que hemos de llevar puesto en determinadas ocasiones? \u00bfEs cierto que si aprendemos a relacionarnos desde la asertividad nos sentiremos mejor? \u00bfC\u00f3mo podemos aprender a ser asertivas y asertivos?<br \/>\nNo es seguro que el libro que ten\u00e9is en las manos os d\u00e9 todas las respuestas, pero conf\u00edo en que os proporcione algunas indicaciones para repensar las relaciones entre el poder y la comunicaci\u00f3n y os facilite el cambio necesario para intentar ser asertivos, un cambio que desear\u00e9is iniciar.<\/p>\n","protected":false},"excerpt":{"rendered":"<p>\u00bfPor qu\u00e9 es m\u00e1s asertivo decir \u201cno\u201d que decir \u201cs\u00ed\u201d? \u00bfLa asertividad viene de nuestro interior o es un traje que hemos de llevar puesto en determinadas ocasiones? \u00bfEs cierto que si aprendemos a relacionarnos desde la asertividad nos sentiremos mejor? \u00bfC\u00f3mo podemos aprender a ser asertivas y asertivos?<br \/>\nNo es seguro que el libro que ten\u00e9is en las manos os d\u00e9 todas las respuestas, pero conf\u00edo en que os proporcione algunas indicaciones para repensar las relaciones entre el poder y la comunicaci\u00f3n y os facilite el cambio necesario para intentar ser asertivos, un cambio que desear\u00e9is iniciar.<\/p>\n","protected":false},"featured_media":16643,"comment_status":"open","ping_status":"closed","template":"","meta":{"_et_pb_use_builder":"","_et_pb_old_content":"","_et_gb_content_width":""},"product_cat":[1512,6675,9825],"product_tag":[2602],"edicion":[1083],"editoriales":[1160],"tienda":[],"autor_id":[5447],"universidades_coeditoras":[],"palabras_clave":[],"listado_alfabetico":[],"acf":[],"_links":{"self":[{"href":"https:\/\/wizardly-davinci.82-223-8-23.plesk.page\/en\/wp-json\/wp\/v2\/product\/16642"}],"collection":[{"href":"https:\/\/wizardly-davinci.82-223-8-23.plesk.page\/en\/wp-json\/wp\/v2\/product"}],"about":[{"href":"https:\/\/wizardly-davinci.82-223-8-23.plesk.page\/en\/wp-json\/wp\/v2\/types\/product"}],"replies":[{"embeddable":true,"href":"https:\/\/wizardly-davinci.82-223-8-23.plesk.page\/en\/wp-json\/wp\/v2\/comments?post=16642"}],"wp:featuredmedia":[{"embeddable":true,"href":"https:\/\/wizardly-davinci.82-223-8-23.plesk.page\/en\/wp-json\/wp\/v2\/media\/16643"}],"wp:attachment":[{"href":"https:\/\/wizardly-davinci.82-223-8-23.plesk.page\/en\/wp-json\/wp\/v2\/media?parent=16642"}],"wp:term":[{"taxonomy":"product_cat","embeddable":true,"href":"https:\/\/wizardly-davinci.82-223-8-23.plesk.page\/en\/wp-json\/wp\/v2\/product_cat?post=16642"},{"taxonomy":"product_tag","embeddable":true,"href":"https:\/\/wizardly-davinci.82-223-8-23.plesk.page\/en\/wp-json\/wp\/v2\/product_tag?post=16642"},{"taxonomy":"edicion","embeddable":true,"href":"https:\/\/wizardly-davinci.82-223-8-23.plesk.page\/en\/wp-json\/wp\/v2\/edicion?post=16642"},{"taxonomy":"editoriales","embeddable":true,"href":"https:\/\/wizardly-davinci.82-223-8-23.plesk.page\/en\/wp-json\/wp\/v2\/editoriales?post=16642"},{"taxonomy":"tienda","embeddable":true,"href":"https:\/\/wizardly-davinci.82-223-8-23.plesk.page\/en\/wp-json\/wp\/v2\/tienda?post=16642"},{"taxonomy":"autor_id","embeddable":true,"href":"https:\/\/wizardly-davinci.82-223-8-23.plesk.page\/en\/wp-json\/wp\/v2\/autor_id?post=16642"},{"taxonomy":"universidades_coeditoras","embeddable":true,"href":"https:\/\/wizardly-davinci.82-223-8-23.plesk.page\/en\/wp-json\/wp\/v2\/universidades_coeditoras?post=16642"},{"taxonomy":"palabras_clave","embeddable":true,"href":"https:\/\/wizardly-davinci.82-223-8-23.plesk.page\/en\/wp-json\/wp\/v2\/palabras_clave?post=16642"},{"taxonomy":"listado_alfabetico","embeddable":true,"href":"https:\/\/wizardly-davinci.82-223-8-23.plesk.page\/en\/wp-json\/wp\/v2\/listado_alfabetico?post=16642"}],"curies":[{"name":"wp","href":"https:\/\/api.w.org\/{rel}","templated":true}]}}