{"id":16644,"date":"2019-04-09T22:10:22","date_gmt":"2019-04-09T22:10:22","guid":{"rendered":"https:\/\/octaedro.com\/producto\/breve-historia-de-la-literatura-espanola\/"},"modified":"2023-04-20T10:08:44","modified_gmt":"2023-04-20T08:08:44","slug":"breve-historia-de-la-literatura-espanola","status":"publish","type":"product","link":"https:\/\/wizardly-davinci.82-223-8-23.plesk.page\/en\/producto\/breve-historia-de-la-literatura-espanola\/","title":{"rendered":"Breve historia de la literatura espa\u00f1ola"},"content":{"rendered":"<p>A veces, es dif\u00edcil resumir la Historia de nuestra Literatura de tal modo que quede trazada una panor\u00e1mica m\u00ednima, pero suficiente, de lo mejor de nuestras obras y de nuestros autores. \u00bfQu\u00e9 es lo m\u00e1s importante? \u00bfQu\u00e9 es lo mejor? Esta Breve Historia de la Literatura Espa\u00f1ola parte de ese af\u00e1n: el de ser breve y descriptiva, para que cualquiera tenga esa necesaria visi\u00f3n general, ese primer contacto que le permita despu\u00e9s profundizar cuanto desee; y, sobre todo, situar la lectura de nuestros cl\u00e1sicos.<\/p>\n","protected":false},"excerpt":{"rendered":"<p>A veces, es dif\u00edcil resumir la Historia de nuestra Literatura de tal modo que quede trazada una panor\u00e1mica m\u00ednima, pero suficiente, de lo mejor de nuestras obras y de nuestros autores. \u00bfQu\u00e9 es lo m\u00e1s importante? \u00bfQu\u00e9 es lo mejor? Esta Breve Historia de la Literatura Espa\u00f1ola parte de ese af\u00e1n: el de ser breve y descriptiva, para que cualquiera tenga esa necesaria visi\u00f3n general, ese primer contacto que le permita despu\u00e9s profundizar cuanto desee; y, sobre todo, situar la lectura de nuestros cl\u00e1sicos.<\/p>\n","protected":false},"featured_media":16645,"comment_status":"open","ping_status":"closed","template":"","meta":{"_et_pb_use_builder":"","_et_pb_old_content":"","_et_gb_content_width":""},"product_cat":[1512,6675],"product_tag":[2602],"edicion":[1083],"editoriales":[1160],"tienda":[],"autor_id":[5608],"universidades_coeditoras":[],"palabras_clave":[],"listado_alfabetico":[],"acf":[],"_links":{"self":[{"href":"https:\/\/wizardly-davinci.82-223-8-23.plesk.page\/en\/wp-json\/wp\/v2\/product\/16644"}],"collection":[{"href":"https:\/\/wizardly-davinci.82-223-8-23.plesk.page\/en\/wp-json\/wp\/v2\/product"}],"about":[{"href":"https:\/\/wizardly-davinci.82-223-8-23.plesk.page\/en\/wp-json\/wp\/v2\/types\/product"}],"replies":[{"embeddable":true,"href":"https:\/\/wizardly-davinci.82-223-8-23.plesk.page\/en\/wp-json\/wp\/v2\/comments?post=16644"}],"wp:featuredmedia":[{"embeddable":true,"href":"https:\/\/wizardly-davinci.82-223-8-23.plesk.page\/en\/wp-json\/wp\/v2\/media\/16645"}],"wp:attachment":[{"href":"https:\/\/wizardly-davinci.82-223-8-23.plesk.page\/en\/wp-json\/wp\/v2\/media?parent=16644"}],"wp:term":[{"taxonomy":"product_cat","embeddable":true,"href":"https:\/\/wizardly-davinci.82-223-8-23.plesk.page\/en\/wp-json\/wp\/v2\/product_cat?post=16644"},{"taxonomy":"product_tag","embeddable":true,"href":"https:\/\/wizardly-davinci.82-223-8-23.plesk.page\/en\/wp-json\/wp\/v2\/product_tag?post=16644"},{"taxonomy":"edicion","embeddable":true,"href":"https:\/\/wizardly-davinci.82-223-8-23.plesk.page\/en\/wp-json\/wp\/v2\/edicion?post=16644"},{"taxonomy":"editoriales","embeddable":true,"href":"https:\/\/wizardly-davinci.82-223-8-23.plesk.page\/en\/wp-json\/wp\/v2\/editoriales?post=16644"},{"taxonomy":"tienda","embeddable":true,"href":"https:\/\/wizardly-davinci.82-223-8-23.plesk.page\/en\/wp-json\/wp\/v2\/tienda?post=16644"},{"taxonomy":"autor_id","embeddable":true,"href":"https:\/\/wizardly-davinci.82-223-8-23.plesk.page\/en\/wp-json\/wp\/v2\/autor_id?post=16644"},{"taxonomy":"universidades_coeditoras","embeddable":true,"href":"https:\/\/wizardly-davinci.82-223-8-23.plesk.page\/en\/wp-json\/wp\/v2\/universidades_coeditoras?post=16644"},{"taxonomy":"palabras_clave","embeddable":true,"href":"https:\/\/wizardly-davinci.82-223-8-23.plesk.page\/en\/wp-json\/wp\/v2\/palabras_clave?post=16644"},{"taxonomy":"listado_alfabetico","embeddable":true,"href":"https:\/\/wizardly-davinci.82-223-8-23.plesk.page\/en\/wp-json\/wp\/v2\/listado_alfabetico?post=16644"}],"curies":[{"name":"wp","href":"https:\/\/api.w.org\/{rel}","templated":true}]}}