{"id":16652,"date":"2019-04-09T22:10:24","date_gmt":"2019-04-09T22:10:24","guid":{"rendered":"https:\/\/octaedro.com\/producto\/arteterapia\/"},"modified":"2023-04-20T10:09:12","modified_gmt":"2023-04-20T08:09:12","slug":"arteterapia","status":"publish","type":"product","link":"https:\/\/wizardly-davinci.82-223-8-23.plesk.page\/en\/producto\/arteterapia\/","title":{"rendered":"Arteterapia"},"content":{"rendered":"<p>El arteterapia es un acompa\u00f1amiento terap\u00e9utico de las personas con dificultades (psicol\u00f3gicas, f\u00edsicas y sociales), a trav\u00e9s de sus producciones art\u00edsticas (obras pl\u00e1sticas, sonoras, teatrales, literarias, danzadas, etc.). Este trabajo, que toma nuestras vulnerabilidades como material que permite al paciente recrearse a s\u00ed mismo, no consiste simplemente en curar medianamente el arte. En efecto, el arteterapia es menos un medio de expresi\u00f3n que una verdadera b\u00fasqueda durante la cual el terapeuta ayuda a la persona a realizar un recorrido simb\u00f3lico. Las intervenciones del arteterapia se extienden al campo social, y permiten tratar en especial el problema de la violencia contempor\u00e1nea.<\/p>\n","protected":false},"excerpt":{"rendered":"<p>El arteterapia es un acompa\u00f1amiento terap\u00e9utico de las personas con dificultades (psicol\u00f3gicas, f\u00edsicas y sociales), a trav\u00e9s de sus producciones art\u00edsticas (obras pl\u00e1sticas, sonoras, teatrales, literarias, danzadas, etc.). Este trabajo, que toma nuestras vulnerabilidades como material que permite al paciente recrearse a s\u00ed mismo, no consiste simplemente en curar medianamente el arte. En efecto, el arteterapia es menos un medio de expresi\u00f3n que una verdadera b\u00fasqueda durante la cual el terapeuta ayuda a la persona a realizar un recorrido simb\u00f3lico. Las intervenciones del arteterapia se extienden al campo social, y permiten tratar en especial el problema de la violencia contempor\u00e1nea.<\/p>\n","protected":false},"featured_media":16653,"comment_status":"open","ping_status":"closed","template":"","meta":{"_et_pb_use_builder":"","_et_pb_old_content":"","_et_gb_content_width":""},"product_cat":[1512,6675,9825],"product_tag":[2602],"edicion":[1083],"editoriales":[1160],"tienda":[],"autor_id":[5778],"universidades_coeditoras":[],"palabras_clave":[],"listado_alfabetico":[],"acf":[],"_links":{"self":[{"href":"https:\/\/wizardly-davinci.82-223-8-23.plesk.page\/en\/wp-json\/wp\/v2\/product\/16652"}],"collection":[{"href":"https:\/\/wizardly-davinci.82-223-8-23.plesk.page\/en\/wp-json\/wp\/v2\/product"}],"about":[{"href":"https:\/\/wizardly-davinci.82-223-8-23.plesk.page\/en\/wp-json\/wp\/v2\/types\/product"}],"replies":[{"embeddable":true,"href":"https:\/\/wizardly-davinci.82-223-8-23.plesk.page\/en\/wp-json\/wp\/v2\/comments?post=16652"}],"wp:featuredmedia":[{"embeddable":true,"href":"https:\/\/wizardly-davinci.82-223-8-23.plesk.page\/en\/wp-json\/wp\/v2\/media\/16653"}],"wp:attachment":[{"href":"https:\/\/wizardly-davinci.82-223-8-23.plesk.page\/en\/wp-json\/wp\/v2\/media?parent=16652"}],"wp:term":[{"taxonomy":"product_cat","embeddable":true,"href":"https:\/\/wizardly-davinci.82-223-8-23.plesk.page\/en\/wp-json\/wp\/v2\/product_cat?post=16652"},{"taxonomy":"product_tag","embeddable":true,"href":"https:\/\/wizardly-davinci.82-223-8-23.plesk.page\/en\/wp-json\/wp\/v2\/product_tag?post=16652"},{"taxonomy":"edicion","embeddable":true,"href":"https:\/\/wizardly-davinci.82-223-8-23.plesk.page\/en\/wp-json\/wp\/v2\/edicion?post=16652"},{"taxonomy":"editoriales","embeddable":true,"href":"https:\/\/wizardly-davinci.82-223-8-23.plesk.page\/en\/wp-json\/wp\/v2\/editoriales?post=16652"},{"taxonomy":"tienda","embeddable":true,"href":"https:\/\/wizardly-davinci.82-223-8-23.plesk.page\/en\/wp-json\/wp\/v2\/tienda?post=16652"},{"taxonomy":"autor_id","embeddable":true,"href":"https:\/\/wizardly-davinci.82-223-8-23.plesk.page\/en\/wp-json\/wp\/v2\/autor_id?post=16652"},{"taxonomy":"universidades_coeditoras","embeddable":true,"href":"https:\/\/wizardly-davinci.82-223-8-23.plesk.page\/en\/wp-json\/wp\/v2\/universidades_coeditoras?post=16652"},{"taxonomy":"palabras_clave","embeddable":true,"href":"https:\/\/wizardly-davinci.82-223-8-23.plesk.page\/en\/wp-json\/wp\/v2\/palabras_clave?post=16652"},{"taxonomy":"listado_alfabetico","embeddable":true,"href":"https:\/\/wizardly-davinci.82-223-8-23.plesk.page\/en\/wp-json\/wp\/v2\/listado_alfabetico?post=16652"}],"curies":[{"name":"wp","href":"https:\/\/api.w.org\/{rel}","templated":true}]}}