{"id":16654,"date":"2019-04-09T22:10:24","date_gmt":"2019-04-09T22:10:24","guid":{"rendered":"https:\/\/octaedro.com\/producto\/el-libro-de-las-lenguas\/"},"modified":"2023-04-20T10:09:18","modified_gmt":"2023-04-20T08:09:18","slug":"el-libro-de-las-lenguas","status":"publish","type":"product","link":"https:\/\/wizardly-davinci.82-223-8-23.plesk.page\/en\/producto\/el-libro-de-las-lenguas\/","title":{"rendered":"El libro de las lenguas"},"content":{"rendered":"<p>A lo largo de los a\u00f1os hemos ido recogiendo diversos aspectos de las lenguas del mundo, caracter\u00edsticas que nos ayudan a entender c\u00f3mo funcionan el lenguaje y las lenguas, desde las m\u00e1s cercanas hasta las m\u00e1s dispares. La recopilaci\u00f3n de estos datos es el fundamento de este libro. Hemos optado por una forma de aproximaci\u00f3n al conocimiento m\u00e1s parecida a un anecdotario que a un trabajo sistem\u00e1tico, pues no hemos pretendido hacer un estudio enciclop\u00e9dico sino ofrecer unas pinceladas de algunas lenguas con las que hemos tenido contacto, como destellos de ese todo que el lenguaje humano. Nuestro mayor deseo ser\u00eda que esos destellos alimentasen el deseo de conocerlas mejor, de tenerlas en cuenta en la investigaci\u00f3n, en la docencia y en la vida.<\/p>\n","protected":false},"excerpt":{"rendered":"<p>A lo largo de los a\u00f1os hemos ido recogiendo diversos aspectos de las lenguas del mundo, caracter\u00edsticas que nos ayudan a entender c\u00f3mo funcionan el lenguaje y las lenguas, desde las m\u00e1s cercanas hasta las m\u00e1s dispares. La recopilaci\u00f3n de estos datos es el fundamento de este libro. Hemos optado poruna forma de aproximaci\u00f3n al conocimiento m\u00e1s parecida aun anecdotario que a un trabajo sistem\u00e1tico, pues no hemos pretendido hacerun estudio enciclop\u00e9dico sino ofrecer unas pinceladas de algunas lenguas con las que hemos tenido contacto, como destellos de ese todo que el lenguaje humano. Nuestro mayor deseo ser\u00eda que esos destellos alimentasen el deseo de conocerlas mejor, de tenerlas en cuenta en la investigaci\u00f3n, en la docencia y en la vida.<\/p>\n","protected":false},"featured_media":16655,"comment_status":"open","ping_status":"closed","template":"","meta":{"_et_pb_use_builder":"","_et_pb_old_content":"","_et_gb_content_width":""},"product_cat":[1512,6675],"product_tag":[2602],"edicion":[1083],"editoriales":[1160],"tienda":[],"autor_id":[5757,6029],"universidades_coeditoras":[],"palabras_clave":[],"listado_alfabetico":[],"acf":[],"_links":{"self":[{"href":"https:\/\/wizardly-davinci.82-223-8-23.plesk.page\/en\/wp-json\/wp\/v2\/product\/16654"}],"collection":[{"href":"https:\/\/wizardly-davinci.82-223-8-23.plesk.page\/en\/wp-json\/wp\/v2\/product"}],"about":[{"href":"https:\/\/wizardly-davinci.82-223-8-23.plesk.page\/en\/wp-json\/wp\/v2\/types\/product"}],"replies":[{"embeddable":true,"href":"https:\/\/wizardly-davinci.82-223-8-23.plesk.page\/en\/wp-json\/wp\/v2\/comments?post=16654"}],"wp:featuredmedia":[{"embeddable":true,"href":"https:\/\/wizardly-davinci.82-223-8-23.plesk.page\/en\/wp-json\/wp\/v2\/media\/16655"}],"wp:attachment":[{"href":"https:\/\/wizardly-davinci.82-223-8-23.plesk.page\/en\/wp-json\/wp\/v2\/media?parent=16654"}],"wp:term":[{"taxonomy":"product_cat","embeddable":true,"href":"https:\/\/wizardly-davinci.82-223-8-23.plesk.page\/en\/wp-json\/wp\/v2\/product_cat?post=16654"},{"taxonomy":"product_tag","embeddable":true,"href":"https:\/\/wizardly-davinci.82-223-8-23.plesk.page\/en\/wp-json\/wp\/v2\/product_tag?post=16654"},{"taxonomy":"edicion","embeddable":true,"href":"https:\/\/wizardly-davinci.82-223-8-23.plesk.page\/en\/wp-json\/wp\/v2\/edicion?post=16654"},{"taxonomy":"editoriales","embeddable":true,"href":"https:\/\/wizardly-davinci.82-223-8-23.plesk.page\/en\/wp-json\/wp\/v2\/editoriales?post=16654"},{"taxonomy":"tienda","embeddable":true,"href":"https:\/\/wizardly-davinci.82-223-8-23.plesk.page\/en\/wp-json\/wp\/v2\/tienda?post=16654"},{"taxonomy":"autor_id","embeddable":true,"href":"https:\/\/wizardly-davinci.82-223-8-23.plesk.page\/en\/wp-json\/wp\/v2\/autor_id?post=16654"},{"taxonomy":"universidades_coeditoras","embeddable":true,"href":"https:\/\/wizardly-davinci.82-223-8-23.plesk.page\/en\/wp-json\/wp\/v2\/universidades_coeditoras?post=16654"},{"taxonomy":"palabras_clave","embeddable":true,"href":"https:\/\/wizardly-davinci.82-223-8-23.plesk.page\/en\/wp-json\/wp\/v2\/palabras_clave?post=16654"},{"taxonomy":"listado_alfabetico","embeddable":true,"href":"https:\/\/wizardly-davinci.82-223-8-23.plesk.page\/en\/wp-json\/wp\/v2\/listado_alfabetico?post=16654"}],"curies":[{"name":"wp","href":"https:\/\/api.w.org\/{rel}","templated":true}]}}