{"id":16660,"date":"2019-04-09T22:10:25","date_gmt":"2019-04-09T22:10:25","guid":{"rendered":"https:\/\/octaedro.com\/producto\/sugerencias-sugestivas-con-las-palabras\/"},"modified":"2023-04-20T10:10:31","modified_gmt":"2023-04-20T08:10:31","slug":"sugerencias-sugestivas-con-las-palabras","status":"publish","type":"product","link":"https:\/\/wizardly-davinci.82-223-8-23.plesk.page\/en\/producto\/sugerencias-sugestivas-con-las-palabras\/","title":{"rendered":"Sugerencias sugestivas con las palabras"},"content":{"rendered":"<p>Las palabras atraen, repelen, evocan, sugieren. Se dejan descomponer en letras que, a su vez, pueden recombinarse formando nuevas palabras. Sus sonidos pueden resonar en nuestros o\u00eddos con matices po\u00e9ticos inauditos, La maleabilidad de las palabras permite una infinidad de juegos que nos conducen, con mano segura y divertida, a las entra\u00f1as mismas de la lengua.<br \/>\nEsta obra nos acerca al lenguaje a trav\u00e9s de un sinf\u00edn de autores que se han divertido con las palabras, que las han forzado y retorcido, que con ellas han jugado. Nuestras sugerencias sugestivas son una invitaci\u00f3n al juego y a la diversi\u00f3n l\u00fadica con las palabras.<br \/>\n<object width=\"640\" height=\"390\"><param name=\"movie\" value=\"http:\/\/www.youtube-nocookie.com\/v\/yzi71058D5c?fs=1&amp;hl=es_ES&amp;rel=0\" \/><param name=\"allowFullScreen\" value=\"true\" \/><param name=\"allowscriptaccess\" value=\"always\" \/><embed src=\"http:\/\/www.youtube-nocookie.com\/v\/yzi71058D5c?fs=1&amp;hl=es_ES&amp;rel=0\" type=\"application\/x-shockwave-flash\" allowscriptaccess=\"always\" allowfullscreen=\"allowfullscreen\" width=\"640\" height=\"390\" \/><\/object><br \/>\nV\u00eddeo del d\u00eda de la presentaci\u00f3n.<\/p>\n","protected":false},"excerpt":{"rendered":"<p>Las palabras atraen, repelen, evocan, sugieren. Se dejan descomponer en letras que, a su vez, pueden recombinarse formando nuevas palabras. Sus sonidos pueden resonar en nuestros o\u00eddos con matices po\u00e9ticos inauditos, La maleabilidad de las palabras permite una infinidad de juegos que nos conducen, con mano segura y divertida, a las entra\u00f1as mismas de la lengua.<br \/>\nEsta obra nos acerca al lenguaje a trav\u00e9s de un sinf\u00edn de autores que se han divertido con las palabras, que las han forzado y retorcido, que con ellas han jugado. Nuestras sugerencias sugestivas son una invitaci\u00f3n al juego y a la diversi\u00f3n l\u00fadica con las palabras.<\/p>\n","protected":false},"featured_media":16661,"comment_status":"open","ping_status":"closed","template":"","meta":{"_et_pb_use_builder":"","_et_pb_old_content":"","_et_gb_content_width":""},"product_cat":[2606,1512,6675,6673,1503],"product_tag":[2604],"edicion":[1084,1083],"editoriales":[1160],"tienda":[],"autor_id":[5692],"universidades_coeditoras":[],"palabras_clave":[],"listado_alfabetico":[],"acf":[],"_links":{"self":[{"href":"https:\/\/wizardly-davinci.82-223-8-23.plesk.page\/en\/wp-json\/wp\/v2\/product\/16660"}],"collection":[{"href":"https:\/\/wizardly-davinci.82-223-8-23.plesk.page\/en\/wp-json\/wp\/v2\/product"}],"about":[{"href":"https:\/\/wizardly-davinci.82-223-8-23.plesk.page\/en\/wp-json\/wp\/v2\/types\/product"}],"replies":[{"embeddable":true,"href":"https:\/\/wizardly-davinci.82-223-8-23.plesk.page\/en\/wp-json\/wp\/v2\/comments?post=16660"}],"wp:featuredmedia":[{"embeddable":true,"href":"https:\/\/wizardly-davinci.82-223-8-23.plesk.page\/en\/wp-json\/wp\/v2\/media\/16661"}],"wp:attachment":[{"href":"https:\/\/wizardly-davinci.82-223-8-23.plesk.page\/en\/wp-json\/wp\/v2\/media?parent=16660"}],"wp:term":[{"taxonomy":"product_cat","embeddable":true,"href":"https:\/\/wizardly-davinci.82-223-8-23.plesk.page\/en\/wp-json\/wp\/v2\/product_cat?post=16660"},{"taxonomy":"product_tag","embeddable":true,"href":"https:\/\/wizardly-davinci.82-223-8-23.plesk.page\/en\/wp-json\/wp\/v2\/product_tag?post=16660"},{"taxonomy":"edicion","embeddable":true,"href":"https:\/\/wizardly-davinci.82-223-8-23.plesk.page\/en\/wp-json\/wp\/v2\/edicion?post=16660"},{"taxonomy":"editoriales","embeddable":true,"href":"https:\/\/wizardly-davinci.82-223-8-23.plesk.page\/en\/wp-json\/wp\/v2\/editoriales?post=16660"},{"taxonomy":"tienda","embeddable":true,"href":"https:\/\/wizardly-davinci.82-223-8-23.plesk.page\/en\/wp-json\/wp\/v2\/tienda?post=16660"},{"taxonomy":"autor_id","embeddable":true,"href":"https:\/\/wizardly-davinci.82-223-8-23.plesk.page\/en\/wp-json\/wp\/v2\/autor_id?post=16660"},{"taxonomy":"universidades_coeditoras","embeddable":true,"href":"https:\/\/wizardly-davinci.82-223-8-23.plesk.page\/en\/wp-json\/wp\/v2\/universidades_coeditoras?post=16660"},{"taxonomy":"palabras_clave","embeddable":true,"href":"https:\/\/wizardly-davinci.82-223-8-23.plesk.page\/en\/wp-json\/wp\/v2\/palabras_clave?post=16660"},{"taxonomy":"listado_alfabetico","embeddable":true,"href":"https:\/\/wizardly-davinci.82-223-8-23.plesk.page\/en\/wp-json\/wp\/v2\/listado_alfabetico?post=16660"}],"curies":[{"name":"wp","href":"https:\/\/api.w.org\/{rel}","templated":true}]}}