{"id":16662,"date":"2019-04-09T22:10:25","date_gmt":"2019-04-09T22:10:25","guid":{"rendered":"https:\/\/octaedro.com\/producto\/palabras-literarias\/"},"modified":"2023-04-20T10:10:38","modified_gmt":"2023-04-20T08:10:38","slug":"palabras-literarias","status":"publish","type":"product","link":"https:\/\/wizardly-davinci.82-223-8-23.plesk.page\/en\/producto\/palabras-literarias\/","title":{"rendered":"Palabras literarias"},"content":{"rendered":"<p>\u00ab[\u2026] Por eso es tan importante el sencillo acto de abrir este libro que tienes entre las manos. Porque son muchas las personas que empiezan as\u00ed: aproxim\u00e1ndose a la escritura con la ayuda de un libro, de unas explicaciones te\u00f3ricas, tan necesarias, del conocimiento de t\u00e9cnicas y recursos de escritura, de la pr\u00e1ctica de unos ejercicios que contribuyen a ir ejercitando la creatividad y el dominio de la palabra [\u2026].\u00bb<br \/>\n(Del pr\u00f3logo de \u00c1ngeles Lorenzo)<\/p>\n","protected":false},"excerpt":{"rendered":"<p>\u00ab[\u2026] Por eso es tan importante el sencillo acto de abrir este libro que tienes entre las manos. Porque son muchas las personas que empiezan as\u00ed: aproxim\u00e1ndose a la escritura con la ayuda de un libro, de unas explicaciones te\u00f3ricas, tan necesarias, del conocimiento de t\u00e9cnicas y recursos de escritura, de la pr\u00e1ctica de unos ejercicios que contribuyen a ir ejercitando la creatividad y el dominio de la palabra [\u2026].\u00bb<br \/>\n(Del pr\u00f3logo de \u00c1ngeles Lorenzo)<\/p>\n","protected":false},"featured_media":16663,"comment_status":"open","ping_status":"closed","template":"","meta":{"_et_pb_use_builder":"","_et_pb_old_content":"","_et_gb_content_width":""},"product_cat":[1512],"product_tag":[2602],"edicion":[1083],"editoriales":[1160],"tienda":[],"autor_id":[5636],"universidades_coeditoras":[],"palabras_clave":[],"listado_alfabetico":[],"acf":[],"_links":{"self":[{"href":"https:\/\/wizardly-davinci.82-223-8-23.plesk.page\/en\/wp-json\/wp\/v2\/product\/16662"}],"collection":[{"href":"https:\/\/wizardly-davinci.82-223-8-23.plesk.page\/en\/wp-json\/wp\/v2\/product"}],"about":[{"href":"https:\/\/wizardly-davinci.82-223-8-23.plesk.page\/en\/wp-json\/wp\/v2\/types\/product"}],"replies":[{"embeddable":true,"href":"https:\/\/wizardly-davinci.82-223-8-23.plesk.page\/en\/wp-json\/wp\/v2\/comments?post=16662"}],"wp:featuredmedia":[{"embeddable":true,"href":"https:\/\/wizardly-davinci.82-223-8-23.plesk.page\/en\/wp-json\/wp\/v2\/media\/16663"}],"wp:attachment":[{"href":"https:\/\/wizardly-davinci.82-223-8-23.plesk.page\/en\/wp-json\/wp\/v2\/media?parent=16662"}],"wp:term":[{"taxonomy":"product_cat","embeddable":true,"href":"https:\/\/wizardly-davinci.82-223-8-23.plesk.page\/en\/wp-json\/wp\/v2\/product_cat?post=16662"},{"taxonomy":"product_tag","embeddable":true,"href":"https:\/\/wizardly-davinci.82-223-8-23.plesk.page\/en\/wp-json\/wp\/v2\/product_tag?post=16662"},{"taxonomy":"edicion","embeddable":true,"href":"https:\/\/wizardly-davinci.82-223-8-23.plesk.page\/en\/wp-json\/wp\/v2\/edicion?post=16662"},{"taxonomy":"editoriales","embeddable":true,"href":"https:\/\/wizardly-davinci.82-223-8-23.plesk.page\/en\/wp-json\/wp\/v2\/editoriales?post=16662"},{"taxonomy":"tienda","embeddable":true,"href":"https:\/\/wizardly-davinci.82-223-8-23.plesk.page\/en\/wp-json\/wp\/v2\/tienda?post=16662"},{"taxonomy":"autor_id","embeddable":true,"href":"https:\/\/wizardly-davinci.82-223-8-23.plesk.page\/en\/wp-json\/wp\/v2\/autor_id?post=16662"},{"taxonomy":"universidades_coeditoras","embeddable":true,"href":"https:\/\/wizardly-davinci.82-223-8-23.plesk.page\/en\/wp-json\/wp\/v2\/universidades_coeditoras?post=16662"},{"taxonomy":"palabras_clave","embeddable":true,"href":"https:\/\/wizardly-davinci.82-223-8-23.plesk.page\/en\/wp-json\/wp\/v2\/palabras_clave?post=16662"},{"taxonomy":"listado_alfabetico","embeddable":true,"href":"https:\/\/wizardly-davinci.82-223-8-23.plesk.page\/en\/wp-json\/wp\/v2\/listado_alfabetico?post=16662"}],"curies":[{"name":"wp","href":"https:\/\/api.w.org\/{rel}","templated":true}]}}