{"id":16664,"date":"2019-04-09T22:10:26","date_gmt":"2019-04-09T22:10:26","guid":{"rendered":"https:\/\/octaedro.com\/producto\/educar-un-compromiso-con-la-memoria\/"},"modified":"2023-04-20T10:10:44","modified_gmt":"2023-04-20T08:10:44","slug":"educar-un-compromiso-con-la-memoria","status":"publish","type":"product","link":"https:\/\/wizardly-davinci.82-223-8-23.plesk.page\/en\/producto\/educar-un-compromiso-con-la-memoria\/","title":{"rendered":"Educar: un compromiso con la memoria"},"content":{"rendered":"<p>Muchas personas no quieren vivir en libertad. Prefieren no tomar decisiones y que otros decidan por ellas: sus padres, sus vecinos, los amigos&#8230;<br \/>\nPara vivir en libertad hay que educar la libertad.<br \/>\nEl mundo es confuso, est\u00e1 lleno de opciones, y los ni\u00f1os y los adolescentes tienen que tomar tantas decisiones que siempre existe el peligro de dimitir y dejar que su vida la elijan otros. Educar en la libertad comienza por hacer descubrir a los adolescentes que tienen una vida propia que tomar en sus manos, y contin\u00faa por ense\u00f1arles a deliberar, a pensar antes de tomar una decisi\u00f3n de la que, luego, se pueden arrepentir.<br \/>\nLos adultos no tenemos derecho a imponer a nuestros alumnos ni a nuestros hijos nuestras ideas, nuestras concepciones ni nuestros proyectos de vida; sin embargo, tenemos hacia ellos una responsabilidad educativa: la de iniciarlos en aquellos valores que sabemos que dan calidad a la vida humana y advertirles que determinados comportamientos nos degradan como personas. Y, para ello, debemos ser fieles a nuestra memoria. A aquellas experiencias claves en las que hemos descubierto una mejor forma de vivir y a aquellas otras que jam\u00e1s querr\u00edamos que se repitieran. Por eso, educar es un compromiso con la memoria.<\/p>\n","protected":false},"excerpt":{"rendered":"<p>Muchas personas no quieren vivir en libertad. Prefieren no tomar decisiones y que otros decidan por ellas: sus padres, sus vecinos, los amigos&#8230;<br \/>\nPara vivir en libertad hay que educar la libertad.<br \/>\nEl mundo es confuso, est\u00e1 lleno de opciones, y los ni\u00f1os y los adolescentes tienen que tomar tantas decisiones que siempre existe el peligro de dimitir y dejar que su vida la elijan otros. Educar en la libertad comienza por hacer descubrir a los adolescentes que tienen una vida propia que tomar en sus manos, y contin\u00faa por ense\u00f1arles a deliberar, a pensar antes de tomar una decisi\u00f3n de la que, luego, se pueden arrepentir.<br \/>\nLos adultos no tenemos derecho a imponer a nuestros alumnos ni a nuestros hijos nuestras ideas, nuestras concepciones ni nuestros proyectos de vida; sin embargo, tenemos hacia ellos una responsabilidad educativa: la de iniciarlos en aquellos valores que sabemos que dan calidad a la vida humana y advertirles que determinados comportamientos nos degradan como personas. Y, para ello, debemos ser fieles a nuestra memoria. A aquellas experiencias claves en las que hemos descubierto una mejor forma de vivir y a aquellas otras que jam\u00e1s querr\u00edamos que se repitieran. Por eso, educar es un compromiso con la memoria.<\/p>\n","protected":false},"featured_media":16665,"comment_status":"open","ping_status":"closed","template":"","meta":{"_et_pb_use_builder":"","_et_pb_old_content":"","_et_gb_content_width":""},"product_cat":[2606,1512,6675,6673],"product_tag":[2604],"edicion":[1084,1083],"editoriales":[1160],"tienda":[],"autor_id":[5443],"universidades_coeditoras":[],"palabras_clave":[],"listado_alfabetico":[],"acf":[],"_links":{"self":[{"href":"https:\/\/wizardly-davinci.82-223-8-23.plesk.page\/en\/wp-json\/wp\/v2\/product\/16664"}],"collection":[{"href":"https:\/\/wizardly-davinci.82-223-8-23.plesk.page\/en\/wp-json\/wp\/v2\/product"}],"about":[{"href":"https:\/\/wizardly-davinci.82-223-8-23.plesk.page\/en\/wp-json\/wp\/v2\/types\/product"}],"replies":[{"embeddable":true,"href":"https:\/\/wizardly-davinci.82-223-8-23.plesk.page\/en\/wp-json\/wp\/v2\/comments?post=16664"}],"wp:featuredmedia":[{"embeddable":true,"href":"https:\/\/wizardly-davinci.82-223-8-23.plesk.page\/en\/wp-json\/wp\/v2\/media\/16665"}],"wp:attachment":[{"href":"https:\/\/wizardly-davinci.82-223-8-23.plesk.page\/en\/wp-json\/wp\/v2\/media?parent=16664"}],"wp:term":[{"taxonomy":"product_cat","embeddable":true,"href":"https:\/\/wizardly-davinci.82-223-8-23.plesk.page\/en\/wp-json\/wp\/v2\/product_cat?post=16664"},{"taxonomy":"product_tag","embeddable":true,"href":"https:\/\/wizardly-davinci.82-223-8-23.plesk.page\/en\/wp-json\/wp\/v2\/product_tag?post=16664"},{"taxonomy":"edicion","embeddable":true,"href":"https:\/\/wizardly-davinci.82-223-8-23.plesk.page\/en\/wp-json\/wp\/v2\/edicion?post=16664"},{"taxonomy":"editoriales","embeddable":true,"href":"https:\/\/wizardly-davinci.82-223-8-23.plesk.page\/en\/wp-json\/wp\/v2\/editoriales?post=16664"},{"taxonomy":"tienda","embeddable":true,"href":"https:\/\/wizardly-davinci.82-223-8-23.plesk.page\/en\/wp-json\/wp\/v2\/tienda?post=16664"},{"taxonomy":"autor_id","embeddable":true,"href":"https:\/\/wizardly-davinci.82-223-8-23.plesk.page\/en\/wp-json\/wp\/v2\/autor_id?post=16664"},{"taxonomy":"universidades_coeditoras","embeddable":true,"href":"https:\/\/wizardly-davinci.82-223-8-23.plesk.page\/en\/wp-json\/wp\/v2\/universidades_coeditoras?post=16664"},{"taxonomy":"palabras_clave","embeddable":true,"href":"https:\/\/wizardly-davinci.82-223-8-23.plesk.page\/en\/wp-json\/wp\/v2\/palabras_clave?post=16664"},{"taxonomy":"listado_alfabetico","embeddable":true,"href":"https:\/\/wizardly-davinci.82-223-8-23.plesk.page\/en\/wp-json\/wp\/v2\/listado_alfabetico?post=16664"}],"curies":[{"name":"wp","href":"https:\/\/api.w.org\/{rel}","templated":true}]}}