{"id":16666,"date":"2019-04-09T22:10:26","date_gmt":"2019-04-09T22:10:26","guid":{"rendered":"https:\/\/octaedro.com\/producto\/diez-historias-de-mujeres-que-lograron-ser-asertivas\/"},"modified":"2023-04-20T10:10:51","modified_gmt":"2023-04-20T08:10:51","slug":"diez-historias-de-mujeres-que-lograron-ser-asertivas","status":"publish","type":"product","link":"https:\/\/wizardly-davinci.82-223-8-23.plesk.page\/en\/producto\/diez-historias-de-mujeres-que-lograron-ser-asertivas\/","title":{"rendered":"Diez historias de mujeres que lograron ser asertivas"},"content":{"rendered":"<p>El libro relata las vicisitudes por las que han ido pasando \u2013o van atravesando a\u00fan \u2013 diez mujeres que no han tenido una vida f\u00e1cil: alguna vez por falta de recursos econ\u00f3micos o culturales y otras debido a la educaci\u00f3n que les han dado o al ambiente en que se han movido.<br \/>\nNuestras protagonistas tienen un factor com\u00fan, que es la falta de autoestima. Son personas que se sienten como plantas que han crecido en macetas demasiado estrechas y con poca tierra, y que no han sido capaces de mostrarse asertivas en momentos cruciales de su vida. Por eso se sienten mal consigo mismas, con los dem\u00e1s y con su propia vida, y llegadas a un cierto punto, han tenido que reconocerlo y buscar una salida a su malestar.<br \/>\nEn mayor o menor grado, las hero\u00ednas de nuestras historias consiguen desprenderse de sus dependencias afectivas y emprender una nueva vida. Ahora se limitan a ser protagonistas: son tambi\u00e9n las guionistas, las productoras y las directoras de la pel\u00edcula de su vida.<\/p>\n","protected":false},"excerpt":{"rendered":"<p>El libro relata las vicisitudes por las que han ido pasando \u2013o van atravesando a\u00fan \u2013 diez mujeres que no han tenido una vida f\u00e1cil: alguna vez por falta de recursos econ\u00f3micos o culturales y otras debido a la educaci\u00f3n que les han dado o al ambiente en que se han movido.<br \/>\nNuestras protagonistas tienen un factor com\u00fan, que es la falta de autoestima. Son personas que se sienten como plantas que han crecido en macetas demasiado estrechas y con poca tierra, y que no han sido capaces de mostrarse asertivas en momentos cruciales de su vida. Por eso se sienten mal consigo mismas, con los dem\u00e1s y con su propia vida, y llegadas a un cierto punto, han tenido que reconocerlo y buscar una salida a su malestar.<br \/>\nEn mayor o menor grado, las hero\u00ednas de nuestras historias consiguen desprenderse de sus dependencias afectivas y emprender una nueva vida. Ahora se limitan a ser protagonistas: son tambi\u00e9n las guionistas, las productoras y las directoras de la pel\u00edcula de su vida.<\/p>\n","protected":false},"featured_media":16667,"comment_status":"open","ping_status":"closed","template":"","meta":{"_et_pb_use_builder":"","_et_pb_old_content":"","_et_gb_content_width":""},"product_cat":[1512,6675,9825],"product_tag":[2602],"edicion":[1083],"editoriales":[1160],"tienda":[],"autor_id":[5447],"universidades_coeditoras":[],"palabras_clave":[],"listado_alfabetico":[],"acf":[],"_links":{"self":[{"href":"https:\/\/wizardly-davinci.82-223-8-23.plesk.page\/en\/wp-json\/wp\/v2\/product\/16666"}],"collection":[{"href":"https:\/\/wizardly-davinci.82-223-8-23.plesk.page\/en\/wp-json\/wp\/v2\/product"}],"about":[{"href":"https:\/\/wizardly-davinci.82-223-8-23.plesk.page\/en\/wp-json\/wp\/v2\/types\/product"}],"replies":[{"embeddable":true,"href":"https:\/\/wizardly-davinci.82-223-8-23.plesk.page\/en\/wp-json\/wp\/v2\/comments?post=16666"}],"wp:featuredmedia":[{"embeddable":true,"href":"https:\/\/wizardly-davinci.82-223-8-23.plesk.page\/en\/wp-json\/wp\/v2\/media\/16667"}],"wp:attachment":[{"href":"https:\/\/wizardly-davinci.82-223-8-23.plesk.page\/en\/wp-json\/wp\/v2\/media?parent=16666"}],"wp:term":[{"taxonomy":"product_cat","embeddable":true,"href":"https:\/\/wizardly-davinci.82-223-8-23.plesk.page\/en\/wp-json\/wp\/v2\/product_cat?post=16666"},{"taxonomy":"product_tag","embeddable":true,"href":"https:\/\/wizardly-davinci.82-223-8-23.plesk.page\/en\/wp-json\/wp\/v2\/product_tag?post=16666"},{"taxonomy":"edicion","embeddable":true,"href":"https:\/\/wizardly-davinci.82-223-8-23.plesk.page\/en\/wp-json\/wp\/v2\/edicion?post=16666"},{"taxonomy":"editoriales","embeddable":true,"href":"https:\/\/wizardly-davinci.82-223-8-23.plesk.page\/en\/wp-json\/wp\/v2\/editoriales?post=16666"},{"taxonomy":"tienda","embeddable":true,"href":"https:\/\/wizardly-davinci.82-223-8-23.plesk.page\/en\/wp-json\/wp\/v2\/tienda?post=16666"},{"taxonomy":"autor_id","embeddable":true,"href":"https:\/\/wizardly-davinci.82-223-8-23.plesk.page\/en\/wp-json\/wp\/v2\/autor_id?post=16666"},{"taxonomy":"universidades_coeditoras","embeddable":true,"href":"https:\/\/wizardly-davinci.82-223-8-23.plesk.page\/en\/wp-json\/wp\/v2\/universidades_coeditoras?post=16666"},{"taxonomy":"palabras_clave","embeddable":true,"href":"https:\/\/wizardly-davinci.82-223-8-23.plesk.page\/en\/wp-json\/wp\/v2\/palabras_clave?post=16666"},{"taxonomy":"listado_alfabetico","embeddable":true,"href":"https:\/\/wizardly-davinci.82-223-8-23.plesk.page\/en\/wp-json\/wp\/v2\/listado_alfabetico?post=16666"}],"curies":[{"name":"wp","href":"https:\/\/api.w.org\/{rel}","templated":true}]}}