{"id":16668,"date":"2019-04-09T22:10:27","date_gmt":"2019-04-09T22:10:27","guid":{"rendered":"https:\/\/octaedro.com\/producto\/los-prejuicios-linguisticos\/"},"modified":"2023-04-20T10:10:57","modified_gmt":"2023-04-20T08:10:57","slug":"los-prejuicios-linguisticos","status":"publish","type":"product","link":"https:\/\/wizardly-davinci.82-223-8-23.plesk.page\/en\/producto\/los-prejuicios-linguisticos\/","title":{"rendered":"Los prejuicios ling\u00fc\u00edsticos"},"content":{"rendered":"<p>El respeto por la naturaleza, por la conservaci\u00f3n de las especies animales y vegetales, es una inquietud creciente en nuestros d\u00edas. Y es, sin duda alguna, totalmente loable.<br \/>\nSin embargo, no parece que existan actitudes y sentimientos paralelos hacia las lenguas y, de hecho, seg\u00fan las estimaciones de algunos ling\u00fcistas, en los pr\u00f3ximos dos o tres decenios podr\u00edan llegar a extinguirse en nuestro planeta varios centenares de ellas.<br \/>\nLa desaparici\u00f3n forzada de una lengua es, principalmente, un suplicio para quienes la sufren; pero tambi\u00e9n representa una inmensa p\u00e9rdida cultural en la medida en que toda lengua contiene las huellas de una particular visi\u00f3n del mundo.<br \/>\n<em>Los prejuicios ling\u00fc\u00edsticos<\/em> es un alegato a favor de la diversidad, y pretende convertirse en una obra educativa en el marco del respeto y estima que deber\u00eda presidir toda relaci\u00f3n humana.<\/p>\n","protected":false},"excerpt":{"rendered":"<p>El respeto por la naturaleza, por la conservaci\u00f3n de las especies animales y vegetales, es una inquietud creciente en nuestros d\u00edas. Y es, sin duda alguna, totalmente loable.<br \/>\nSin embargo, no parece que existan actitudes y sentimientos paralelos hacia las lenguas y, de hecho, seg\u00fan las estimaciones de algunos ling\u00fcistas, en los pr\u00f3ximos dos o tres decenios podr\u00edan llegar a extinguirse en nuestro planeta varios centenares de ellas.<br \/>\nLa desaparici\u00f3n forzada de una lengua es, principalmente, un suplicio para quienes la sufren; pero tambi\u00e9n representa una inmensa p\u00e9rdida cultural en la medida en que toda lengua contiene las huellas de una particular visi\u00f3n del mundo.<br \/>\n<em>Los prejuicios ling\u00fc\u00edsticos<\/em> es un alegato a favor de la diversidad, y pretende convertirse en una obra educativa en el marco del respeto y estima que deber\u00eda presidir toda relaci\u00f3n humana.<\/p>\n","protected":false},"featured_media":16669,"comment_status":"open","ping_status":"closed","template":"","meta":{"_et_pb_use_builder":"","_et_pb_old_content":"","_et_gb_content_width":""},"product_cat":[1512],"product_tag":[2602],"edicion":[],"editoriales":[1160],"tienda":[],"autor_id":[6530],"universidades_coeditoras":[],"palabras_clave":[],"listado_alfabetico":[],"acf":[],"_links":{"self":[{"href":"https:\/\/wizardly-davinci.82-223-8-23.plesk.page\/en\/wp-json\/wp\/v2\/product\/16668"}],"collection":[{"href":"https:\/\/wizardly-davinci.82-223-8-23.plesk.page\/en\/wp-json\/wp\/v2\/product"}],"about":[{"href":"https:\/\/wizardly-davinci.82-223-8-23.plesk.page\/en\/wp-json\/wp\/v2\/types\/product"}],"replies":[{"embeddable":true,"href":"https:\/\/wizardly-davinci.82-223-8-23.plesk.page\/en\/wp-json\/wp\/v2\/comments?post=16668"}],"wp:featuredmedia":[{"embeddable":true,"href":"https:\/\/wizardly-davinci.82-223-8-23.plesk.page\/en\/wp-json\/wp\/v2\/media\/16669"}],"wp:attachment":[{"href":"https:\/\/wizardly-davinci.82-223-8-23.plesk.page\/en\/wp-json\/wp\/v2\/media?parent=16668"}],"wp:term":[{"taxonomy":"product_cat","embeddable":true,"href":"https:\/\/wizardly-davinci.82-223-8-23.plesk.page\/en\/wp-json\/wp\/v2\/product_cat?post=16668"},{"taxonomy":"product_tag","embeddable":true,"href":"https:\/\/wizardly-davinci.82-223-8-23.plesk.page\/en\/wp-json\/wp\/v2\/product_tag?post=16668"},{"taxonomy":"edicion","embeddable":true,"href":"https:\/\/wizardly-davinci.82-223-8-23.plesk.page\/en\/wp-json\/wp\/v2\/edicion?post=16668"},{"taxonomy":"editoriales","embeddable":true,"href":"https:\/\/wizardly-davinci.82-223-8-23.plesk.page\/en\/wp-json\/wp\/v2\/editoriales?post=16668"},{"taxonomy":"tienda","embeddable":true,"href":"https:\/\/wizardly-davinci.82-223-8-23.plesk.page\/en\/wp-json\/wp\/v2\/tienda?post=16668"},{"taxonomy":"autor_id","embeddable":true,"href":"https:\/\/wizardly-davinci.82-223-8-23.plesk.page\/en\/wp-json\/wp\/v2\/autor_id?post=16668"},{"taxonomy":"universidades_coeditoras","embeddable":true,"href":"https:\/\/wizardly-davinci.82-223-8-23.plesk.page\/en\/wp-json\/wp\/v2\/universidades_coeditoras?post=16668"},{"taxonomy":"palabras_clave","embeddable":true,"href":"https:\/\/wizardly-davinci.82-223-8-23.plesk.page\/en\/wp-json\/wp\/v2\/palabras_clave?post=16668"},{"taxonomy":"listado_alfabetico","embeddable":true,"href":"https:\/\/wizardly-davinci.82-223-8-23.plesk.page\/en\/wp-json\/wp\/v2\/listado_alfabetico?post=16668"}],"curies":[{"name":"wp","href":"https:\/\/api.w.org\/{rel}","templated":true}]}}