{"id":16670,"date":"2019-04-09T22:10:27","date_gmt":"2019-04-09T22:10:27","guid":{"rendered":"https:\/\/octaedro.com\/producto\/frases-en-el-muro\/"},"modified":"2023-04-20T10:11:04","modified_gmt":"2023-04-20T08:11:04","slug":"frases-en-el-muro","status":"publish","type":"product","link":"https:\/\/wizardly-davinci.82-223-8-23.plesk.page\/en\/producto\/frases-en-el-muro\/","title":{"rendered":"Frases en el muro"},"content":{"rendered":"<p><em>Ricardo Guadalupe no explica aqu\u00ed abstractamente la vida ni nos exhorta \u00fanicamente a vivirla, sino que transforma su carne en verbo y nos la ofrece en forma de intuiciones que hallan su expresi\u00f3n bajo el artificio del alfabeto.<\/em><br \/>\n(Del pr\u00f3logo de \u00d3scar S\u00e1nchez)<br \/>\n<em>Tienes derecho, lo s\u00e9, me lo han confiado, de apropiarte, ajustarte a tu gusto, a tu voluntad, todas y cada una de las im\u00e1genes e intuiciones que aqu\u00ed aparecen. Y ahora, tal vez sea el momento de cerrar los ojos y empezar a leer de otra forma; o m\u00e1s bien, de abrirlos y empezar a pensar de otro modo.<\/em><br \/>\n(Del pr\u00f3logo de Fidel Tom\u00e1s)<\/p>\n","protected":false},"excerpt":{"rendered":"<p><em>Ricardo Guadalupe no explica aqu\u00ed abstractamente la vida ni nos exhorta \u00fanicamente a vivirla, sino que transforma su carne en verbo y nos la ofrece en forma de intuiciones que hallan su expresi\u00f3n bajo el artificio del alfabeto.<\/em><br \/>\n(Del pr\u00f3logo de \u00d3scar S\u00e1nchez)<br \/>\n<em>Tienes derecho, lo s\u00e9, me lo han confiado, de apropiarte, ajustarte a tu gusto, a tu voluntad, todas y cada una de las im\u00e1genes e intuiciones que aqu\u00ed aparecen. Y ahora, tal vez sea el momento de cerrar los ojos y empezar a leer de otra forma; o m\u00e1s bien, de abrirlos y empezar a pensar de otro modo.<\/em><br \/>\n(Del pr\u00f3logo de Fidel Tom\u00e1s)<\/p>\n","protected":false},"featured_media":16671,"comment_status":"open","ping_status":"closed","template":"","meta":{"_et_pb_use_builder":"","_et_pb_old_content":"","_et_gb_content_width":""},"product_cat":[2606,1512,6675,6673],"product_tag":[2604],"edicion":[1084,1083],"editoriales":[1160],"tienda":[],"autor_id":[5636],"universidades_coeditoras":[],"palabras_clave":[],"listado_alfabetico":[],"acf":[],"_links":{"self":[{"href":"https:\/\/wizardly-davinci.82-223-8-23.plesk.page\/en\/wp-json\/wp\/v2\/product\/16670"}],"collection":[{"href":"https:\/\/wizardly-davinci.82-223-8-23.plesk.page\/en\/wp-json\/wp\/v2\/product"}],"about":[{"href":"https:\/\/wizardly-davinci.82-223-8-23.plesk.page\/en\/wp-json\/wp\/v2\/types\/product"}],"replies":[{"embeddable":true,"href":"https:\/\/wizardly-davinci.82-223-8-23.plesk.page\/en\/wp-json\/wp\/v2\/comments?post=16670"}],"wp:featuredmedia":[{"embeddable":true,"href":"https:\/\/wizardly-davinci.82-223-8-23.plesk.page\/en\/wp-json\/wp\/v2\/media\/16671"}],"wp:attachment":[{"href":"https:\/\/wizardly-davinci.82-223-8-23.plesk.page\/en\/wp-json\/wp\/v2\/media?parent=16670"}],"wp:term":[{"taxonomy":"product_cat","embeddable":true,"href":"https:\/\/wizardly-davinci.82-223-8-23.plesk.page\/en\/wp-json\/wp\/v2\/product_cat?post=16670"},{"taxonomy":"product_tag","embeddable":true,"href":"https:\/\/wizardly-davinci.82-223-8-23.plesk.page\/en\/wp-json\/wp\/v2\/product_tag?post=16670"},{"taxonomy":"edicion","embeddable":true,"href":"https:\/\/wizardly-davinci.82-223-8-23.plesk.page\/en\/wp-json\/wp\/v2\/edicion?post=16670"},{"taxonomy":"editoriales","embeddable":true,"href":"https:\/\/wizardly-davinci.82-223-8-23.plesk.page\/en\/wp-json\/wp\/v2\/editoriales?post=16670"},{"taxonomy":"tienda","embeddable":true,"href":"https:\/\/wizardly-davinci.82-223-8-23.plesk.page\/en\/wp-json\/wp\/v2\/tienda?post=16670"},{"taxonomy":"autor_id","embeddable":true,"href":"https:\/\/wizardly-davinci.82-223-8-23.plesk.page\/en\/wp-json\/wp\/v2\/autor_id?post=16670"},{"taxonomy":"universidades_coeditoras","embeddable":true,"href":"https:\/\/wizardly-davinci.82-223-8-23.plesk.page\/en\/wp-json\/wp\/v2\/universidades_coeditoras?post=16670"},{"taxonomy":"palabras_clave","embeddable":true,"href":"https:\/\/wizardly-davinci.82-223-8-23.plesk.page\/en\/wp-json\/wp\/v2\/palabras_clave?post=16670"},{"taxonomy":"listado_alfabetico","embeddable":true,"href":"https:\/\/wizardly-davinci.82-223-8-23.plesk.page\/en\/wp-json\/wp\/v2\/listado_alfabetico?post=16670"}],"curies":[{"name":"wp","href":"https:\/\/api.w.org\/{rel}","templated":true}]}}