{"id":16672,"date":"2019-04-09T22:10:27","date_gmt":"2019-04-09T22:10:27","guid":{"rendered":"https:\/\/octaedro.com\/producto\/40-juegos-para-la-expresion-corporal\/"},"modified":"2023-04-20T10:11:12","modified_gmt":"2023-04-20T08:11:12","slug":"40-juegos-para-la-expresion-corporal","status":"publish","type":"product","link":"https:\/\/wizardly-davinci.82-223-8-23.plesk.page\/en\/producto\/40-juegos-para-la-expresion-corporal\/","title":{"rendered":"40 juegos para la expresi\u00f3n corporal"},"content":{"rendered":"<p>La expresi\u00f3n corporal para ni\u00f1os evoca actividades como correr, saltar, bailar, jugar con la cara y el cuerpo para lograr expresarse, para decir algo en lenguaje distinto al de las palabras. De hecho, la expresi\u00f3n a trav\u00e9s del movimiento utiliza activamente las funciones motrices, cognitivas y afectivas del ni\u00f1o, as\u00ed como su potencial creativo. \u00c9sta constituye asimismo un factor importante de construcci\u00f3n y de estructuraci\u00f3n de la personalidad. Lugar de intercambios y de comunicaci\u00f3n, la expresi\u00f3n corporal se sit\u00faa en el eje de diferentes t\u00e9cnicas: danza, expresi\u00f3n dram\u00e1tica, teatro, relajaci\u00f3n&#8230;Las situaciones presentadas en este libro por <span class=\"destacat\">Anne-Marie Venner<\/span>, profesora de educaci\u00f3n f\u00edsica en la \u00c9cole Normale de Metz de Francia, se valen alternativamente de uno u otro de estos campos de expresi\u00f3n, ofreciendo as\u00ed a los profesores un ampl\u00edsimo abanico de m\u00e9todos y actividades para los diferentes niveles en la escuela. Experimentados con satisfacci\u00f3n, estos 40 juegos proponen en efecto aproximaciones m\u00faltiples del movimiento, del tacto, del sentir, de la mirada&#8230; incitados y educados por la escenificaci\u00f3n de temas variados, desarrollados por los mismos ni\u00f1os en un marco espacial y temporal definido por el maestro. A veces actores y otros espectadores, los alumnos descubrir\u00e1n que se les est\u00e1 ofreciendo el valioso poder de comunicarse en un lenguaje l\u00fadico, expresivo y liberador del cuerpo.<\/p>\n","protected":false},"excerpt":{"rendered":"<p>La expresi\u00f3n corporal para ni\u00f1os evoca actividades como correr, saltar, bailar, jugar con la cara y el cuerpo para lograr expresarse, para decir algo en lenguaje distinto al de las palabras. De hecho, la expresi\u00f3n a trav\u00e9s del movimiento utiliza activamente las funciones motrices, cognitivas y afectivas del ni\u00f1o, as\u00ed como su potencial creativo. \u00c9sta constituye asimismo un factor importante de construcci\u00f3n y de estructuraci\u00f3n de la personalidad. Lugar de intercambios y de comunicaci\u00f3n, la expresi\u00f3n corporal se sit\u00faa en el eje de diferentes t\u00e9cnicas: danza, expresi\u00f3n dram\u00e1tica, teatro, relajaci\u00f3n&#8230;Las situaciones presentadas en este libro por <span class=\"destacat\">Anne-Marie Venner<\/span>, profesora de educaci\u00f3n f\u00edsica en la \u00c9cole Normale de Metz de Francia, se valen alternativamente de uno u otro de estos campos de expresi\u00f3n, ofreciendo as\u00ed a los profesores un ampl\u00edsimo abanico de m\u00e9todos y actividades para los diferentes niveles en la escuela. Experimentados con satisfacci\u00f3n, estos 40 juegos proponen en efecto aproximaciones m\u00faltiples del movimiento, del tacto, del sentir, de la mirada&#8230; incitados y educados por la escenificaci\u00f3n de temas variados, desarrollados por los mismos ni\u00f1os en un marco espacial y temporal definido por el maestro. A veces actores y otros espectadores, los alumnos descubrir\u00e1n que se les est\u00e1 ofreciendo el valioso poder de comunicarse en un lenguaje l\u00fadico, expresivo y liberador del cuerpo.<\/p>\n","protected":false},"featured_media":16673,"comment_status":"open","ping_status":"closed","template":"","meta":{"_et_pb_use_builder":"","_et_pb_old_content":"","_et_gb_content_width":""},"product_cat":[1512,6675],"product_tag":[2602],"edicion":[1083],"editoriales":[1160],"tienda":[],"autor_id":[6563],"universidades_coeditoras":[],"palabras_clave":[],"listado_alfabetico":[],"acf":[],"_links":{"self":[{"href":"https:\/\/wizardly-davinci.82-223-8-23.plesk.page\/en\/wp-json\/wp\/v2\/product\/16672"}],"collection":[{"href":"https:\/\/wizardly-davinci.82-223-8-23.plesk.page\/en\/wp-json\/wp\/v2\/product"}],"about":[{"href":"https:\/\/wizardly-davinci.82-223-8-23.plesk.page\/en\/wp-json\/wp\/v2\/types\/product"}],"replies":[{"embeddable":true,"href":"https:\/\/wizardly-davinci.82-223-8-23.plesk.page\/en\/wp-json\/wp\/v2\/comments?post=16672"}],"wp:featuredmedia":[{"embeddable":true,"href":"https:\/\/wizardly-davinci.82-223-8-23.plesk.page\/en\/wp-json\/wp\/v2\/media\/16673"}],"wp:attachment":[{"href":"https:\/\/wizardly-davinci.82-223-8-23.plesk.page\/en\/wp-json\/wp\/v2\/media?parent=16672"}],"wp:term":[{"taxonomy":"product_cat","embeddable":true,"href":"https:\/\/wizardly-davinci.82-223-8-23.plesk.page\/en\/wp-json\/wp\/v2\/product_cat?post=16672"},{"taxonomy":"product_tag","embeddable":true,"href":"https:\/\/wizardly-davinci.82-223-8-23.plesk.page\/en\/wp-json\/wp\/v2\/product_tag?post=16672"},{"taxonomy":"edicion","embeddable":true,"href":"https:\/\/wizardly-davinci.82-223-8-23.plesk.page\/en\/wp-json\/wp\/v2\/edicion?post=16672"},{"taxonomy":"editoriales","embeddable":true,"href":"https:\/\/wizardly-davinci.82-223-8-23.plesk.page\/en\/wp-json\/wp\/v2\/editoriales?post=16672"},{"taxonomy":"tienda","embeddable":true,"href":"https:\/\/wizardly-davinci.82-223-8-23.plesk.page\/en\/wp-json\/wp\/v2\/tienda?post=16672"},{"taxonomy":"autor_id","embeddable":true,"href":"https:\/\/wizardly-davinci.82-223-8-23.plesk.page\/en\/wp-json\/wp\/v2\/autor_id?post=16672"},{"taxonomy":"universidades_coeditoras","embeddable":true,"href":"https:\/\/wizardly-davinci.82-223-8-23.plesk.page\/en\/wp-json\/wp\/v2\/universidades_coeditoras?post=16672"},{"taxonomy":"palabras_clave","embeddable":true,"href":"https:\/\/wizardly-davinci.82-223-8-23.plesk.page\/en\/wp-json\/wp\/v2\/palabras_clave?post=16672"},{"taxonomy":"listado_alfabetico","embeddable":true,"href":"https:\/\/wizardly-davinci.82-223-8-23.plesk.page\/en\/wp-json\/wp\/v2\/listado_alfabetico?post=16672"}],"curies":[{"name":"wp","href":"https:\/\/api.w.org\/{rel}","templated":true}]}}