{"id":16674,"date":"2019-04-09T22:10:27","date_gmt":"2019-04-09T22:10:27","guid":{"rendered":"https:\/\/octaedro.com\/producto\/juegos-de-relajacion\/"},"modified":"2023-04-20T10:11:19","modified_gmt":"2023-04-20T08:11:19","slug":"juegos-de-relajacion","status":"publish","type":"product","link":"https:\/\/wizardly-davinci.82-223-8-23.plesk.page\/en\/producto\/juegos-de-relajacion\/","title":{"rendered":"Juegos de relajaci\u00f3n"},"content":{"rendered":"<p>Este libro propone juegos de relajaci\u00f3n divertidos y eficaces. En cada uno se ofrecen consejos para la planificaci\u00f3n de las actividades, consignas claras e ilustradas para cada juego, trucos y t\u00e9cnicas de base&#8230; No se ha olvidado nada.<br \/>\nMediante estos juegos podr\u00e9is ense\u00f1ar a los ni\u00f1os -y sobre todo, hacerles sentir- los efectos ben\u00e9ficos de la relajaci\u00f3n: facilidad de concentraci\u00f3n, sentimiento de seguridad, confianza y alegr\u00eda de vivir, principalmente. Ense\u00f1\u00e1ndoles a relajarse, les inculc\u00e1is unas sanas costumbres vitales.<br \/>\nBasada en el m\u00e9todo Rejoue, esta obra va dirigida a familias, pero tambi\u00e9n al personal del mundo de la ense\u00f1anza, las guarder\u00edas, los animadores, y en general a cualquier persona que est\u00e9 en contacto con ni\u00f1os de entre 5 y 12 a\u00f1os.<\/p>\n","protected":false},"excerpt":{"rendered":"<p>Este libro propone juegos de relajaci\u00f3n divertidos y eficaces. En cada uno se ofrecen consejos para la planificaci\u00f3n de las actividades, consignas claras e ilustradas para cada juego, trucos y t\u00e9cnicas de base&#8230; No se ha olvidado nada.<br \/>\nMediante estos juegos podr\u00e9is ense\u00f1ar a los ni\u00f1os -y sobre todo, hacerles sentir- los efectos ben\u00e9ficos de la relajaci\u00f3n: facilidad de concentraci\u00f3n, sentimiento de seguridad, confianza y alegr\u00eda de vivir, principalmente. Ense\u00f1\u00e1ndoles a relajarse, les inculc\u00e1is unas sanas costumbres vitales.<br \/>\nBasada en el m\u00e9todo Rejoue, esta obra va dirigida a familias, pero tambi\u00e9n al personal del mundo de la ense\u00f1anza, las guarder\u00edas, los animadores, y en general a cualquier persona que est\u00e9 en contacto con ni\u00f1os de entre 5 y 12 a\u00f1os.<\/p>\n","protected":false},"featured_media":16675,"comment_status":"open","ping_status":"closed","template":"","meta":{"_et_pb_use_builder":"","_et_pb_old_content":"","_et_gb_content_width":""},"product_cat":[1512,6675],"product_tag":[2602],"edicion":[1083],"editoriales":[1160],"tienda":[],"autor_id":[6040],"universidades_coeditoras":[],"palabras_clave":[],"listado_alfabetico":[],"acf":[],"_links":{"self":[{"href":"https:\/\/wizardly-davinci.82-223-8-23.plesk.page\/en\/wp-json\/wp\/v2\/product\/16674"}],"collection":[{"href":"https:\/\/wizardly-davinci.82-223-8-23.plesk.page\/en\/wp-json\/wp\/v2\/product"}],"about":[{"href":"https:\/\/wizardly-davinci.82-223-8-23.plesk.page\/en\/wp-json\/wp\/v2\/types\/product"}],"replies":[{"embeddable":true,"href":"https:\/\/wizardly-davinci.82-223-8-23.plesk.page\/en\/wp-json\/wp\/v2\/comments?post=16674"}],"wp:featuredmedia":[{"embeddable":true,"href":"https:\/\/wizardly-davinci.82-223-8-23.plesk.page\/en\/wp-json\/wp\/v2\/media\/16675"}],"wp:attachment":[{"href":"https:\/\/wizardly-davinci.82-223-8-23.plesk.page\/en\/wp-json\/wp\/v2\/media?parent=16674"}],"wp:term":[{"taxonomy":"product_cat","embeddable":true,"href":"https:\/\/wizardly-davinci.82-223-8-23.plesk.page\/en\/wp-json\/wp\/v2\/product_cat?post=16674"},{"taxonomy":"product_tag","embeddable":true,"href":"https:\/\/wizardly-davinci.82-223-8-23.plesk.page\/en\/wp-json\/wp\/v2\/product_tag?post=16674"},{"taxonomy":"edicion","embeddable":true,"href":"https:\/\/wizardly-davinci.82-223-8-23.plesk.page\/en\/wp-json\/wp\/v2\/edicion?post=16674"},{"taxonomy":"editoriales","embeddable":true,"href":"https:\/\/wizardly-davinci.82-223-8-23.plesk.page\/en\/wp-json\/wp\/v2\/editoriales?post=16674"},{"taxonomy":"tienda","embeddable":true,"href":"https:\/\/wizardly-davinci.82-223-8-23.plesk.page\/en\/wp-json\/wp\/v2\/tienda?post=16674"},{"taxonomy":"autor_id","embeddable":true,"href":"https:\/\/wizardly-davinci.82-223-8-23.plesk.page\/en\/wp-json\/wp\/v2\/autor_id?post=16674"},{"taxonomy":"universidades_coeditoras","embeddable":true,"href":"https:\/\/wizardly-davinci.82-223-8-23.plesk.page\/en\/wp-json\/wp\/v2\/universidades_coeditoras?post=16674"},{"taxonomy":"palabras_clave","embeddable":true,"href":"https:\/\/wizardly-davinci.82-223-8-23.plesk.page\/en\/wp-json\/wp\/v2\/palabras_clave?post=16674"},{"taxonomy":"listado_alfabetico","embeddable":true,"href":"https:\/\/wizardly-davinci.82-223-8-23.plesk.page\/en\/wp-json\/wp\/v2\/listado_alfabetico?post=16674"}],"curies":[{"name":"wp","href":"https:\/\/api.w.org\/{rel}","templated":true}]}}