{"id":16678,"date":"2019-04-09T22:10:28","date_gmt":"2019-04-09T22:10:28","guid":{"rendered":"https:\/\/octaedro.com\/producto\/relaciones-pedagogicas-en-torno-a-la-cultura-visual-de-los-jovenes\/"},"modified":"2023-04-20T10:11:31","modified_gmt":"2023-04-20T08:11:31","slug":"relaciones-pedagogicas-en-torno-a-la-cultura-visual-de-los-jovenes","status":"publish","type":"product","link":"https:\/\/wizardly-davinci.82-223-8-23.plesk.page\/en\/producto\/relaciones-pedagogicas-en-torno-a-la-cultura-visual-de-los-jovenes\/","title":{"rendered":"Relaciones pedag\u00f3gicas en torno a la cultura visual de los j\u00f3venes"},"content":{"rendered":"<p>Este libro puede interesar a quienes no viven instalados en la queja, pues encontrar\u00e1n motivos para seguir reivindicando la escuela p\u00fablica desde la pasi\u00f3n y el compromiso; a quienes gustan de las historias bien contadas y mejor escritas; a los que valoran la indagaci\u00f3n sobre la experiencia docente como una fuente de saber pedag\u00f3gico; a los que se han conformado, resignado e instalado en el fatalismo de que nada puede cambiar, pues encontrar\u00e1n aqu\u00ed motivos para la esperanza; a los que solo creen en las normas y consideran que la aplicaci\u00f3n de f\u00f3rmulas precocinadas solucionar\u00e1n los problemas de la educaci\u00f3n, porque ver\u00e1n lo que sucede en el aula y en la escuela desde otra mirada; a los formadores que se repiten en su manera de ense\u00f1ar a\u00f1o tras a\u00f1o; a los que se reinventan en cada encuentro con los estudiantes; a los que se aburren con el quehacer diario en la escuela; a los que siempre encuentran resquicios para que se desate la imaginaci\u00f3n pedag\u00f3gica. A todos ellos y a quienes consideran que ser educador es una aventura que merece ser vivida y compartida va dirigido este libro. Seguro que encontrar\u00e1n motivos, se\u00f1ales y aportaciones que les ayudar\u00e1n a seguir con entusiasmo en estos tiempos extra\u00f1os que vivimos.<\/p>\n<p>(Del Pr\u00f3logo de Fernando Hern\u00e1ndez)<\/p>\n","protected":false},"excerpt":{"rendered":"<p>Este libro puede interesar a quienes no viven instalados en la queja, pues encontrar\u00e1n motivos para seguir reivindicando la escuela p\u00fablica desde la pasi\u00f3n y el compromiso; a quienes gustan de las historias bien contadas y mejor escritas; a los que valoran la indagaci\u00f3n sobre la experiencia docente como una fuente de saber pedag\u00f3gico; a los que se han conformado, resignado e instalado en el fatalismo de que nada puede cambiar, pues encontrar\u00e1n aqu\u00ed motivos para la esperanza; a los que solo creen en las normas y consideran que la aplicaci\u00f3n de f\u00f3rmulas precocinadas solucionar\u00e1n los problemas de la educaci\u00f3n, porque ver\u00e1n lo que sucede en el aula y en la escuela desde otra mirada; a los formadores que se repiten en su manera de ense\u00f1ar a\u00f1o tras a\u00f1o; a los que se reinventan en cada encuentro con los estudiantes; a los que se aburren con el quehacer diario en la escuela; a los que siempre encuentran resquicios para que se desate la imaginaci\u00f3n pedag\u00f3gica. A todos ellos y a quienes consideran que ser educador es una aventura que merece ser vivida y compartida va dirigido este libro. Seguro que encontrar\u00e1n motivos, se\u00f1ales y aportaciones que les ayudar\u00e1n a seguir con entusiasmo en estos tiempos extra\u00f1os que vivimos.<\/p>\n<p>(Del Pr\u00f3logo de Fernando Hern\u00e1ndez)<\/p>\n","protected":false},"featured_media":16679,"comment_status":"open","ping_status":"closed","template":"","meta":{"_et_pb_use_builder":"","_et_pb_old_content":"","_et_gb_content_width":""},"product_cat":[1512,6936],"product_tag":[2602],"edicion":[1083],"editoriales":[1160],"tienda":[],"autor_id":[6171],"universidades_coeditoras":[],"palabras_clave":[],"listado_alfabetico":[],"acf":[],"_links":{"self":[{"href":"https:\/\/wizardly-davinci.82-223-8-23.plesk.page\/en\/wp-json\/wp\/v2\/product\/16678"}],"collection":[{"href":"https:\/\/wizardly-davinci.82-223-8-23.plesk.page\/en\/wp-json\/wp\/v2\/product"}],"about":[{"href":"https:\/\/wizardly-davinci.82-223-8-23.plesk.page\/en\/wp-json\/wp\/v2\/types\/product"}],"replies":[{"embeddable":true,"href":"https:\/\/wizardly-davinci.82-223-8-23.plesk.page\/en\/wp-json\/wp\/v2\/comments?post=16678"}],"wp:featuredmedia":[{"embeddable":true,"href":"https:\/\/wizardly-davinci.82-223-8-23.plesk.page\/en\/wp-json\/wp\/v2\/media\/16679"}],"wp:attachment":[{"href":"https:\/\/wizardly-davinci.82-223-8-23.plesk.page\/en\/wp-json\/wp\/v2\/media?parent=16678"}],"wp:term":[{"taxonomy":"product_cat","embeddable":true,"href":"https:\/\/wizardly-davinci.82-223-8-23.plesk.page\/en\/wp-json\/wp\/v2\/product_cat?post=16678"},{"taxonomy":"product_tag","embeddable":true,"href":"https:\/\/wizardly-davinci.82-223-8-23.plesk.page\/en\/wp-json\/wp\/v2\/product_tag?post=16678"},{"taxonomy":"edicion","embeddable":true,"href":"https:\/\/wizardly-davinci.82-223-8-23.plesk.page\/en\/wp-json\/wp\/v2\/edicion?post=16678"},{"taxonomy":"editoriales","embeddable":true,"href":"https:\/\/wizardly-davinci.82-223-8-23.plesk.page\/en\/wp-json\/wp\/v2\/editoriales?post=16678"},{"taxonomy":"tienda","embeddable":true,"href":"https:\/\/wizardly-davinci.82-223-8-23.plesk.page\/en\/wp-json\/wp\/v2\/tienda?post=16678"},{"taxonomy":"autor_id","embeddable":true,"href":"https:\/\/wizardly-davinci.82-223-8-23.plesk.page\/en\/wp-json\/wp\/v2\/autor_id?post=16678"},{"taxonomy":"universidades_coeditoras","embeddable":true,"href":"https:\/\/wizardly-davinci.82-223-8-23.plesk.page\/en\/wp-json\/wp\/v2\/universidades_coeditoras?post=16678"},{"taxonomy":"palabras_clave","embeddable":true,"href":"https:\/\/wizardly-davinci.82-223-8-23.plesk.page\/en\/wp-json\/wp\/v2\/palabras_clave?post=16678"},{"taxonomy":"listado_alfabetico","embeddable":true,"href":"https:\/\/wizardly-davinci.82-223-8-23.plesk.page\/en\/wp-json\/wp\/v2\/listado_alfabetico?post=16678"}],"curies":[{"name":"wp","href":"https:\/\/api.w.org\/{rel}","templated":true}]}}