{"id":16684,"date":"2019-04-09T22:10:29","date_gmt":"2019-04-09T22:10:29","guid":{"rendered":"https:\/\/octaedro.com\/producto\/ocurrencias\/"},"modified":"2023-04-20T10:11:55","modified_gmt":"2023-04-20T08:11:55","slug":"ocurrencias","status":"publish","type":"product","link":"https:\/\/wizardly-davinci.82-223-8-23.plesk.page\/en\/producto\/ocurrencias\/","title":{"rendered":"Ocurrencias"},"content":{"rendered":"<p>Escribir ocurrencias es buscar la vida de las peque\u00f1as cosas, la chispa de la vida. Esto consiste en encontrar el otro lado de las cosas, lo que no se ve porque no se ha expuesto, por conveniencia, por costumbre, porque la historia lo ha determinado as\u00ed y para que su desarrollo no sea del todo previsible. Pretenden buscar el lado no com\u00fan de hechos y sucesos: distorsionarlos para que suenen de otra manera; cambiar el pie de aquello que se muestra como verdad irrefutable; relativizar normas, verdades y costumbres mediante los porqu\u00e9s de la curiosidad, ya que lo obvio no siempre es tan obvio como parece. De ah\u00ed que interese m\u00e1s la observaci\u00f3n y el sentimiento de lo concreto y del detalle que la reflexi\u00f3n filos\u00f3fica y sesuda. Se concibe como un espacio de libertad y de juego, como un pretexto para intercambiar con amigos y compa\u00f1eros, con los ritos de lectura en voz alta y la recepci\u00f3n de la cr\u00edtica de quienes escuchan o leen.<\/p>\n","protected":false},"excerpt":{"rendered":"<p>Escribir ocurrencias es buscar la vida de las peque\u00f1as cosas, la chispa de la vida. Esto consiste en encontrar el otro lado de las cosas, lo que no se ve porque no se ha expuesto, por conveniencia, por costumbre, porque la historia lo ha determinado as\u00ed y para que su desarrollo no sea del todo previsible. Pretenden buscar el lado no com\u00fan de hechos y sucesos: distorsionarlos para que suenen de otra manera; cambiar el pie de aquello que se muestra como verdad irrefutable; relativizar normas, verdades y costumbres mediante los porqu\u00e9s de la curiosidad, ya que lo obvio no siempre es tan obvio como parece. De ah\u00ed que interese m\u00e1s la observaci\u00f3n y el sentimiento de lo concreto y del detalle que la reflexi\u00f3n filos\u00f3fica y sesuda. Se concibe como un espacio de libertad y de juego, como un pretexto para intercambiar con amigos y compa\u00f1eros, con los ritos de lectura en voz alta y la recepci\u00f3n de la cr\u00edtica de quienes escuchan o leen.<\/p>\n","protected":false},"featured_media":16685,"comment_status":"open","ping_status":"closed","template":"","meta":{"_et_pb_use_builder":"","_et_pb_old_content":"","_et_gb_content_width":""},"product_cat":[1512],"product_tag":[2602],"edicion":[1083],"editoriales":[1160],"tienda":[],"autor_id":[6621],"universidades_coeditoras":[],"palabras_clave":[],"listado_alfabetico":[],"acf":[],"_links":{"self":[{"href":"https:\/\/wizardly-davinci.82-223-8-23.plesk.page\/en\/wp-json\/wp\/v2\/product\/16684"}],"collection":[{"href":"https:\/\/wizardly-davinci.82-223-8-23.plesk.page\/en\/wp-json\/wp\/v2\/product"}],"about":[{"href":"https:\/\/wizardly-davinci.82-223-8-23.plesk.page\/en\/wp-json\/wp\/v2\/types\/product"}],"replies":[{"embeddable":true,"href":"https:\/\/wizardly-davinci.82-223-8-23.plesk.page\/en\/wp-json\/wp\/v2\/comments?post=16684"}],"wp:featuredmedia":[{"embeddable":true,"href":"https:\/\/wizardly-davinci.82-223-8-23.plesk.page\/en\/wp-json\/wp\/v2\/media\/16685"}],"wp:attachment":[{"href":"https:\/\/wizardly-davinci.82-223-8-23.plesk.page\/en\/wp-json\/wp\/v2\/media?parent=16684"}],"wp:term":[{"taxonomy":"product_cat","embeddable":true,"href":"https:\/\/wizardly-davinci.82-223-8-23.plesk.page\/en\/wp-json\/wp\/v2\/product_cat?post=16684"},{"taxonomy":"product_tag","embeddable":true,"href":"https:\/\/wizardly-davinci.82-223-8-23.plesk.page\/en\/wp-json\/wp\/v2\/product_tag?post=16684"},{"taxonomy":"edicion","embeddable":true,"href":"https:\/\/wizardly-davinci.82-223-8-23.plesk.page\/en\/wp-json\/wp\/v2\/edicion?post=16684"},{"taxonomy":"editoriales","embeddable":true,"href":"https:\/\/wizardly-davinci.82-223-8-23.plesk.page\/en\/wp-json\/wp\/v2\/editoriales?post=16684"},{"taxonomy":"tienda","embeddable":true,"href":"https:\/\/wizardly-davinci.82-223-8-23.plesk.page\/en\/wp-json\/wp\/v2\/tienda?post=16684"},{"taxonomy":"autor_id","embeddable":true,"href":"https:\/\/wizardly-davinci.82-223-8-23.plesk.page\/en\/wp-json\/wp\/v2\/autor_id?post=16684"},{"taxonomy":"universidades_coeditoras","embeddable":true,"href":"https:\/\/wizardly-davinci.82-223-8-23.plesk.page\/en\/wp-json\/wp\/v2\/universidades_coeditoras?post=16684"},{"taxonomy":"palabras_clave","embeddable":true,"href":"https:\/\/wizardly-davinci.82-223-8-23.plesk.page\/en\/wp-json\/wp\/v2\/palabras_clave?post=16684"},{"taxonomy":"listado_alfabetico","embeddable":true,"href":"https:\/\/wizardly-davinci.82-223-8-23.plesk.page\/en\/wp-json\/wp\/v2\/listado_alfabetico?post=16684"}],"curies":[{"name":"wp","href":"https:\/\/api.w.org\/{rel}","templated":true}]}}