{"id":16686,"date":"2019-04-09T22:10:31","date_gmt":"2019-04-09T22:10:31","guid":{"rendered":"https:\/\/octaedro.com\/producto\/mi-primer-libro-de-ajedrez\/"},"modified":"2023-04-20T10:12:02","modified_gmt":"2023-04-20T08:12:02","slug":"mi-primer-libro-de-ajedrez","status":"publish","type":"product","link":"https:\/\/wizardly-davinci.82-223-8-23.plesk.page\/en\/producto\/mi-primer-libro-de-ajedrez\/","title":{"rendered":"Mi primer libro de ajedrez"},"content":{"rendered":"<p>\u00bfBuscas un libro de iniciaci\u00f3n al ajedrez para ni\u00f1os? \u00bfEncuentras la mayor\u00eda de libros de ajedrez demasiado serios o dif\u00edciles? <em>Mi primer libro de ajedrez<\/em> invita a ni\u00f1os y ni\u00f1as a jugar al rey de los juegos gracias a una breve y divertida historia. Como los personajes del relato, Boris y su hermana Sof\u00eda, el joven lector se inicia progresivamente en el maravilloso reino del ajedrez. Numerosas simulaciones explican las reglas, t\u00e1cticas y estrategias m\u00e1s importantes del ajedrez. Las ilustraciones estimulan la imaginaci\u00f3n y la curiosidad de ni\u00f1os y ni\u00f1as; y los ejercicios permiten verificar y evaluar su comprensi\u00f3n.<\/p>\n","protected":false},"excerpt":{"rendered":"<p>\u00bfBuscas un libro de iniciaci\u00f3n al ajedrez para ni\u00f1os? \u00bfEncuentras la mayor\u00eda de libros de ajedrez demasiado serios o dif\u00edciles? <em>Mi primer libro de ajedrez<\/em> invita a ni\u00f1os y ni\u00f1as a jugar al rey de los juegos gracias a una breve y divertida historia. Como los personajes del relato, Boris y su hermana Sof\u00eda, el joven lector se inicia progresivamente en el maravilloso reino del ajedrez. Numerosas simulaciones explican las reglas, t\u00e1cticas y estrategias m\u00e1s importantes del ajedrez. Las ilustraciones estimulan la imaginaci\u00f3n y la curiosidad de ni\u00f1os y ni\u00f1as; y los ejercicios permiten verificar y evaluar su comprensi\u00f3n.<\/p>\n","protected":false},"featured_media":16687,"comment_status":"open","ping_status":"closed","template":"","meta":{"_et_pb_use_builder":"","_et_pb_old_content":"","_et_gb_content_width":""},"product_cat":[1512,6675],"product_tag":[2602],"edicion":[1083],"editoriales":[1160],"tienda":[],"autor_id":[5787],"universidades_coeditoras":[],"palabras_clave":[],"listado_alfabetico":[],"acf":[],"_links":{"self":[{"href":"https:\/\/wizardly-davinci.82-223-8-23.plesk.page\/en\/wp-json\/wp\/v2\/product\/16686"}],"collection":[{"href":"https:\/\/wizardly-davinci.82-223-8-23.plesk.page\/en\/wp-json\/wp\/v2\/product"}],"about":[{"href":"https:\/\/wizardly-davinci.82-223-8-23.plesk.page\/en\/wp-json\/wp\/v2\/types\/product"}],"replies":[{"embeddable":true,"href":"https:\/\/wizardly-davinci.82-223-8-23.plesk.page\/en\/wp-json\/wp\/v2\/comments?post=16686"}],"wp:featuredmedia":[{"embeddable":true,"href":"https:\/\/wizardly-davinci.82-223-8-23.plesk.page\/en\/wp-json\/wp\/v2\/media\/16687"}],"wp:attachment":[{"href":"https:\/\/wizardly-davinci.82-223-8-23.plesk.page\/en\/wp-json\/wp\/v2\/media?parent=16686"}],"wp:term":[{"taxonomy":"product_cat","embeddable":true,"href":"https:\/\/wizardly-davinci.82-223-8-23.plesk.page\/en\/wp-json\/wp\/v2\/product_cat?post=16686"},{"taxonomy":"product_tag","embeddable":true,"href":"https:\/\/wizardly-davinci.82-223-8-23.plesk.page\/en\/wp-json\/wp\/v2\/product_tag?post=16686"},{"taxonomy":"edicion","embeddable":true,"href":"https:\/\/wizardly-davinci.82-223-8-23.plesk.page\/en\/wp-json\/wp\/v2\/edicion?post=16686"},{"taxonomy":"editoriales","embeddable":true,"href":"https:\/\/wizardly-davinci.82-223-8-23.plesk.page\/en\/wp-json\/wp\/v2\/editoriales?post=16686"},{"taxonomy":"tienda","embeddable":true,"href":"https:\/\/wizardly-davinci.82-223-8-23.plesk.page\/en\/wp-json\/wp\/v2\/tienda?post=16686"},{"taxonomy":"autor_id","embeddable":true,"href":"https:\/\/wizardly-davinci.82-223-8-23.plesk.page\/en\/wp-json\/wp\/v2\/autor_id?post=16686"},{"taxonomy":"universidades_coeditoras","embeddable":true,"href":"https:\/\/wizardly-davinci.82-223-8-23.plesk.page\/en\/wp-json\/wp\/v2\/universidades_coeditoras?post=16686"},{"taxonomy":"palabras_clave","embeddable":true,"href":"https:\/\/wizardly-davinci.82-223-8-23.plesk.page\/en\/wp-json\/wp\/v2\/palabras_clave?post=16686"},{"taxonomy":"listado_alfabetico","embeddable":true,"href":"https:\/\/wizardly-davinci.82-223-8-23.plesk.page\/en\/wp-json\/wp\/v2\/listado_alfabetico?post=16686"}],"curies":[{"name":"wp","href":"https:\/\/api.w.org\/{rel}","templated":true}]}}