{"id":16688,"date":"2019-04-09T22:10:31","date_gmt":"2019-04-09T22:10:31","guid":{"rendered":"https:\/\/octaedro.com\/producto\/atencion-centrada-en-la-persona-con-demencia\/"},"modified":"2023-04-20T10:12:09","modified_gmt":"2023-04-20T08:12:09","slug":"atencion-centrada-en-la-persona-con-demencia","status":"publish","type":"product","link":"https:\/\/wizardly-davinci.82-223-8-23.plesk.page\/en\/producto\/atencion-centrada-en-la-persona-con-demencia\/","title":{"rendered":"Atenci\u00f3n centrada en la persona con demencia"},"content":{"rendered":"<p>La atenci\u00f3n centrada en la persona se usa en las definiciones de la misi\u00f3n, la visi\u00f3n y en los objetivos de muchas organizaciones; sin embargo, no siempre lo que subyace tras la ret\u00f3rica es lo que m\u00e1s se refleja en la pr\u00e1ctica. Este libro aporta nuevas definiciones de las ideas m\u00e1s importantes que sostienen la atenci\u00f3n centrada en la persona para su implementaci\u00f3n y desarrollo.<br \/>\nDawn Brooker explica las cuatro \u00e1reas clave de la ACP y sus indicadores, de los que se compone el modelo VIPS creado por la autora: (V) valorar a las personas y a sus cuidadores; (I) tratar a las personas como individuos; (P) tomar la perspectiva de la persona con demencia, y (S) desarrollar un entorno social positivo en el que la persona con demencia pueda experimentar el mejor bienestar posible.<br \/>\nEsta versi\u00f3n en espa\u00f1ol, ha sido revisada y ampliada, en colaboraci\u00f3n con la autora, por Elena Fern\u00e1ndez y Josep Vila de Alzheimer Catalunya Fundaci\u00f3.<br \/>\nUn libro esencial para los profesionales, los planificadores de modelos asistenciales, los servicios de inspecci\u00f3n, los responsables de establecer las normativas y todos aquellos involucrados en el desarrollo de recursos asistenciales de calidad para las personas con demencia.<\/p>\n","protected":false},"excerpt":{"rendered":"<p>La atenci\u00f3n centrada en la persona se usa en las definiciones de la misi\u00f3n, la visi\u00f3n y en los objetivos de muchas organizaciones; sin embargo, no siempre lo que subyace tras la ret\u00f3rica es lo que m\u00e1s se refleja en la pr\u00e1ctica. Este libro aporta nuevas definiciones de las ideas m\u00e1s importantes que sostienen la atenci\u00f3n centrada en la persona para su implementaci\u00f3n y desarrollo.<br \/>\nDawn Brooker explica las cuatro \u00e1reas clave de la ACP y sus indicadores, de los que se compone el modelo VIPS creado por la autora: (V) valorar a las personas y a sus cuidadores; (I) tratar a las personas como individuos; (P) tomar la perspectiva de la persona con demencia, y (S) desarrollar un entorno social positivo en el que la persona con demencia pueda experimentar el mejor bienestar posible.<br \/>\nEsta versi\u00f3n en espa\u00f1ol, ha sido revisada y ampliada, en colaboraci\u00f3n con la autora, por Elena Fern\u00e1ndez y Josep Vila de Alzheimer Catalunya Fundaci\u00f3.<br \/>\nUn libro esencial para los profesionales, los planificadores de modelos asistenciales, los servicios de inspecci\u00f3n, los responsables de establecer las normativas y todos aquellos involucrados en el desarrollo de recursos asistenciales de calidad para las personas con demencia.<\/p>\n","protected":false},"featured_media":16689,"comment_status":"open","ping_status":"closed","template":"","meta":{"_et_pb_use_builder":"","_et_pb_old_content":"","_et_gb_content_width":""},"product_cat":[2606,1512,6675,6673,9825],"product_tag":[2604],"edicion":[1084,1083],"editoriales":[1160],"tienda":[],"autor_id":[5188],"universidades_coeditoras":[],"palabras_clave":[],"listado_alfabetico":[],"acf":[],"_links":{"self":[{"href":"https:\/\/wizardly-davinci.82-223-8-23.plesk.page\/en\/wp-json\/wp\/v2\/product\/16688"}],"collection":[{"href":"https:\/\/wizardly-davinci.82-223-8-23.plesk.page\/en\/wp-json\/wp\/v2\/product"}],"about":[{"href":"https:\/\/wizardly-davinci.82-223-8-23.plesk.page\/en\/wp-json\/wp\/v2\/types\/product"}],"replies":[{"embeddable":true,"href":"https:\/\/wizardly-davinci.82-223-8-23.plesk.page\/en\/wp-json\/wp\/v2\/comments?post=16688"}],"wp:featuredmedia":[{"embeddable":true,"href":"https:\/\/wizardly-davinci.82-223-8-23.plesk.page\/en\/wp-json\/wp\/v2\/media\/16689"}],"wp:attachment":[{"href":"https:\/\/wizardly-davinci.82-223-8-23.plesk.page\/en\/wp-json\/wp\/v2\/media?parent=16688"}],"wp:term":[{"taxonomy":"product_cat","embeddable":true,"href":"https:\/\/wizardly-davinci.82-223-8-23.plesk.page\/en\/wp-json\/wp\/v2\/product_cat?post=16688"},{"taxonomy":"product_tag","embeddable":true,"href":"https:\/\/wizardly-davinci.82-223-8-23.plesk.page\/en\/wp-json\/wp\/v2\/product_tag?post=16688"},{"taxonomy":"edicion","embeddable":true,"href":"https:\/\/wizardly-davinci.82-223-8-23.plesk.page\/en\/wp-json\/wp\/v2\/edicion?post=16688"},{"taxonomy":"editoriales","embeddable":true,"href":"https:\/\/wizardly-davinci.82-223-8-23.plesk.page\/en\/wp-json\/wp\/v2\/editoriales?post=16688"},{"taxonomy":"tienda","embeddable":true,"href":"https:\/\/wizardly-davinci.82-223-8-23.plesk.page\/en\/wp-json\/wp\/v2\/tienda?post=16688"},{"taxonomy":"autor_id","embeddable":true,"href":"https:\/\/wizardly-davinci.82-223-8-23.plesk.page\/en\/wp-json\/wp\/v2\/autor_id?post=16688"},{"taxonomy":"universidades_coeditoras","embeddable":true,"href":"https:\/\/wizardly-davinci.82-223-8-23.plesk.page\/en\/wp-json\/wp\/v2\/universidades_coeditoras?post=16688"},{"taxonomy":"palabras_clave","embeddable":true,"href":"https:\/\/wizardly-davinci.82-223-8-23.plesk.page\/en\/wp-json\/wp\/v2\/palabras_clave?post=16688"},{"taxonomy":"listado_alfabetico","embeddable":true,"href":"https:\/\/wizardly-davinci.82-223-8-23.plesk.page\/en\/wp-json\/wp\/v2\/listado_alfabetico?post=16688"}],"curies":[{"name":"wp","href":"https:\/\/api.w.org\/{rel}","templated":true}]}}