{"id":16692,"date":"2019-04-09T22:10:33","date_gmt":"2019-04-09T22:10:33","guid":{"rendered":"https:\/\/octaedro.com\/producto\/psicoterapia-de-grupo\/"},"modified":"2023-04-20T10:12:23","modified_gmt":"2023-04-20T08:12:23","slug":"psicoterapia-de-grupo","status":"publish","type":"product","link":"https:\/\/wizardly-davinci.82-223-8-23.plesk.page\/en\/producto\/psicoterapia-de-grupo\/","title":{"rendered":"Psicoterapia de grupo"},"content":{"rendered":"<p>El ser humano empieza y contin\u00faa su vida dentro de grupos: la familia, la escuela, los amigos, el trabajo, los grupos recreativos\u2026 En ellos vive interacciones diversas que aportan experiencia, comunicaci\u00f3n y un estilo madurativo que enriquece su desarrollo. La utilizaci\u00f3n del grupo con prop\u00f3sito terap\u00e9utico se basa justamente en estas posibilidades y se apoya en sus caracter\u00edsticas cualitativas espec\u00edficas.<br \/>\nEste libro es un estudio cl\u00ednico de los Grupos Terap\u00e9uticos de ni\u00f1os, adolescentes y padres, desde una perspectiva psicoanal\u00edtica y con transcripciones de sesiones enteras. El apartado dedicado al Grupo de ni\u00f1os de tres a cinco a\u00f1os est\u00e1 escrito en colaboraci\u00f3n con la doctora N\u00faria Be\u00e0, pediatra que desde hace mucho tiempo se dedica a la atenci\u00f3n precoz.<br \/>\nEl libro est\u00e1 dirigido a los profesionales que trabajan con Grupos, a los que desean iniciarse en esta modalidad terap\u00e9utica y, especialmente, a aquellos que, trabajando en equipo, pueden sacar provecho de las grandes posibilidades de los Grupos paralelos.<\/p>\n","protected":false},"excerpt":{"rendered":"<p>El ser humano empieza y contin\u00faa su vida dentro de grupos: la familia, la escuela, los amigos, el trabajo, los grupos recreativos\u2026 En ellos vive interacciones diversas que aportan experiencia, comunicaci\u00f3n y un estilo madurativo que enriquece su desarrollo. La utilizaci\u00f3n del grupo con prop\u00f3sito terap\u00e9utico se basa justamente en estas posibilidades y se apoya en sus caracter\u00edsticas cualitativas espec\u00edficas.<br \/>\nEste libro es un estudio cl\u00ednico de los Grupos Terap\u00e9uticos de ni\u00f1os, adolescentes y padres, desde una perspectiva psicoanal\u00edtica y con transcripciones de sesiones enteras. El apartado dedicado al Grupo de ni\u00f1os de tres a cinco a\u00f1os est\u00e1 escrito en colaboraci\u00f3n con la doctora N\u00faria Be\u00e0, pediatra que desde hace mucho tiempo se dedica a la atenci\u00f3n precoz.<br \/>\nEl libro est\u00e1 dirigido a los profesionales que trabajan con Grupos, a los que desean iniciarse en esta modalidad terap\u00e9utica y, especialmente, a aquellos que, trabajando en equipo, pueden sacar provecho de las grandes posibilidades de los Grupos paralelos.<\/p>\n","protected":false},"featured_media":16693,"comment_status":"open","ping_status":"closed","template":"","meta":{"_et_pb_use_builder":"","_et_pb_old_content":"","_et_gb_content_width":""},"product_cat":[2606,1512,6675,6673,9825],"product_tag":[2604],"edicion":[1084,1083],"editoriales":[1160],"tienda":[],"autor_id":[6498],"universidades_coeditoras":[],"palabras_clave":[],"listado_alfabetico":[],"acf":[],"_links":{"self":[{"href":"https:\/\/wizardly-davinci.82-223-8-23.plesk.page\/en\/wp-json\/wp\/v2\/product\/16692"}],"collection":[{"href":"https:\/\/wizardly-davinci.82-223-8-23.plesk.page\/en\/wp-json\/wp\/v2\/product"}],"about":[{"href":"https:\/\/wizardly-davinci.82-223-8-23.plesk.page\/en\/wp-json\/wp\/v2\/types\/product"}],"replies":[{"embeddable":true,"href":"https:\/\/wizardly-davinci.82-223-8-23.plesk.page\/en\/wp-json\/wp\/v2\/comments?post=16692"}],"wp:featuredmedia":[{"embeddable":true,"href":"https:\/\/wizardly-davinci.82-223-8-23.plesk.page\/en\/wp-json\/wp\/v2\/media\/16693"}],"wp:attachment":[{"href":"https:\/\/wizardly-davinci.82-223-8-23.plesk.page\/en\/wp-json\/wp\/v2\/media?parent=16692"}],"wp:term":[{"taxonomy":"product_cat","embeddable":true,"href":"https:\/\/wizardly-davinci.82-223-8-23.plesk.page\/en\/wp-json\/wp\/v2\/product_cat?post=16692"},{"taxonomy":"product_tag","embeddable":true,"href":"https:\/\/wizardly-davinci.82-223-8-23.plesk.page\/en\/wp-json\/wp\/v2\/product_tag?post=16692"},{"taxonomy":"edicion","embeddable":true,"href":"https:\/\/wizardly-davinci.82-223-8-23.plesk.page\/en\/wp-json\/wp\/v2\/edicion?post=16692"},{"taxonomy":"editoriales","embeddable":true,"href":"https:\/\/wizardly-davinci.82-223-8-23.plesk.page\/en\/wp-json\/wp\/v2\/editoriales?post=16692"},{"taxonomy":"tienda","embeddable":true,"href":"https:\/\/wizardly-davinci.82-223-8-23.plesk.page\/en\/wp-json\/wp\/v2\/tienda?post=16692"},{"taxonomy":"autor_id","embeddable":true,"href":"https:\/\/wizardly-davinci.82-223-8-23.plesk.page\/en\/wp-json\/wp\/v2\/autor_id?post=16692"},{"taxonomy":"universidades_coeditoras","embeddable":true,"href":"https:\/\/wizardly-davinci.82-223-8-23.plesk.page\/en\/wp-json\/wp\/v2\/universidades_coeditoras?post=16692"},{"taxonomy":"palabras_clave","embeddable":true,"href":"https:\/\/wizardly-davinci.82-223-8-23.plesk.page\/en\/wp-json\/wp\/v2\/palabras_clave?post=16692"},{"taxonomy":"listado_alfabetico","embeddable":true,"href":"https:\/\/wizardly-davinci.82-223-8-23.plesk.page\/en\/wp-json\/wp\/v2\/listado_alfabetico?post=16692"}],"curies":[{"name":"wp","href":"https:\/\/api.w.org\/{rel}","templated":true}]}}