{"id":16696,"date":"2019-04-09T22:10:35","date_gmt":"2019-04-09T22:10:35","guid":{"rendered":"https:\/\/octaedro.com\/producto\/la-reeducacion\/"},"modified":"2023-04-20T10:12:36","modified_gmt":"2023-04-20T08:12:36","slug":"la-reeducacion","status":"publish","type":"product","link":"https:\/\/wizardly-davinci.82-223-8-23.plesk.page\/en\/producto\/la-reeducacion\/","title":{"rendered":"La reeducaci\u00f3n"},"content":{"rendered":"<p>Este libro pretende ser una aportaci\u00f3n reflexiva de la experiencia cl\u00ednica de los autores, con la voluntad de abrir v\u00edas terap\u00e9uticas que faciliten el abordaje de los trastornos del aprendizaje.<br \/>\nA menudo estamos demasiado pendientes de los resultados acad\u00e9micos y prestamos poca atenci\u00f3n al trasfondo emocional y personal del ni\u00f1o.<br \/>\nEl enfoque de la obra se basa en establecer un v\u00ednculo relacional con el ni\u00f1o a fin de captar sus sentimientos y motivaciones para as\u00ed establecer una verdadera comunicaci\u00f3n con \u00e9l. Todo ello a trav\u00e9s de actividades que, al despertar el inter\u00e9s del ni\u00f1o, facilitan la permeabilidad de la capacidad de aprender.<\/p>\n","protected":false},"excerpt":{"rendered":"<p>Este libro pretende ser una aportaci\u00f3n reflexiva de la experiencia cl\u00ednica de los autores, con la voluntad de abrir v\u00edas terap\u00e9uticas que faciliten el abordaje de los trastornos del aprendizaje.<br \/>\nA menudo estamos demasiado pendientes de los resultados acad\u00e9micos y prestamos poca atenci\u00f3n al trasfondo emocional y personal del ni\u00f1o.<br \/>\nEl enfoque de la obra se basa en establecer un v\u00ednculo relacional con el ni\u00f1o a fin de captar sus sentimientos y motivaciones para as\u00ed establecer una verdadera comunicaci\u00f3n con \u00e9l. Todo ello a trav\u00e9s de actividades que, al despertar el inter\u00e9s del ni\u00f1o, facilitan la permeabilidad de la capacidad de aprender.<\/p>\n","protected":false},"featured_media":16697,"comment_status":"open","ping_status":"closed","template":"","meta":{"_et_pb_use_builder":"","_et_pb_old_content":"","_et_gb_content_width":""},"product_cat":[1512,6675,9825],"product_tag":[2602],"edicion":[1083],"editoriales":[1160],"tienda":[],"autor_id":[4995,5096,5243,5861],"universidades_coeditoras":[],"palabras_clave":[],"listado_alfabetico":[],"acf":[],"_links":{"self":[{"href":"https:\/\/wizardly-davinci.82-223-8-23.plesk.page\/en\/wp-json\/wp\/v2\/product\/16696"}],"collection":[{"href":"https:\/\/wizardly-davinci.82-223-8-23.plesk.page\/en\/wp-json\/wp\/v2\/product"}],"about":[{"href":"https:\/\/wizardly-davinci.82-223-8-23.plesk.page\/en\/wp-json\/wp\/v2\/types\/product"}],"replies":[{"embeddable":true,"href":"https:\/\/wizardly-davinci.82-223-8-23.plesk.page\/en\/wp-json\/wp\/v2\/comments?post=16696"}],"wp:featuredmedia":[{"embeddable":true,"href":"https:\/\/wizardly-davinci.82-223-8-23.plesk.page\/en\/wp-json\/wp\/v2\/media\/16697"}],"wp:attachment":[{"href":"https:\/\/wizardly-davinci.82-223-8-23.plesk.page\/en\/wp-json\/wp\/v2\/media?parent=16696"}],"wp:term":[{"taxonomy":"product_cat","embeddable":true,"href":"https:\/\/wizardly-davinci.82-223-8-23.plesk.page\/en\/wp-json\/wp\/v2\/product_cat?post=16696"},{"taxonomy":"product_tag","embeddable":true,"href":"https:\/\/wizardly-davinci.82-223-8-23.plesk.page\/en\/wp-json\/wp\/v2\/product_tag?post=16696"},{"taxonomy":"edicion","embeddable":true,"href":"https:\/\/wizardly-davinci.82-223-8-23.plesk.page\/en\/wp-json\/wp\/v2\/edicion?post=16696"},{"taxonomy":"editoriales","embeddable":true,"href":"https:\/\/wizardly-davinci.82-223-8-23.plesk.page\/en\/wp-json\/wp\/v2\/editoriales?post=16696"},{"taxonomy":"tienda","embeddable":true,"href":"https:\/\/wizardly-davinci.82-223-8-23.plesk.page\/en\/wp-json\/wp\/v2\/tienda?post=16696"},{"taxonomy":"autor_id","embeddable":true,"href":"https:\/\/wizardly-davinci.82-223-8-23.plesk.page\/en\/wp-json\/wp\/v2\/autor_id?post=16696"},{"taxonomy":"universidades_coeditoras","embeddable":true,"href":"https:\/\/wizardly-davinci.82-223-8-23.plesk.page\/en\/wp-json\/wp\/v2\/universidades_coeditoras?post=16696"},{"taxonomy":"palabras_clave","embeddable":true,"href":"https:\/\/wizardly-davinci.82-223-8-23.plesk.page\/en\/wp-json\/wp\/v2\/palabras_clave?post=16696"},{"taxonomy":"listado_alfabetico","embeddable":true,"href":"https:\/\/wizardly-davinci.82-223-8-23.plesk.page\/en\/wp-json\/wp\/v2\/listado_alfabetico?post=16696"}],"curies":[{"name":"wp","href":"https:\/\/api.w.org\/{rel}","templated":true}]}}