{"id":16698,"date":"2019-04-09T22:10:37","date_gmt":"2019-04-09T22:10:37","guid":{"rendered":"https:\/\/octaedro.com\/producto\/normalidad-psicopatologia-y-tratamientos-para-ninos-adolescentes-y-familia\/"},"modified":"2023-04-20T10:12:43","modified_gmt":"2023-04-20T08:12:43","slug":"normalidad-psicopatologia-y-tratamientos-para-ninos-adolescentes-y-familia","status":"publish","type":"product","link":"https:\/\/wizardly-davinci.82-223-8-23.plesk.page\/en\/producto\/normalidad-psicopatologia-y-tratamientos-para-ninos-adolescentes-y-familia\/","title":{"rendered":"Normalidad, psicopatolog\u00eda y tratamientos para ni\u00f1os, adolescentes y familia"},"content":{"rendered":"<p>En este libro, escrito por profesionales de la Fundaci\u00f3 Eul\u00e0lia Torras de B\u00e8a, los autores explican una parte importante de su experiencia cl\u00ednica, basada en su quehacer diario en la consulta de psicolog\u00eda y psiquiatr\u00eda de ni\u00f1os, adolescentes y familias, tanto p\u00fablica como privada.<br \/>\nEl enfoque de la obra es sobre todo psicodin\u00e1mico y relacional, por tanto, tiene constantemente en cuenta las relaciones interpersonales y las consiguientes din\u00e1micas que est\u00e1n funcionando en la familia. Los padres, los hijos y las otras personas que conviven en la casa contribuyen a organizar esas din\u00e1micas; todos ellos no solo participan en ellas, sino que adem\u00e1s son afectados de maneras favorables o desfavorables por las mismas. Las din\u00e1micas familiares influyen definitivamente en la evoluci\u00f3n normal o patol\u00f3gica del ni\u00f1o, as\u00ed como en el bienestar y la evoluci\u00f3n de cada uno de los miembros de la familia.<\/p>\n","protected":false},"excerpt":{"rendered":"<p>En este libro, escrito por profesionales de la Fundaci\u00f3 Eul\u00e0lia Torras de B\u00e8a, los autores explican una parte importante de su experiencia cl\u00ednica, basada en su quehacer diario en la consulta de psicolog\u00eda y psiquiatr\u00eda de ni\u00f1os, adolescentes y familias, tanto p\u00fablica como privada.<br \/>\nEl enfoque de la obra es sobre todo psicodin\u00e1mico y relacional, por tanto, tiene constantemente en cuenta las relaciones interpersonales y las consiguientes din\u00e1micas que est\u00e1n funcionando en la familia. Los padres, los hijos y las otras personas que conviven en la casa contribuyen a organizar esas din\u00e1micas; todos ellos no solo participan en ellas, sino que adem\u00e1s son afectados de maneras favorables o desfavorables por las mismas. Las din\u00e1micas familiares influyen definitivamente en la evoluci\u00f3n normal o patol\u00f3gica del ni\u00f1o, as\u00ed como en el bienestar y la evoluci\u00f3n de cada uno de los miembros de la familia.<\/p>\n","protected":false},"featured_media":16699,"comment_status":"open","ping_status":"closed","template":"","meta":{"_et_pb_use_builder":"","_et_pb_old_content":"","_et_gb_content_width":""},"product_cat":[1512,6675,9825],"product_tag":[2602],"edicion":[1083],"editoriales":[1160],"tienda":[],"autor_id":[6498],"universidades_coeditoras":[],"palabras_clave":[],"listado_alfabetico":[],"acf":[],"_links":{"self":[{"href":"https:\/\/wizardly-davinci.82-223-8-23.plesk.page\/en\/wp-json\/wp\/v2\/product\/16698"}],"collection":[{"href":"https:\/\/wizardly-davinci.82-223-8-23.plesk.page\/en\/wp-json\/wp\/v2\/product"}],"about":[{"href":"https:\/\/wizardly-davinci.82-223-8-23.plesk.page\/en\/wp-json\/wp\/v2\/types\/product"}],"replies":[{"embeddable":true,"href":"https:\/\/wizardly-davinci.82-223-8-23.plesk.page\/en\/wp-json\/wp\/v2\/comments?post=16698"}],"wp:featuredmedia":[{"embeddable":true,"href":"https:\/\/wizardly-davinci.82-223-8-23.plesk.page\/en\/wp-json\/wp\/v2\/media\/16699"}],"wp:attachment":[{"href":"https:\/\/wizardly-davinci.82-223-8-23.plesk.page\/en\/wp-json\/wp\/v2\/media?parent=16698"}],"wp:term":[{"taxonomy":"product_cat","embeddable":true,"href":"https:\/\/wizardly-davinci.82-223-8-23.plesk.page\/en\/wp-json\/wp\/v2\/product_cat?post=16698"},{"taxonomy":"product_tag","embeddable":true,"href":"https:\/\/wizardly-davinci.82-223-8-23.plesk.page\/en\/wp-json\/wp\/v2\/product_tag?post=16698"},{"taxonomy":"edicion","embeddable":true,"href":"https:\/\/wizardly-davinci.82-223-8-23.plesk.page\/en\/wp-json\/wp\/v2\/edicion?post=16698"},{"taxonomy":"editoriales","embeddable":true,"href":"https:\/\/wizardly-davinci.82-223-8-23.plesk.page\/en\/wp-json\/wp\/v2\/editoriales?post=16698"},{"taxonomy":"tienda","embeddable":true,"href":"https:\/\/wizardly-davinci.82-223-8-23.plesk.page\/en\/wp-json\/wp\/v2\/tienda?post=16698"},{"taxonomy":"autor_id","embeddable":true,"href":"https:\/\/wizardly-davinci.82-223-8-23.plesk.page\/en\/wp-json\/wp\/v2\/autor_id?post=16698"},{"taxonomy":"universidades_coeditoras","embeddable":true,"href":"https:\/\/wizardly-davinci.82-223-8-23.plesk.page\/en\/wp-json\/wp\/v2\/universidades_coeditoras?post=16698"},{"taxonomy":"palabras_clave","embeddable":true,"href":"https:\/\/wizardly-davinci.82-223-8-23.plesk.page\/en\/wp-json\/wp\/v2\/palabras_clave?post=16698"},{"taxonomy":"listado_alfabetico","embeddable":true,"href":"https:\/\/wizardly-davinci.82-223-8-23.plesk.page\/en\/wp-json\/wp\/v2\/listado_alfabetico?post=16698"}],"curies":[{"name":"wp","href":"https:\/\/api.w.org\/{rel}","templated":true}]}}