{"id":16702,"date":"2019-04-09T22:10:38","date_gmt":"2019-04-09T22:10:38","guid":{"rendered":"https:\/\/octaedro.com\/producto\/la-practica-psicomotriz-en-el-tratamiento-psiquico\/"},"modified":"2023-04-20T10:13:19","modified_gmt":"2023-04-20T08:13:19","slug":"la-practica-psicomotriz-en-el-tratamiento-psiquico","status":"publish","type":"product","link":"https:\/\/wizardly-davinci.82-223-8-23.plesk.page\/en\/producto\/la-practica-psicomotriz-en-el-tratamiento-psiquico\/","title":{"rendered":"La pr\u00e1ctica psicomotriz en el tratamiento ps\u00edquico"},"content":{"rendered":"<p>Con esta obra nos gustar\u00eda poder aportar al practicante o al estudioso interesado la s\u00edntesis te\u00f3rica y aplicada \u2014y tambi\u00e9n el testimonio personal y subjetivo\u2014 de la labor realizada con pacientes de variadas (psico)patolog\u00edas, a lo largo de numerosos a\u00f1os, en un abordaje terap\u00e9utico que tenga en cuenta el cuerpo y la palabra, tal y como propone la pr\u00e1ctica psicomotriz de inspiraci\u00f3n psicoanal\u00edtica.<br \/>\nEn el primer bloque, se pone el acento en los fundamentos te\u00f3ricos y la especificidad de la pr\u00e1ctica psicomotriz, as\u00ed como sus condiciones de posibilidad. El segundo gran bloque lo compone la cuesti\u00f3n de la formaci\u00f3n corporal, esto es, bajo presencia, como un medio privilegiado de experiencias subjetivas y de transmisi\u00f3n. El \u00faltimo bloque est\u00e1 compuesto por las rese\u00f1as de algunas aplicaciones pr\u00e1cticas y reflexiones en psicomotricidad (psico)terap\u00e9utica, dedicada al \u00e1mbito de la salud y al sufrimiento ps\u00edquico infantil y de adultos.<\/p>\n","protected":false},"excerpt":{"rendered":"<p>Con esta obra nos gustar\u00eda poder aportar al practicante o al estudioso interesado la s\u00edntesis te\u00f3rica y aplicada \u2014y tambi\u00e9n el testimonio personal y subjetivo\u2014 de la labor realizada con pacientes de variadas (psico)patolog\u00edas, a lo largo de numerosos a\u00f1os, en un abordaje terap\u00e9utico que tenga en cuenta el cuerpo y la palabra, tal y como propone la pr\u00e1ctica psicomotriz de inspiraci\u00f3n psicoanal\u00edtica.<br \/>\nEn el primer bloque, se pone el acento en los fundamentos te\u00f3ricos y la especificidad de la pr\u00e1ctica psicomotriz, as\u00ed como sus condiciones de posibilidad. El segundo gran bloque lo compone la cuesti\u00f3n de la formaci\u00f3n corporal, esto es, bajo presencia, como un medio privilegiado de experiencias subjetivas y de transmisi\u00f3n. El \u00faltimo bloque est\u00e1 compuesto por las rese\u00f1as de algunas aplicaciones pr\u00e1cticas y reflexiones en psicomotricidad (psico)terap\u00e9utica, dedicada al \u00e1mbito de la salud y al sufrimiento ps\u00edquico infantil y de adultos.<\/p>\n","protected":false},"featured_media":55977,"comment_status":"open","ping_status":"closed","template":"","meta":{"_et_pb_use_builder":"","_et_pb_old_content":"","_et_gb_content_width":""},"product_cat":[1512,6675,9825],"product_tag":[2602],"edicion":[1083],"editoriales":[1160],"tienda":[],"autor_id":[6277],"universidades_coeditoras":[],"palabras_clave":[],"listado_alfabetico":[],"acf":[],"_links":{"self":[{"href":"https:\/\/wizardly-davinci.82-223-8-23.plesk.page\/en\/wp-json\/wp\/v2\/product\/16702"}],"collection":[{"href":"https:\/\/wizardly-davinci.82-223-8-23.plesk.page\/en\/wp-json\/wp\/v2\/product"}],"about":[{"href":"https:\/\/wizardly-davinci.82-223-8-23.plesk.page\/en\/wp-json\/wp\/v2\/types\/product"}],"replies":[{"embeddable":true,"href":"https:\/\/wizardly-davinci.82-223-8-23.plesk.page\/en\/wp-json\/wp\/v2\/comments?post=16702"}],"wp:featuredmedia":[{"embeddable":true,"href":"https:\/\/wizardly-davinci.82-223-8-23.plesk.page\/en\/wp-json\/wp\/v2\/media\/55977"}],"wp:attachment":[{"href":"https:\/\/wizardly-davinci.82-223-8-23.plesk.page\/en\/wp-json\/wp\/v2\/media?parent=16702"}],"wp:term":[{"taxonomy":"product_cat","embeddable":true,"href":"https:\/\/wizardly-davinci.82-223-8-23.plesk.page\/en\/wp-json\/wp\/v2\/product_cat?post=16702"},{"taxonomy":"product_tag","embeddable":true,"href":"https:\/\/wizardly-davinci.82-223-8-23.plesk.page\/en\/wp-json\/wp\/v2\/product_tag?post=16702"},{"taxonomy":"edicion","embeddable":true,"href":"https:\/\/wizardly-davinci.82-223-8-23.plesk.page\/en\/wp-json\/wp\/v2\/edicion?post=16702"},{"taxonomy":"editoriales","embeddable":true,"href":"https:\/\/wizardly-davinci.82-223-8-23.plesk.page\/en\/wp-json\/wp\/v2\/editoriales?post=16702"},{"taxonomy":"tienda","embeddable":true,"href":"https:\/\/wizardly-davinci.82-223-8-23.plesk.page\/en\/wp-json\/wp\/v2\/tienda?post=16702"},{"taxonomy":"autor_id","embeddable":true,"href":"https:\/\/wizardly-davinci.82-223-8-23.plesk.page\/en\/wp-json\/wp\/v2\/autor_id?post=16702"},{"taxonomy":"universidades_coeditoras","embeddable":true,"href":"https:\/\/wizardly-davinci.82-223-8-23.plesk.page\/en\/wp-json\/wp\/v2\/universidades_coeditoras?post=16702"},{"taxonomy":"palabras_clave","embeddable":true,"href":"https:\/\/wizardly-davinci.82-223-8-23.plesk.page\/en\/wp-json\/wp\/v2\/palabras_clave?post=16702"},{"taxonomy":"listado_alfabetico","embeddable":true,"href":"https:\/\/wizardly-davinci.82-223-8-23.plesk.page\/en\/wp-json\/wp\/v2\/listado_alfabetico?post=16702"}],"curies":[{"name":"wp","href":"https:\/\/api.w.org\/{rel}","templated":true}]}}