{"id":16704,"date":"2019-12-05T09:10:39","date_gmt":"2019-12-05T09:10:39","guid":{"rendered":"https:\/\/octaedro.com\/producto\/adolescencia-y-transgresion\/"},"modified":"2023-04-20T10:13:26","modified_gmt":"2023-04-20T08:13:26","slug":"adolescencia-y-transgresion","status":"publish","type":"product","link":"https:\/\/wizardly-davinci.82-223-8-23.plesk.page\/en\/producto\/adolescencia-y-transgresion\/","title":{"rendered":"Adolescencia y transgresi\u00f3n"},"content":{"rendered":"<p>Este libro pretende contribuir a la comprensi\u00f3n profunda de los problemas de conducta m\u00e1s conflictivos que determinados adolescentes pueden plantear en sus entornos de convivencia. Por eso va dirigido a una amplia red de profesionales que, tanto desde contextos educativos, sociales, sanitarios, como judiciales, mantienen d\u00eda a d\u00eda contacto con adolescentes a los que intentan ayudar a construir un proceso de maduraci\u00f3n personal.<br \/>\nDescribimos el modelo de intervenci\u00f3n que desde el Equipo de Atenci\u00f3n al Menor de la Fundaci\u00f3n Sanitaria Sant Pere Claver hemos desarrollado para atender a los menores que nos han sido derivados desde el sistema de Justicia Juvenil de la Generalitat de Catalu\u00f1a. Con los diferentes equipos t\u00e9cnicos y educativos de Justicia Juvenil y a lo largo de m\u00e1s de veinte a\u00f1os de experiencia, hemos construido una metodolog\u00eda de abordaje multidisciplinar e interdisciplinar, fundamental para la eficacia de la intervenci\u00f3n. Se trata de un modelo de comprensi\u00f3n de las principales caracter\u00edsticas de la adolescencia que integra elementos de la teor\u00eda psicoanal\u00edtica de las relaciones de objeto con una perspectiva centrada en la moderna psicolog\u00eda evolutiva del desarrollo.<br \/>\nLa posibilidad de acceder a una poblaci\u00f3n cl\u00ednica que dif\u00edcilmente se vincula a las ofertas terap\u00e9uticas habituales nos ha permitido conocer mejor problem\u00e1ticas de manejo complicado que tienen en la trasgresi\u00f3n de la ley y en la violencia sus m\u00e1s elocuentes manifestaciones. Los procesos migratorios calamitosos en la adolescencia, el consumo de drogas y las conductas adictivas, la problem\u00e1tica del embarazo precoz en esta etapa evolutiva o la compleja situaci\u00f3n que se produce cuando los adolescentes son denunciados por agresiones a sus padres o cuidadores son cuestiones tratadas en el libro con especial atenci\u00f3n.<\/p>\n<p>&nbsp;<\/p>\n","protected":false},"excerpt":{"rendered":"<p>Este libro pretende contribuir a la comprensi\u00f3n profunda de los problemas de conducta m\u00e1s conflictivos que determinados adolescentes pueden plantear en sus entornos de convivencia. Por eso va dirigido a una amplia red de profesionales que, tanto desde contextos educativos, sociales, sanitarios, como judiciales, mantienen d\u00eda a d\u00eda contacto con adolescentes a los que intentan ayudar a construir un proceso de maduraci\u00f3n personal.<br \/>\nDescribimos el modelo de intervenci\u00f3n que desde el Equipo de Atenci\u00f3n al Menor de la Fundaci\u00f3n Sanitaria Sant Pere Claver hemos desarrollado para atender a los menores que nos han sido derivados desde el sistema de Justicia Juvenil de la Generalitat de Catalu\u00f1a. Con los diferentes equipos t\u00e9cnicos y educativos de Justicia Juvenil y a lo largo de m\u00e1s de veinte a\u00f1os de experiencia, hemos construido una metodolog\u00eda de abordaje multidisciplinar e interdisciplinar, fundamental para la eficacia de la intervenci\u00f3n. Se trata de un modelo de comprensi\u00f3n de las principales caracter\u00edsticas de la adolescencia que integra elementos de la teor\u00eda psicoanal\u00edtica de las relaciones de objeto con una perspectiva centrada en la moderna psicolog\u00eda evolutiva del desarrollo.<br \/>\nLa posibilidad de acceder a una poblaci\u00f3n cl\u00ednica que dif\u00edcilmente se vincula a las ofertas terap\u00e9uticas habituales nos ha permitido conocer mejor problem\u00e1ticas de manejo complicado que tienen en la trasgresi\u00f3n de la ley y en la violencia sus m\u00e1s elocuentes manifestaciones. Los procesos migratorios calamitosos en la adolescencia, el consumo de drogas y las conductas adictivas, la problem\u00e1tica del embarazo precoz en esta etapa evolutiva o la compleja situaci\u00f3n que se produce cuando los adolescentes son denunciados por agresiones a sus padres o cuidadores son cuestiones tratadas en el libro con especial atenci\u00f3n.<\/p>\n","protected":false},"featured_media":33674,"comment_status":"open","ping_status":"closed","template":"","meta":{"_et_pb_use_builder":"","_et_pb_old_content":"","_et_gb_content_width":""},"product_cat":[2606,6674,6675,9825],"product_tag":[2608],"edicion":[1085,1083],"editoriales":[1160],"tienda":[],"autor_id":[5951,6229,6487],"universidades_coeditoras":[],"palabras_clave":[],"listado_alfabetico":[],"acf":[],"_links":{"self":[{"href":"https:\/\/wizardly-davinci.82-223-8-23.plesk.page\/en\/wp-json\/wp\/v2\/product\/16704"}],"collection":[{"href":"https:\/\/wizardly-davinci.82-223-8-23.plesk.page\/en\/wp-json\/wp\/v2\/product"}],"about":[{"href":"https:\/\/wizardly-davinci.82-223-8-23.plesk.page\/en\/wp-json\/wp\/v2\/types\/product"}],"replies":[{"embeddable":true,"href":"https:\/\/wizardly-davinci.82-223-8-23.plesk.page\/en\/wp-json\/wp\/v2\/comments?post=16704"}],"wp:featuredmedia":[{"embeddable":true,"href":"https:\/\/wizardly-davinci.82-223-8-23.plesk.page\/en\/wp-json\/wp\/v2\/media\/33674"}],"wp:attachment":[{"href":"https:\/\/wizardly-davinci.82-223-8-23.plesk.page\/en\/wp-json\/wp\/v2\/media?parent=16704"}],"wp:term":[{"taxonomy":"product_cat","embeddable":true,"href":"https:\/\/wizardly-davinci.82-223-8-23.plesk.page\/en\/wp-json\/wp\/v2\/product_cat?post=16704"},{"taxonomy":"product_tag","embeddable":true,"href":"https:\/\/wizardly-davinci.82-223-8-23.plesk.page\/en\/wp-json\/wp\/v2\/product_tag?post=16704"},{"taxonomy":"edicion","embeddable":true,"href":"https:\/\/wizardly-davinci.82-223-8-23.plesk.page\/en\/wp-json\/wp\/v2\/edicion?post=16704"},{"taxonomy":"editoriales","embeddable":true,"href":"https:\/\/wizardly-davinci.82-223-8-23.plesk.page\/en\/wp-json\/wp\/v2\/editoriales?post=16704"},{"taxonomy":"tienda","embeddable":true,"href":"https:\/\/wizardly-davinci.82-223-8-23.plesk.page\/en\/wp-json\/wp\/v2\/tienda?post=16704"},{"taxonomy":"autor_id","embeddable":true,"href":"https:\/\/wizardly-davinci.82-223-8-23.plesk.page\/en\/wp-json\/wp\/v2\/autor_id?post=16704"},{"taxonomy":"universidades_coeditoras","embeddable":true,"href":"https:\/\/wizardly-davinci.82-223-8-23.plesk.page\/en\/wp-json\/wp\/v2\/universidades_coeditoras?post=16704"},{"taxonomy":"palabras_clave","embeddable":true,"href":"https:\/\/wizardly-davinci.82-223-8-23.plesk.page\/en\/wp-json\/wp\/v2\/palabras_clave?post=16704"},{"taxonomy":"listado_alfabetico","embeddable":true,"href":"https:\/\/wizardly-davinci.82-223-8-23.plesk.page\/en\/wp-json\/wp\/v2\/listado_alfabetico?post=16704"}],"curies":[{"name":"wp","href":"https:\/\/api.w.org\/{rel}","templated":true}]}}