{"id":16706,"date":"2019-04-09T22:10:40","date_gmt":"2019-04-09T22:10:40","guid":{"rendered":"https:\/\/octaedro.com\/producto\/entrevista-y-diagnostico-en-psiquiatria-y-psicologia-de-ninos-adolescentes-y-familia\/"},"modified":"2023-04-20T10:13:32","modified_gmt":"2023-04-20T08:13:32","slug":"entrevista-y-diagnostico-en-psiquiatria-y-psicologia-de-ninos-adolescentes-y-familia","status":"publish","type":"product","link":"https:\/\/wizardly-davinci.82-223-8-23.plesk.page\/en\/producto\/entrevista-y-diagnostico-en-psiquiatria-y-psicologia-de-ninos-adolescentes-y-familia\/","title":{"rendered":"Entrevista y diagn\u00f3stico en psiquiatr\u00eda y psicolog\u00eda de ni\u00f1os, adolescentes y familia"},"content":{"rendered":"<p>La entrevista es el primer paso en toda intervenci\u00f3n psiqui\u00e1trica o psicol\u00f3gica y en todo tratamiento, y de ella depende, a veces definitivamente, lo que suceda despu\u00e9s; de ah\u00ed su gran importancia. Este libro es un estudio cl\u00ednico de la entrevista en psiquiatr\u00eda y psicolog\u00eda del ni\u00f1o y del adolescente, desde una perspectiva psicodin\u00e1mica y relacional; se considera la principal herramienta de la exploraci\u00f3n y el diagn\u00f3stico \u2013y por tanto, del pron\u00f3stico\u2013, que aporta tambi\u00e9n, desde el principio, elementos terap\u00e9uticos. Se incluyen diez entrevistas realizadas con ni\u00f1os, adolescentes y padres, ampliamente elaboradas y comentadas, y la sucesi\u00f3n de hip\u00f3tesis de trabajo o s\u00edntesis provisionales que, en la mente del entrevistador, conducen a las diferentes etapas y vertientes del diagn\u00f3stico din\u00e1mico.<br \/>\nDirigido a psiquiatras y psic\u00f3logos interesados en volver a pensar su enfoque, t\u00e9cnica y elaboraci\u00f3n, y a aquellos que est\u00e1n iniciando su contacto con la cl\u00ednica y con la psicolog\u00eda din\u00e1mica.<\/p>\n","protected":false},"excerpt":{"rendered":"<p>La entrevista es el primer paso en toda intervenci\u00f3n psiqui\u00e1trica o psicol\u00f3gica y en todo tratamiento, y de ella depende, a veces definitivamente, lo que suceda despu\u00e9s; de ah\u00ed su gran importancia. Este libro es un estudio cl\u00ednico de la entrevista en psiquiatr\u00eda y psicolog\u00eda del ni\u00f1o y del adolescente, desde una perspectiva psicodin\u00e1mica y relacional; se considera la principal herramienta de la exploraci\u00f3n y el diagn\u00f3stico \u2013y por tanto, del pron\u00f3stico\u2013, que aporta tambi\u00e9n, desde el principio, elementos terap\u00e9uticos. Se incluyen diez entrevistas realizadas con ni\u00f1os, adolescentes y padres, ampliamente elaboradas y comentadas, y la sucesi\u00f3n de hip\u00f3tesis de trabajo o s\u00edntesis provisionales que, en la mente del entrevistador, conducen a las diferentes etapas y vertientes del diagn\u00f3stico din\u00e1mico.<br \/>\nDirigido a psiquiatras y psic\u00f3logos interesados en volver a pensar su enfoque, t\u00e9cnica y elaboraci\u00f3n, y a aquellos que est\u00e1n iniciando su contacto con la cl\u00ednica y con la psicolog\u00eda din\u00e1mica.<\/p>\n","protected":false},"featured_media":16707,"comment_status":"open","ping_status":"closed","template":"","meta":{"_et_pb_use_builder":"","_et_pb_old_content":"","_et_gb_content_width":""},"product_cat":[1512,6675,9825],"product_tag":[2602],"edicion":[1083],"editoriales":[1160],"tienda":[],"autor_id":[6498],"universidades_coeditoras":[],"palabras_clave":[],"listado_alfabetico":[],"acf":[],"_links":{"self":[{"href":"https:\/\/wizardly-davinci.82-223-8-23.plesk.page\/en\/wp-json\/wp\/v2\/product\/16706"}],"collection":[{"href":"https:\/\/wizardly-davinci.82-223-8-23.plesk.page\/en\/wp-json\/wp\/v2\/product"}],"about":[{"href":"https:\/\/wizardly-davinci.82-223-8-23.plesk.page\/en\/wp-json\/wp\/v2\/types\/product"}],"replies":[{"embeddable":true,"href":"https:\/\/wizardly-davinci.82-223-8-23.plesk.page\/en\/wp-json\/wp\/v2\/comments?post=16706"}],"wp:featuredmedia":[{"embeddable":true,"href":"https:\/\/wizardly-davinci.82-223-8-23.plesk.page\/en\/wp-json\/wp\/v2\/media\/16707"}],"wp:attachment":[{"href":"https:\/\/wizardly-davinci.82-223-8-23.plesk.page\/en\/wp-json\/wp\/v2\/media?parent=16706"}],"wp:term":[{"taxonomy":"product_cat","embeddable":true,"href":"https:\/\/wizardly-davinci.82-223-8-23.plesk.page\/en\/wp-json\/wp\/v2\/product_cat?post=16706"},{"taxonomy":"product_tag","embeddable":true,"href":"https:\/\/wizardly-davinci.82-223-8-23.plesk.page\/en\/wp-json\/wp\/v2\/product_tag?post=16706"},{"taxonomy":"edicion","embeddable":true,"href":"https:\/\/wizardly-davinci.82-223-8-23.plesk.page\/en\/wp-json\/wp\/v2\/edicion?post=16706"},{"taxonomy":"editoriales","embeddable":true,"href":"https:\/\/wizardly-davinci.82-223-8-23.plesk.page\/en\/wp-json\/wp\/v2\/editoriales?post=16706"},{"taxonomy":"tienda","embeddable":true,"href":"https:\/\/wizardly-davinci.82-223-8-23.plesk.page\/en\/wp-json\/wp\/v2\/tienda?post=16706"},{"taxonomy":"autor_id","embeddable":true,"href":"https:\/\/wizardly-davinci.82-223-8-23.plesk.page\/en\/wp-json\/wp\/v2\/autor_id?post=16706"},{"taxonomy":"universidades_coeditoras","embeddable":true,"href":"https:\/\/wizardly-davinci.82-223-8-23.plesk.page\/en\/wp-json\/wp\/v2\/universidades_coeditoras?post=16706"},{"taxonomy":"palabras_clave","embeddable":true,"href":"https:\/\/wizardly-davinci.82-223-8-23.plesk.page\/en\/wp-json\/wp\/v2\/palabras_clave?post=16706"},{"taxonomy":"listado_alfabetico","embeddable":true,"href":"https:\/\/wizardly-davinci.82-223-8-23.plesk.page\/en\/wp-json\/wp\/v2\/listado_alfabetico?post=16706"}],"curies":[{"name":"wp","href":"https:\/\/api.w.org\/{rel}","templated":true}]}}