{"id":16710,"date":"2019-04-09T22:10:41","date_gmt":"2019-04-09T22:10:41","guid":{"rendered":"https:\/\/octaedro.com\/producto\/funcion-poetica-y-psicoterapia\/"},"modified":"2023-04-20T10:13:45","modified_gmt":"2023-04-20T08:13:45","slug":"funcion-poetica-y-psicoterapia","status":"publish","type":"product","link":"https:\/\/wizardly-davinci.82-223-8-23.plesk.page\/en\/producto\/funcion-poetica-y-psicoterapia\/","title":{"rendered":"Funci\u00f3n po\u00e9tica y psicoterapia"},"content":{"rendered":"<p><span class=\"destacat\">Francesc Tosquelles<\/span> afirm\u00f3 siempre que la locura era un fen\u00f3meno ligado a la condici\u00f3n humana. En esta obra consagrada a la producci\u00f3n po\u00e9tica de Gabriel Ferrater (Reus, 1922-San Cugat del Vall\u00e8s, 1972) representante de la poes\u00eda de la experiencia e integrante del grupo catal\u00e1n de los cincuenta, pone el acento sobre la funci\u00f3n de la palabra y del lenguaje en tanto que constitutivos del sujeto. Insiste sobre todo en la funci\u00f3n po\u00e9tica del lenguaje, presente en todo discurso humano, incluso en el m\u00e1s racional o el m\u00e1s cient\u00edfico. Desarrolla la hip\u00f3tesis de que el discurso de un paciente en psicoterapia o en psicoan\u00e1lisis sigue el mismo curso que el de un poeta esforz\u00e1ndose en expresar la realidad del mundo o su propia verdad. En los dos casos, aunque el valor est\u00e9tico no sea el mismo, se trata, para el sujeto, de un trabajo en la b\u00fasqueda de su identidad y singularidad.<br \/>\nInteresar\u00e1 este libro tanto a quienes se sientan atra\u00eddos por vislumbrar los caminos que sigue la elaboraci\u00f3n de un poema y lo que encierra y descubre la funci\u00f3n po\u00e9tica, como a los psic\u00f3logos y psiquiatras, sientan que encontrar\u00e1n los porqu\u00e9s de determinados aspectos t\u00e9cnicos en la aplicaci\u00f3n de la psicoterapia y el an\u00e1lisis de los pacientes.<br \/>\nEsta obra, nacida inicialmente como una conferencia, conserva un estilo verbal en el que quienes conocieron a <span class=\"destacat\">Francesc Tosquelles<\/span> reencontrar\u00e1n su presencia humana, viva y activa a trav\u00e9s de una aproximaci\u00f3n fundamental de la existencia humana.<\/p>\n","protected":false},"excerpt":{"rendered":"<p><span class=\"destacat\">Francesc Tosquelles<\/span> afirm\u00f3 siempre que la locura era un fen\u00f3meno ligado a la condici\u00f3n humana. En esta obra consagrada a la producci\u00f3n po\u00e9tica de Gabriel Ferrater (Reus, 1922-San Cugat del Vall\u00e8s, 1972) representante de la poes\u00eda de la experiencia e integrante del grupo catal\u00e1n de los cincuenta, pone el acento sobre la funci\u00f3n de la palabra y del lenguaje en tanto que constitutivos del sujeto. Insiste sobre todo en la funci\u00f3n po\u00e9tica del lenguaje, presente en todo discurso humano, incluso en el m\u00e1s racional o el m\u00e1s cient\u00edfico. Desarrolla la hip\u00f3tesis de que el discurso de un paciente en psicoterapia o en psicoan\u00e1lisis sigue el mismo curso que el de un poeta esforz\u00e1ndose en expresar la realidad del mundo o su propia verdad. En los dos casos, aunque el valor est\u00e9tico no sea el mismo, se trata, para el sujeto, de un trabajo en la b\u00fasqueda de su identidad y singularidad.<br \/>\nInteresar\u00e1 este libro tanto a quienes se sientan atra\u00eddos por vislumbrar los caminos que sigue la elaboraci\u00f3n de un poema y lo que encierra y descubre la funci\u00f3n po\u00e9tica, como a los psic\u00f3logos y psiquiatras, sientan que encontrar\u00e1n los porqu\u00e9s de determinados aspectos t\u00e9cnicos en la aplicaci\u00f3n de la psicoterapia y el an\u00e1lisis de los pacientes.<br \/>\nEsta obra, nacida inicialmente como una conferencia, conserva un estilo verbal en el que quienes conocieron a <span class=\"destacat\">Francesc Tosquelles<\/span> reencontrar\u00e1n su presencia humana, viva y activa a trav\u00e9s de una aproximaci\u00f3n fundamental de la existencia humana.<\/p>\n","protected":false},"featured_media":62849,"comment_status":"open","ping_status":"closed","template":"","meta":{"_et_pb_use_builder":"","_et_pb_old_content":"","_et_gb_content_width":""},"product_cat":[1512,6675,9825],"product_tag":[2602],"edicion":[1083],"editoriales":[1160],"tienda":[],"autor_id":[6513],"universidades_coeditoras":[],"palabras_clave":[],"listado_alfabetico":[],"acf":[],"_links":{"self":[{"href":"https:\/\/wizardly-davinci.82-223-8-23.plesk.page\/en\/wp-json\/wp\/v2\/product\/16710"}],"collection":[{"href":"https:\/\/wizardly-davinci.82-223-8-23.plesk.page\/en\/wp-json\/wp\/v2\/product"}],"about":[{"href":"https:\/\/wizardly-davinci.82-223-8-23.plesk.page\/en\/wp-json\/wp\/v2\/types\/product"}],"replies":[{"embeddable":true,"href":"https:\/\/wizardly-davinci.82-223-8-23.plesk.page\/en\/wp-json\/wp\/v2\/comments?post=16710"}],"wp:featuredmedia":[{"embeddable":true,"href":"https:\/\/wizardly-davinci.82-223-8-23.plesk.page\/en\/wp-json\/wp\/v2\/media\/62849"}],"wp:attachment":[{"href":"https:\/\/wizardly-davinci.82-223-8-23.plesk.page\/en\/wp-json\/wp\/v2\/media?parent=16710"}],"wp:term":[{"taxonomy":"product_cat","embeddable":true,"href":"https:\/\/wizardly-davinci.82-223-8-23.plesk.page\/en\/wp-json\/wp\/v2\/product_cat?post=16710"},{"taxonomy":"product_tag","embeddable":true,"href":"https:\/\/wizardly-davinci.82-223-8-23.plesk.page\/en\/wp-json\/wp\/v2\/product_tag?post=16710"},{"taxonomy":"edicion","embeddable":true,"href":"https:\/\/wizardly-davinci.82-223-8-23.plesk.page\/en\/wp-json\/wp\/v2\/edicion?post=16710"},{"taxonomy":"editoriales","embeddable":true,"href":"https:\/\/wizardly-davinci.82-223-8-23.plesk.page\/en\/wp-json\/wp\/v2\/editoriales?post=16710"},{"taxonomy":"tienda","embeddable":true,"href":"https:\/\/wizardly-davinci.82-223-8-23.plesk.page\/en\/wp-json\/wp\/v2\/tienda?post=16710"},{"taxonomy":"autor_id","embeddable":true,"href":"https:\/\/wizardly-davinci.82-223-8-23.plesk.page\/en\/wp-json\/wp\/v2\/autor_id?post=16710"},{"taxonomy":"universidades_coeditoras","embeddable":true,"href":"https:\/\/wizardly-davinci.82-223-8-23.plesk.page\/en\/wp-json\/wp\/v2\/universidades_coeditoras?post=16710"},{"taxonomy":"palabras_clave","embeddable":true,"href":"https:\/\/wizardly-davinci.82-223-8-23.plesk.page\/en\/wp-json\/wp\/v2\/palabras_clave?post=16710"},{"taxonomy":"listado_alfabetico","embeddable":true,"href":"https:\/\/wizardly-davinci.82-223-8-23.plesk.page\/en\/wp-json\/wp\/v2\/listado_alfabetico?post=16710"}],"curies":[{"name":"wp","href":"https:\/\/api.w.org\/{rel}","templated":true}]}}