{"id":16712,"date":"2019-04-09T22:10:42","date_gmt":"2019-04-09T22:10:42","guid":{"rendered":"https:\/\/octaedro.com\/producto\/el-malestar-en-la-institucion\/"},"modified":"2023-04-20T10:13:53","modified_gmt":"2023-04-20T08:13:53","slug":"el-malestar-en-la-institucion","status":"publish","type":"product","link":"https:\/\/wizardly-davinci.82-223-8-23.plesk.page\/en\/producto\/el-malestar-en-la-institucion\/","title":{"rendered":"El malestar en la instituci\u00f3n"},"content":{"rendered":"<p>A pesar de la esperanza de racionalidad, el inconsciente tambi\u00e9n interviene en la instituci\u00f3n psiqui\u00e1trica. Pasi\u00f3n arcaica, goce funesto, lo insoportable de la transferencia con el psic\u00f3tico resulta de que ella pone directamente en evidencia, de forma concreta e indiscutible, la pulsi\u00f3n de muerte. \u00bfEs acaso la instituci\u00f3n terap\u00e9utica uno de los avatares del malestar que Freud se\u00f1al\u00f3 en la civilizaci\u00f3n?<br \/>\nLa instituci\u00f3n procede del retorno de lo mismo. Fundada en una relaci\u00f3n de eternidad, especie de m\u00e1quina melanc\u00f3lica, la sombra de lo que a cada cual le falta tambi\u00e9n parece cernerse sobre su organizaci\u00f3n.<br \/>\n\u00abYo soy aquello de lo que el otro carece\u00bb: este ser\u00eda uno de los escenarios caracter\u00edsticos de la fantas\u00eda del terapeuta. Aferrado a una funci\u00f3n imaginaria, con la falsa esperanza de encontrar una completitud perdida, ofrece sus atenciones como la madre no mancillada por la carencia.<br \/>\nEn una comunidad de negaci\u00f3n, cada cual teje en ella su historia y todo se repite, ineludiblemente, como en una tragedia. Asumir como proyecto la transformaci\u00f3n de la instituci\u00f3n implica atravesar el muro inefable de la ignorancia y enfrentarse a las resistencias que tienen much\u00edsimo que ver con las resistencias cl\u00e1sicas del psicoan\u00e1lisis.<br \/>\n\u00bfEs posible, a pesar de todo, aplicar el psicoan\u00e1lisis en la instituci\u00f3n psiqui\u00e1trica? Esta es la cuesti\u00f3n que centra este ensayo.<\/p>\n","protected":false},"excerpt":{"rendered":"<p>A pesar de la esperanza de racionalidad, el inconsciente tambi\u00e9n interviene en la instituci\u00f3n psiqui\u00e1trica. Pasi\u00f3n arcaica, goce funesto, lo insoportable de la transferencia con el psic\u00f3tico resulta de que ella pone directamente en evidencia, de forma concreta e indiscutible, la pulsi\u00f3n de muerte. \u00bfEs acaso la instituci\u00f3n terap\u00e9utica uno de los avatares del malestar que Freud se\u00f1al\u00f3 en la civilizaci\u00f3n?<br \/>\nLa instituci\u00f3n procede del retorno de lo mismo. Fundada en una relaci\u00f3n de eternidad, especie de m\u00e1quina melanc\u00f3lica, la sombra de lo que a cada cual le falta tambi\u00e9n parece cernerse sobre su organizaci\u00f3n.<br \/>\n\u00abYo soy aquello de lo que el otro carece\u00bb: este ser\u00eda uno de los escenarios caracter\u00edsticos de la fantas\u00eda del terapeuta. Aferrado a una funci\u00f3n imaginaria, con la falsa esperanza de encontrar una completitud perdida, ofrece sus atenciones como la madre no mancillada por la carencia.<br \/>\nEn una comunidad de negaci\u00f3n, cada cual teje en ella su historia y todo se repite, ineludiblemente, como en una tragedia. Asumir como proyecto la transformaci\u00f3n de la instituci\u00f3n implica atravesar el muro inefable de la ignorancia y enfrentarse a las resistencias que tienen much\u00edsimo que ver con las resistencias cl\u00e1sicas del psicoan\u00e1lisis.<br \/>\n\u00bfEs posible, a pesar de todo, aplicar el psicoan\u00e1lisis en la instituci\u00f3n psiqui\u00e1trica? Esta es la cuesti\u00f3n que centra este ensayo.<\/p>\n","protected":false},"featured_media":16713,"comment_status":"open","ping_status":"closed","template":"","meta":{"_et_pb_use_builder":"","_et_pb_old_content":"","_et_gb_content_width":""},"product_cat":[2606,1512,6674,6675,9825],"product_tag":[2608],"edicion":[1085,1083],"editoriales":[1160],"tienda":[],"autor_id":[5047,6436],"universidades_coeditoras":[],"palabras_clave":[],"listado_alfabetico":[],"acf":[],"_links":{"self":[{"href":"https:\/\/wizardly-davinci.82-223-8-23.plesk.page\/en\/wp-json\/wp\/v2\/product\/16712"}],"collection":[{"href":"https:\/\/wizardly-davinci.82-223-8-23.plesk.page\/en\/wp-json\/wp\/v2\/product"}],"about":[{"href":"https:\/\/wizardly-davinci.82-223-8-23.plesk.page\/en\/wp-json\/wp\/v2\/types\/product"}],"replies":[{"embeddable":true,"href":"https:\/\/wizardly-davinci.82-223-8-23.plesk.page\/en\/wp-json\/wp\/v2\/comments?post=16712"}],"wp:featuredmedia":[{"embeddable":true,"href":"https:\/\/wizardly-davinci.82-223-8-23.plesk.page\/en\/wp-json\/wp\/v2\/media\/16713"}],"wp:attachment":[{"href":"https:\/\/wizardly-davinci.82-223-8-23.plesk.page\/en\/wp-json\/wp\/v2\/media?parent=16712"}],"wp:term":[{"taxonomy":"product_cat","embeddable":true,"href":"https:\/\/wizardly-davinci.82-223-8-23.plesk.page\/en\/wp-json\/wp\/v2\/product_cat?post=16712"},{"taxonomy":"product_tag","embeddable":true,"href":"https:\/\/wizardly-davinci.82-223-8-23.plesk.page\/en\/wp-json\/wp\/v2\/product_tag?post=16712"},{"taxonomy":"edicion","embeddable":true,"href":"https:\/\/wizardly-davinci.82-223-8-23.plesk.page\/en\/wp-json\/wp\/v2\/edicion?post=16712"},{"taxonomy":"editoriales","embeddable":true,"href":"https:\/\/wizardly-davinci.82-223-8-23.plesk.page\/en\/wp-json\/wp\/v2\/editoriales?post=16712"},{"taxonomy":"tienda","embeddable":true,"href":"https:\/\/wizardly-davinci.82-223-8-23.plesk.page\/en\/wp-json\/wp\/v2\/tienda?post=16712"},{"taxonomy":"autor_id","embeddable":true,"href":"https:\/\/wizardly-davinci.82-223-8-23.plesk.page\/en\/wp-json\/wp\/v2\/autor_id?post=16712"},{"taxonomy":"universidades_coeditoras","embeddable":true,"href":"https:\/\/wizardly-davinci.82-223-8-23.plesk.page\/en\/wp-json\/wp\/v2\/universidades_coeditoras?post=16712"},{"taxonomy":"palabras_clave","embeddable":true,"href":"https:\/\/wizardly-davinci.82-223-8-23.plesk.page\/en\/wp-json\/wp\/v2\/palabras_clave?post=16712"},{"taxonomy":"listado_alfabetico","embeddable":true,"href":"https:\/\/wizardly-davinci.82-223-8-23.plesk.page\/en\/wp-json\/wp\/v2\/listado_alfabetico?post=16712"}],"curies":[{"name":"wp","href":"https:\/\/api.w.org\/{rel}","templated":true}]}}