{"id":16714,"date":"2019-04-09T22:10:43","date_gmt":"2019-04-09T22:10:43","guid":{"rendered":"https:\/\/octaedro.com\/producto\/factores-psicosociales-asociados-a-enfermedades-cronico-degenerativas\/"},"modified":"2023-04-20T10:14:00","modified_gmt":"2023-04-20T08:14:00","slug":"factores-psicosociales-asociados-a-enfermedades-cronico-degenerativas","status":"publish","type":"product","link":"https:\/\/wizardly-davinci.82-223-8-23.plesk.page\/en\/producto\/factores-psicosociales-asociados-a-enfermedades-cronico-degenerativas\/","title":{"rendered":"Factores psicosociales asociados a enfermedades cr\u00f3nico-degenerativas"},"content":{"rendered":"<p>Bajo la coordinaci\u00f3n de Alejandra Moys\u00e9n, Gloria Margarita Gurrola y Patricia Balc\u00e1zar, de la Universidad Aut\u00f3noma del Estado de M\u00e9xico, se re\u00fanen las investigaciones de varios autores de diferentes universidades mexicanas y del mundo, que abordan contenidos relacionados con la obesidad, la diabetes Mellitus 2, el c\u00e1ncer, la insuficiencia renal y la hipertensi\u00f3n; enfermedades, consideradas actualmente un problema sanitario mundial. Estos estudios se dirigen tambi\u00e9n a los cuidadores de enfermos cr\u00f3nicos.<br \/>\nEsta obra refleja el trabajo conjunto de los compiladores, los autores y un comit\u00e9 editorial, en el marco de su pertenencia a redes tem\u00e1ticas y asociaciones cuyo trabajo se centra en la psicolog\u00eda de la salud, tanto desde el \u00e1mbito te\u00f3rico como de los resultados de las investigaciones realizadas.<\/p>\n","protected":false},"excerpt":{"rendered":"<p>Bajo la coordinaci\u00f3n de Alejandra Moys\u00e9n, Gloria Margarita Gurrola y Patricia Balc\u00e1zar, de la Universidad Aut\u00f3noma del Estado de M\u00e9xico, se re\u00fanen las investigaciones de varios autores de diferentes universidades mexicanas y del mundo, que abordan contenidos relacionados con la obesidad, la diabetes Mellitus 2, el c\u00e1ncer, la insuficiencia renal y la hipertensi\u00f3n; enfermedades, consideradas actualmente un problema sanitario mundial. Estos estudios se dirigen tambi\u00e9n a los cuidadores de enfermos cr\u00f3nicos.<br \/>\nEsta obra refleja el trabajo conjunto de los compiladores, los autores y un comit\u00e9 editorial, en el marco de su pertenencia a redes tem\u00e1ticas y asociaciones cuyo trabajo se centra en la psicolog\u00eda de la salud, tanto desde el \u00e1mbito te\u00f3rico como de los resultados de las investigaciones realizadas.<\/p>\n","protected":false},"featured_media":16715,"comment_status":"open","ping_status":"closed","template":"","meta":{"_et_pb_use_builder":"","_et_pb_old_content":"","_et_gb_content_width":""},"product_cat":[2606,1512,6674,6675,9825],"product_tag":[2608],"edicion":[1085,1083],"editoriales":[1160],"tienda":[],"autor_id":[5103,5893,6027],"universidades_coeditoras":[],"palabras_clave":[],"listado_alfabetico":[],"acf":[],"_links":{"self":[{"href":"https:\/\/wizardly-davinci.82-223-8-23.plesk.page\/en\/wp-json\/wp\/v2\/product\/16714"}],"collection":[{"href":"https:\/\/wizardly-davinci.82-223-8-23.plesk.page\/en\/wp-json\/wp\/v2\/product"}],"about":[{"href":"https:\/\/wizardly-davinci.82-223-8-23.plesk.page\/en\/wp-json\/wp\/v2\/types\/product"}],"replies":[{"embeddable":true,"href":"https:\/\/wizardly-davinci.82-223-8-23.plesk.page\/en\/wp-json\/wp\/v2\/comments?post=16714"}],"wp:featuredmedia":[{"embeddable":true,"href":"https:\/\/wizardly-davinci.82-223-8-23.plesk.page\/en\/wp-json\/wp\/v2\/media\/16715"}],"wp:attachment":[{"href":"https:\/\/wizardly-davinci.82-223-8-23.plesk.page\/en\/wp-json\/wp\/v2\/media?parent=16714"}],"wp:term":[{"taxonomy":"product_cat","embeddable":true,"href":"https:\/\/wizardly-davinci.82-223-8-23.plesk.page\/en\/wp-json\/wp\/v2\/product_cat?post=16714"},{"taxonomy":"product_tag","embeddable":true,"href":"https:\/\/wizardly-davinci.82-223-8-23.plesk.page\/en\/wp-json\/wp\/v2\/product_tag?post=16714"},{"taxonomy":"edicion","embeddable":true,"href":"https:\/\/wizardly-davinci.82-223-8-23.plesk.page\/en\/wp-json\/wp\/v2\/edicion?post=16714"},{"taxonomy":"editoriales","embeddable":true,"href":"https:\/\/wizardly-davinci.82-223-8-23.plesk.page\/en\/wp-json\/wp\/v2\/editoriales?post=16714"},{"taxonomy":"tienda","embeddable":true,"href":"https:\/\/wizardly-davinci.82-223-8-23.plesk.page\/en\/wp-json\/wp\/v2\/tienda?post=16714"},{"taxonomy":"autor_id","embeddable":true,"href":"https:\/\/wizardly-davinci.82-223-8-23.plesk.page\/en\/wp-json\/wp\/v2\/autor_id?post=16714"},{"taxonomy":"universidades_coeditoras","embeddable":true,"href":"https:\/\/wizardly-davinci.82-223-8-23.plesk.page\/en\/wp-json\/wp\/v2\/universidades_coeditoras?post=16714"},{"taxonomy":"palabras_clave","embeddable":true,"href":"https:\/\/wizardly-davinci.82-223-8-23.plesk.page\/en\/wp-json\/wp\/v2\/palabras_clave?post=16714"},{"taxonomy":"listado_alfabetico","embeddable":true,"href":"https:\/\/wizardly-davinci.82-223-8-23.plesk.page\/en\/wp-json\/wp\/v2\/listado_alfabetico?post=16714"}],"curies":[{"name":"wp","href":"https:\/\/api.w.org\/{rel}","templated":true}]}}