{"id":16716,"date":"2019-04-09T22:10:43","date_gmt":"2019-04-09T22:10:43","guid":{"rendered":"https:\/\/octaedro.com\/producto\/manual-de-psicoterapia-centrada-en-la-parentalidad\/"},"modified":"2023-04-20T10:14:07","modified_gmt":"2023-04-20T08:14:07","slug":"manual-de-psicoterapia-centrada-en-la-parentalidad","status":"publish","type":"product","link":"https:\/\/wizardly-davinci.82-223-8-23.plesk.page\/en\/producto\/manual-de-psicoterapia-centrada-en-la-parentalidad\/","title":{"rendered":"Manual de psicoterapia centrada en la parentalidad"},"content":{"rendered":"<p>\u00bfC\u00f3mo abordar los problemas de parentalidad cuando el beb\u00e9 se est\u00e1 gestando o acaba de nacer? \u00bfY cuando es un reci\u00e9n nacido, un beb\u00e9, un ni\u00f1o o un adolescente? \u00bfC\u00f3mo ayudar a los padres que sufren dificultades relacionales con su hijo? Este <em>Manual de psicoterapia centrada en la parentalidad<\/em> (PCP) constituye un soporte te\u00f3rico y cl\u00ednico para estas cuestiones.<\/p>\n<p>Nacida de la larga experiencia de las psicoterapias padres-ni\u00f1os, la PCP prosigue la misma l\u00ednea psicodin\u00e1mica ampliando las indicaciones a situaciones cl\u00ednicas m\u00e1s actuales, tales como la depresi\u00f3n perinatal o las amenazas de prematuridad. Las ilustraciones cl\u00ednicas que se exponen unen la teor\u00eda a la pr\u00e1ctica, permitiendo al lector seguir el pensamiento y el trabajo cl\u00ednico del psicoterapeuta. Pr\u00e1ctico, accesible y sint\u00e9tico, este manual quiere ser garante de la evoluci\u00f3n de un pensamiento y de su transmisi\u00f3n adaptada al contexto contempor\u00e1neo de la parentalidad.<\/p>\n<p>Los autores son psicoterapeutas y\/o psicoanalistas, especialistas en psicoterapias breves centradas en la parentalidad. Ejercen y son docentes en el marco del Servicio de Psiquiatr\u00eda del Ni\u00f1o y del Adolescente en los H\u00f4pitaux Universitaires de Gen\u00e8ve.<\/p>\n","protected":false},"excerpt":{"rendered":"<p>\u00bfC\u00f3mo abordar los problemas de parentalidad cuando el beb\u00e9 se est\u00e1 gestando o acaba de nacer? \u00bfY cuando es un reci\u00e9n nacido, un beb\u00e9, un ni\u00f1o o un adolescente? \u00bfC\u00f3mo ayudar a los padres que sufren dificultades relacionales con su hijo? Este <em>Manual de psicoterapia centrada en la parentalidad<\/em> (PCP) constituye un soporte te\u00f3rico y cl\u00ednico para estas cuestiones.<\/p>\n<p>Nacida de la larga experiencia de las psicoterapias padres-ni\u00f1os, la PCP prosigue la misma l\u00ednea psicodin\u00e1mica ampliando las indicaciones a situaciones cl\u00ednicas m\u00e1s actuales, tales como la depresi\u00f3n perinatal o las amenazas de prematuridad. Las ilustraciones cl\u00ednicas que se exponen unen la teor\u00eda a la pr\u00e1ctica, permitiendo al lector seguir el pensamiento y el trabajo cl\u00ednico del psicoterapeuta. Pr\u00e1ctico, accesible y sint\u00e9tico, este manual quiere ser garante de la evoluci\u00f3n de un pensamiento y de su transmisi\u00f3n adaptada al contexto contempor\u00e1neo de la parentalidad.<\/p>\n<p>Los autores son psicoterapeutas y\/o psicoanalistas, especialistas en psicoterapias breves centradas en la parentalidad. Ejercen y son docentes en el marco del Servicio de Psiquiatr\u00eda del Ni\u00f1o y del Adolescente en los H\u00f4pitaux Universitaires de Gen\u00e8ve.<\/p>\n","protected":false},"featured_media":35807,"comment_status":"open","ping_status":"closed","template":"","meta":{"_et_pb_use_builder":"","_et_pb_old_content":"","_et_gb_content_width":""},"product_cat":[2606,1512,6674,6675,9825],"product_tag":[2608],"edicion":[],"editoriales":[1160],"tienda":[],"autor_id":[],"universidades_coeditoras":[],"palabras_clave":[],"listado_alfabetico":[],"acf":[],"_links":{"self":[{"href":"https:\/\/wizardly-davinci.82-223-8-23.plesk.page\/en\/wp-json\/wp\/v2\/product\/16716"}],"collection":[{"href":"https:\/\/wizardly-davinci.82-223-8-23.plesk.page\/en\/wp-json\/wp\/v2\/product"}],"about":[{"href":"https:\/\/wizardly-davinci.82-223-8-23.plesk.page\/en\/wp-json\/wp\/v2\/types\/product"}],"replies":[{"embeddable":true,"href":"https:\/\/wizardly-davinci.82-223-8-23.plesk.page\/en\/wp-json\/wp\/v2\/comments?post=16716"}],"wp:featuredmedia":[{"embeddable":true,"href":"https:\/\/wizardly-davinci.82-223-8-23.plesk.page\/en\/wp-json\/wp\/v2\/media\/35807"}],"wp:attachment":[{"href":"https:\/\/wizardly-davinci.82-223-8-23.plesk.page\/en\/wp-json\/wp\/v2\/media?parent=16716"}],"wp:term":[{"taxonomy":"product_cat","embeddable":true,"href":"https:\/\/wizardly-davinci.82-223-8-23.plesk.page\/en\/wp-json\/wp\/v2\/product_cat?post=16716"},{"taxonomy":"product_tag","embeddable":true,"href":"https:\/\/wizardly-davinci.82-223-8-23.plesk.page\/en\/wp-json\/wp\/v2\/product_tag?post=16716"},{"taxonomy":"edicion","embeddable":true,"href":"https:\/\/wizardly-davinci.82-223-8-23.plesk.page\/en\/wp-json\/wp\/v2\/edicion?post=16716"},{"taxonomy":"editoriales","embeddable":true,"href":"https:\/\/wizardly-davinci.82-223-8-23.plesk.page\/en\/wp-json\/wp\/v2\/editoriales?post=16716"},{"taxonomy":"tienda","embeddable":true,"href":"https:\/\/wizardly-davinci.82-223-8-23.plesk.page\/en\/wp-json\/wp\/v2\/tienda?post=16716"},{"taxonomy":"autor_id","embeddable":true,"href":"https:\/\/wizardly-davinci.82-223-8-23.plesk.page\/en\/wp-json\/wp\/v2\/autor_id?post=16716"},{"taxonomy":"universidades_coeditoras","embeddable":true,"href":"https:\/\/wizardly-davinci.82-223-8-23.plesk.page\/en\/wp-json\/wp\/v2\/universidades_coeditoras?post=16716"},{"taxonomy":"palabras_clave","embeddable":true,"href":"https:\/\/wizardly-davinci.82-223-8-23.plesk.page\/en\/wp-json\/wp\/v2\/palabras_clave?post=16716"},{"taxonomy":"listado_alfabetico","embeddable":true,"href":"https:\/\/wizardly-davinci.82-223-8-23.plesk.page\/en\/wp-json\/wp\/v2\/listado_alfabetico?post=16716"}],"curies":[{"name":"wp","href":"https:\/\/api.w.org\/{rel}","templated":true}]}}