{"id":16718,"date":"2019-04-09T22:10:44","date_gmt":"2019-04-09T22:10:44","guid":{"rendered":"https:\/\/octaedro.com\/producto\/psicoterapia-de-grupo-y-psicodrama\/"},"modified":"2023-04-20T10:14:13","modified_gmt":"2023-04-20T08:14:13","slug":"psicoterapia-de-grupo-y-psicodrama","status":"publish","type":"product","link":"https:\/\/wizardly-davinci.82-223-8-23.plesk.page\/en\/producto\/psicoterapia-de-grupo-y-psicodrama\/","title":{"rendered":"Psicoterapia de grupo y psicodrama"},"content":{"rendered":"<p>En este libro se estudian la psicoterapia de grupo y el psicodrama desde una perspectiva te\u00f3rica y t\u00e9cnica as\u00ed como sus aplicaciones en las tareas de prevenci\u00f3n, atenci\u00f3n y rehabilitaci\u00f3n en el campo de la salud mental individual, grupal y comunitaria.<br \/>\nSe desarrollan los m\u00faltiples aportes recibidos de otras escuelas a lo largo de los \u00faltimos cien a\u00f1os: la neurofisiolog\u00eda, el psicoan\u00e1lisis, la psicoterapia de grupo la teor\u00eda teatral y las artes esc\u00e9nicas aplicadas, la antropolog\u00eda, la filosof\u00eda, los estudios realizados sobre el espacio y la arquitectura y el desarrollo de las nuevas tecnolog\u00edas de informaci\u00f3n y comunicaci\u00f3n.<br \/>\nLa teor\u00eda del cuerpo en psicodrama, la teor\u00eda de la escena en psicoterapia, la psicopatolog\u00eda psicodram\u00e1tica y el estudio de los micro y macroprocesos grupales son nuevos aportes que los autores presentan y que vienen a articular un marco de trabajo integrado y actualizado.<br \/>\nLa \u2018escena\u2019, hilo conductor de la obra, potencia las posibilidades transformadoras de la psicoterapia de grupo y del psicodrama e introduce el amplio campo de la creatividad humana. Acci\u00f3n, reflexi\u00f3n y creatividad se constituyen en las nuevas orientaciones de la psicoterapia del futuro.<br \/>\nEl presente trabajo es el segundo de una colecci\u00f3n dirigida por el doctor <span class=\"destacat\">Ra\u00fal Vaimberg Grillo<\/span>. El primero, Psicoterapia de grupo, psicoterapia de grupo online fue publicado en la editorial Octaedro en 2012. Pr\u00f3ximamente se publicar\u00e1n otros sobre temas de la actualidad y el futuro de la salud mental: El cuerpo en psicoterapia, Teor\u00eda de la escena en psicoterapia, Psicopatolog\u00eda, Psicodrama pedag\u00f3gico y t\u00e9cnicas de grupo en la instituci\u00f3n, Artes esc\u00e9nicas y psicodrama.<br \/>\nEsta obra est\u00e1 dirigida a m\u00e9dicos, psiquiatras, psic\u00f3logos, psicoterapeutas, psicoanalistas, directores de teatro, core\u00f3grafos, actores, bailarines, enfermeros, asistentes y trabajadores sociales, terapeutas ocupacionales y educadores sociales, maestros, pedagogos, psicopedagogos y estudiantes de estas ramas del conocimiento, as\u00ed como a las personas interesadas en los campos de las artes esc\u00e9nicas y de la salud mental. Esperamos que este texto sea un espacio abierto para la reflexi\u00f3n y el di\u00e1logo cl\u00ednico e interdisciplinar.<\/p>\n","protected":false},"excerpt":{"rendered":"<p>En este libro se estudian la psicoterapia de grupo y el psicodrama desde una perspectiva te\u00f3rica y t\u00e9cnica as\u00ed como sus aplicaciones en las tareas de prevenci\u00f3n, atenci\u00f3n y rehabilitaci\u00f3n en el campo de la salud mental individual, grupal y comunitaria.<br \/>\nSe desarrollan los m\u00faltiples aportes recibidos de otras escuelas a lo largo de los \u00faltimos cien a\u00f1os: la neurofisiolog\u00eda, el psicoan\u00e1lisis, la psicoterapia de grupo la teor\u00eda teatral y las artes esc\u00e9nicas aplicadas, la antropolog\u00eda, la filosof\u00eda, los estudios realizados sobre el espacio y la arquitectura y el desarrollo de las nuevas tecnolog\u00edas de informaci\u00f3n y comunicaci\u00f3n.<br \/>\nLa teor\u00eda del cuerpo en psicodrama, la teor\u00eda de la escena en psicoterapia, la psicopatolog\u00eda psicodram\u00e1tica y el estudio de los micro y macroprocesos grupales son nuevos aportes que los autores presentan y que vienen a articular un marco de trabajo integrado y actualizado.<br \/>\nLa \u2018escena\u2019, hilo conductor de la obra, potencia las posibilidades transformadoras de la psicoterapia de grupo y del psicodrama e introduce el amplio campo de la creatividad humana. Acci\u00f3n, reflexi\u00f3n y creatividad se constituyen en las nuevas orientaciones de la psicoterapia del futuro.<br \/>\nEl presente trabajo es el segundo de una colecci\u00f3n dirigida por el doctor <span class=\"destacat\">Ra\u00fal Vaimberg Grillo<\/span>. El primero, Psicoterapia de grupo, psicoterapia de grupo online fue publicado en la editorial Octaedro en 2012. Pr\u00f3ximamente se publicar\u00e1n otros sobre temas de la actualidad y el futuro de la salud mental: El cuerpo en psicoterapia, Teor\u00eda de la escena en psicoterapia, Psicopatolog\u00eda, Psicodrama pedag\u00f3gico y t\u00e9cnicas de grupo en la instituci\u00f3n, Artes esc\u00e9nicas y psicodrama.<br \/>\nEsta obra est\u00e1 dirigida a m\u00e9dicos, psiquiatras, psic\u00f3logos, psicoterapeutas, psicoanalistas, directores de teatro, core\u00f3grafos, actores, bailarines, enfermeros, asistentes y trabajadores sociales, terapeutas ocupacionales y educadores sociales, maestros, pedagogos, psicopedagogos y estudiantes de estas ramas del conocimiento, as\u00ed como a las personas interesadas en los campos de las artes esc\u00e9nicas y de la salud mental. Esperamos que este texto sea un espacio abierto para la reflexi\u00f3n y el di\u00e1logo cl\u00ednico e interdisciplinar.<\/p>\n","protected":false},"featured_media":16719,"comment_status":"open","ping_status":"closed","template":"","meta":{"_et_pb_use_builder":"","_et_pb_old_content":"","_et_gb_content_width":""},"product_cat":[2606,1512,6674,6675,9825],"product_tag":[2608],"edicion":[1085,1083],"editoriales":[1160],"tienda":[],"autor_id":[5831,6540],"universidades_coeditoras":[],"palabras_clave":[],"listado_alfabetico":[],"acf":[],"_links":{"self":[{"href":"https:\/\/wizardly-davinci.82-223-8-23.plesk.page\/en\/wp-json\/wp\/v2\/product\/16718"}],"collection":[{"href":"https:\/\/wizardly-davinci.82-223-8-23.plesk.page\/en\/wp-json\/wp\/v2\/product"}],"about":[{"href":"https:\/\/wizardly-davinci.82-223-8-23.plesk.page\/en\/wp-json\/wp\/v2\/types\/product"}],"replies":[{"embeddable":true,"href":"https:\/\/wizardly-davinci.82-223-8-23.plesk.page\/en\/wp-json\/wp\/v2\/comments?post=16718"}],"wp:featuredmedia":[{"embeddable":true,"href":"https:\/\/wizardly-davinci.82-223-8-23.plesk.page\/en\/wp-json\/wp\/v2\/media\/16719"}],"wp:attachment":[{"href":"https:\/\/wizardly-davinci.82-223-8-23.plesk.page\/en\/wp-json\/wp\/v2\/media?parent=16718"}],"wp:term":[{"taxonomy":"product_cat","embeddable":true,"href":"https:\/\/wizardly-davinci.82-223-8-23.plesk.page\/en\/wp-json\/wp\/v2\/product_cat?post=16718"},{"taxonomy":"product_tag","embeddable":true,"href":"https:\/\/wizardly-davinci.82-223-8-23.plesk.page\/en\/wp-json\/wp\/v2\/product_tag?post=16718"},{"taxonomy":"edicion","embeddable":true,"href":"https:\/\/wizardly-davinci.82-223-8-23.plesk.page\/en\/wp-json\/wp\/v2\/edicion?post=16718"},{"taxonomy":"editoriales","embeddable":true,"href":"https:\/\/wizardly-davinci.82-223-8-23.plesk.page\/en\/wp-json\/wp\/v2\/editoriales?post=16718"},{"taxonomy":"tienda","embeddable":true,"href":"https:\/\/wizardly-davinci.82-223-8-23.plesk.page\/en\/wp-json\/wp\/v2\/tienda?post=16718"},{"taxonomy":"autor_id","embeddable":true,"href":"https:\/\/wizardly-davinci.82-223-8-23.plesk.page\/en\/wp-json\/wp\/v2\/autor_id?post=16718"},{"taxonomy":"universidades_coeditoras","embeddable":true,"href":"https:\/\/wizardly-davinci.82-223-8-23.plesk.page\/en\/wp-json\/wp\/v2\/universidades_coeditoras?post=16718"},{"taxonomy":"palabras_clave","embeddable":true,"href":"https:\/\/wizardly-davinci.82-223-8-23.plesk.page\/en\/wp-json\/wp\/v2\/palabras_clave?post=16718"},{"taxonomy":"listado_alfabetico","embeddable":true,"href":"https:\/\/wizardly-davinci.82-223-8-23.plesk.page\/en\/wp-json\/wp\/v2\/listado_alfabetico?post=16718"}],"curies":[{"name":"wp","href":"https:\/\/api.w.org\/{rel}","templated":true}]}}