{"id":16720,"date":"2019-04-09T22:10:44","date_gmt":"2019-04-09T22:10:44","guid":{"rendered":"https:\/\/octaedro.com\/producto\/terapia-psicomotriz-reconstruyendo-una-historia\/"},"modified":"2023-04-20T10:14:20","modified_gmt":"2023-04-20T08:14:20","slug":"terapia-psicomotriz-reconstruyendo-una-historia","status":"publish","type":"product","link":"https:\/\/wizardly-davinci.82-223-8-23.plesk.page\/en\/producto\/terapia-psicomotriz-reconstruyendo-una-historia\/","title":{"rendered":"Terapia psicomotriz: reconstruyendo una historia"},"content":{"rendered":"<p>Esta publicaci\u00f3n es el resultado de un largo proceso de reflexi\u00f3n colectiva de quienes conformamos en su d\u00eda el Grupo de Estudio de Terapia Psicomotriz, personas que ya ten\u00edamos un cierto recorrido profesional y a quienes nos mov\u00eda la inquietud de profundizar en nuestra pr\u00e1ctica y en su teor\u00eda.<\/p>\n<p>En el n\u00facleo de esta reflexi\u00f3n est\u00e1n el proceso terap\u00e9utico y la metodolog\u00eda de los tres ejes para la formulaci\u00f3n de una hip\u00f3tesis diagn\u00f3stica y un proyecto de intervenci\u00f3n.<\/p>\n<p>No pretendemos, con este trabajo, pontificar sobre nada y a\u00fan menos hacer un manual; solo tratamos de mostrar el fruto de una experiencia tan rica y tan apasionante como fue la de juntarnos para reflexionar y exponer los resultados de este recorrido.<\/p>\n<p>Animamos a todas las personas que lleguen a ser psicomotricistas a que, una vez acabada su formaci\u00f3n, no desaprovechen la inercia del grupo en el que se han formado y sigan encontr\u00e1ndose y haciendo cosas juntos: revisar casos, reflexionar sobre temas, compartir experiencias, leer textos, etc.<\/p>\n<p>A nosotros todas estas actividades nos resultaron mucho m\u00e1s enriquecedoras justamente porque las hicimos en compa\u00f1\u00eda, como la formaci\u00f3n misma.<\/p>\n","protected":false},"excerpt":{"rendered":"<p>Esta publicaci\u00f3n es el resultado de un largo proceso de reflexi\u00f3n colectiva de quienes conformamos en su d\u00eda el Grupo de Estudio de Terapia Psicomotriz, personas que ya ten\u00edamos un cierto recorrido profesional y a quienes nos mov\u00eda la inquietud de profundizar en nuestra pr\u00e1ctica y en su teor\u00eda.<\/p>\n<p>En el n\u00facleo de esta reflexi\u00f3n est\u00e1n el proceso terap\u00e9utico y la metodolog\u00eda de los tres ejes para la formulaci\u00f3n de una hip\u00f3tesis diagn\u00f3stica y un proyecto de intervenci\u00f3n.<\/p>\n<p>No pretendemos, con este trabajo, pontificar sobre nada y a\u00fan menos hacer un manual; solo tratamos de mostrar el fruto de una experiencia tan rica y tan apasionante como fue la de juntarnos para reflexionar y exponer los resultados de este recorrido.<\/p>\n<p>Animamos a todas las personas que lleguen a ser psicomotricistas a que, una vez acabada su formaci\u00f3n, no desaprovechen la inercia del grupo en el que se han formado y sigan encontr\u00e1ndose y haciendo cosas juntos: revisar casos, reflexionar sobre temas, compartir experiencias, leer textos, etc.<\/p>\n<p>A nosotros todas estas actividades nos resultaron mucho m\u00e1s enriquecedoras justamente porque las hicimos en compa\u00f1\u00eda, como la formaci\u00f3n misma.<\/p>\n","protected":false},"featured_media":16721,"comment_status":"open","ping_status":"closed","template":"","meta":{"_et_pb_use_builder":"","_et_pb_old_content":"","_et_gb_content_width":""},"product_cat":[1512,6675,9825],"product_tag":[2602],"edicion":[1083],"editoriales":[1160],"tienda":[],"autor_id":[4987,5141,5844,5941,6005],"universidades_coeditoras":[],"palabras_clave":[],"listado_alfabetico":[],"acf":[],"_links":{"self":[{"href":"https:\/\/wizardly-davinci.82-223-8-23.plesk.page\/en\/wp-json\/wp\/v2\/product\/16720"}],"collection":[{"href":"https:\/\/wizardly-davinci.82-223-8-23.plesk.page\/en\/wp-json\/wp\/v2\/product"}],"about":[{"href":"https:\/\/wizardly-davinci.82-223-8-23.plesk.page\/en\/wp-json\/wp\/v2\/types\/product"}],"replies":[{"embeddable":true,"href":"https:\/\/wizardly-davinci.82-223-8-23.plesk.page\/en\/wp-json\/wp\/v2\/comments?post=16720"}],"wp:featuredmedia":[{"embeddable":true,"href":"https:\/\/wizardly-davinci.82-223-8-23.plesk.page\/en\/wp-json\/wp\/v2\/media\/16721"}],"wp:attachment":[{"href":"https:\/\/wizardly-davinci.82-223-8-23.plesk.page\/en\/wp-json\/wp\/v2\/media?parent=16720"}],"wp:term":[{"taxonomy":"product_cat","embeddable":true,"href":"https:\/\/wizardly-davinci.82-223-8-23.plesk.page\/en\/wp-json\/wp\/v2\/product_cat?post=16720"},{"taxonomy":"product_tag","embeddable":true,"href":"https:\/\/wizardly-davinci.82-223-8-23.plesk.page\/en\/wp-json\/wp\/v2\/product_tag?post=16720"},{"taxonomy":"edicion","embeddable":true,"href":"https:\/\/wizardly-davinci.82-223-8-23.plesk.page\/en\/wp-json\/wp\/v2\/edicion?post=16720"},{"taxonomy":"editoriales","embeddable":true,"href":"https:\/\/wizardly-davinci.82-223-8-23.plesk.page\/en\/wp-json\/wp\/v2\/editoriales?post=16720"},{"taxonomy":"tienda","embeddable":true,"href":"https:\/\/wizardly-davinci.82-223-8-23.plesk.page\/en\/wp-json\/wp\/v2\/tienda?post=16720"},{"taxonomy":"autor_id","embeddable":true,"href":"https:\/\/wizardly-davinci.82-223-8-23.plesk.page\/en\/wp-json\/wp\/v2\/autor_id?post=16720"},{"taxonomy":"universidades_coeditoras","embeddable":true,"href":"https:\/\/wizardly-davinci.82-223-8-23.plesk.page\/en\/wp-json\/wp\/v2\/universidades_coeditoras?post=16720"},{"taxonomy":"palabras_clave","embeddable":true,"href":"https:\/\/wizardly-davinci.82-223-8-23.plesk.page\/en\/wp-json\/wp\/v2\/palabras_clave?post=16720"},{"taxonomy":"listado_alfabetico","embeddable":true,"href":"https:\/\/wizardly-davinci.82-223-8-23.plesk.page\/en\/wp-json\/wp\/v2\/listado_alfabetico?post=16720"}],"curies":[{"name":"wp","href":"https:\/\/api.w.org\/{rel}","templated":true}]}}