{"id":16732,"date":"2019-04-09T22:10:51","date_gmt":"2019-04-09T22:10:51","guid":{"rendered":"https:\/\/octaedro.com\/producto\/el-crepusculo-de-la-cultura-americana\/"},"modified":"2023-04-20T10:34:20","modified_gmt":"2023-04-20T08:34:20","slug":"el-crepusculo-de-la-cultura-americana","status":"publish","type":"product","link":"https:\/\/wizardly-davinci.82-223-8-23.plesk.page\/en\/producto\/el-crepusculo-de-la-cultura-americana\/","title":{"rendered":"El crep\u00fasculo de la cultura americana"},"content":{"rendered":"<p>El crep\u00fasculo de la cultura americana, profundo diagn\u00f3stico y cr\u00edtica del declive cultural de los Estados Unidos, plasma una visi\u00f3n interna del estado actual de la cultura estadounidense y los diferentes escenarios a los que puede enfrentarse en un futuro. El propio Berman describe este libro as\u00ed: \u201cEs una especie de libro gu\u00eda para el siglo veintiuno en adelante. Busca darle al lector un sentido de d\u00f3nde estamos, en t\u00e9rminos hist\u00f3ricos, y lo que esto significa; un modo tanto para orientarse a s\u00ed mismo en los eventos contempor\u00e1neos, como para ser capaz de hallar significado en una cultura que se desintegra, y tal vez contribuir de alg\u00fan modo a la eventual reconstrucci\u00f3n de esa cultura sobre una base muy distinta [&#8230;] estoy convencido de que permanece un n\u00facleo vital dentro de nosotros que anhela la realidad, que conoce la diferencia entre el mundo de algodones de la naci\u00f3n Bostock y el denso, opaco mundo de pensamiento dificultoso y vida desafiante. Si esta distinci\u00f3n tiene sentido intuitivamente para ti; si al fin est\u00e1s harto de CNN y Hollywood y John Grisham y la \u201cespiritualidad\u201d New Age, entonces coge una silla, desconecta tu tel\u00e9fono (beeper, TV, fax, ordenador, etc\u00e9tera), y dame unas cuantas horas de tu tiempo.\u201d<\/p>\n","protected":false},"excerpt":{"rendered":"<p>El crep\u00fasculo de la cultura americana, profundo diagn\u00f3stico y cr\u00edtica del declive cultural de los Estados Unidos, plasma una visi\u00f3n interna del estado actual de la cultura estadounidense y los diferentes escenarios a los que puede enfrentarse en un futuro. El propio Berman describe este libro as\u00ed: \u201cEs una especie de libro gu\u00eda para el siglo veintiuno en adelante. Busca darle al lector un sentido de d\u00f3nde estamos, en t\u00e9rminos hist\u00f3ricos, y lo que esto significa; un modo tanto para orientarse a s\u00ed mismo en los eventos contempor\u00e1neos, como para ser capaz de hallar significado en una cultura que se desintegra, y tal vez contribuir de alg\u00fan modo a la eventual reconstrucci\u00f3n de esa cultura sobre una base muy distinta [&#8230;] estoy convencido de que permanece un n\u00facleo vital dentro de nosotros que anhela la realidad, que conoce la diferencia entre el mundo de algodones de la naci\u00f3n Bostock y el denso, opaco mundo de pensamiento dificultoso y vida desafiante. Si esta distinci\u00f3n tiene sentido intuitivamente para ti; si al fin est\u00e1s harto de CNN y Hollywood y John Grisham y la \u201cespiritualidad\u201d New Age, entonces coge una silla, desconecta tu tel\u00e9fono (beeper, TV, fax, ordenador, etc\u00e9tera), y dame unas cuantas horas de tu tiempo.\u201d<\/p>\n","protected":false},"featured_media":16733,"comment_status":"open","ping_status":"closed","template":"","meta":{"_et_pb_use_builder":"","_et_pb_old_content":"","_et_gb_content_width":""},"product_cat":[1512],"product_tag":[],"edicion":[],"editoriales":[1160],"tienda":[],"autor_id":[5146],"universidades_coeditoras":[],"palabras_clave":[],"listado_alfabetico":[],"acf":[],"_links":{"self":[{"href":"https:\/\/wizardly-davinci.82-223-8-23.plesk.page\/en\/wp-json\/wp\/v2\/product\/16732"}],"collection":[{"href":"https:\/\/wizardly-davinci.82-223-8-23.plesk.page\/en\/wp-json\/wp\/v2\/product"}],"about":[{"href":"https:\/\/wizardly-davinci.82-223-8-23.plesk.page\/en\/wp-json\/wp\/v2\/types\/product"}],"replies":[{"embeddable":true,"href":"https:\/\/wizardly-davinci.82-223-8-23.plesk.page\/en\/wp-json\/wp\/v2\/comments?post=16732"}],"wp:featuredmedia":[{"embeddable":true,"href":"https:\/\/wizardly-davinci.82-223-8-23.plesk.page\/en\/wp-json\/wp\/v2\/media\/16733"}],"wp:attachment":[{"href":"https:\/\/wizardly-davinci.82-223-8-23.plesk.page\/en\/wp-json\/wp\/v2\/media?parent=16732"}],"wp:term":[{"taxonomy":"product_cat","embeddable":true,"href":"https:\/\/wizardly-davinci.82-223-8-23.plesk.page\/en\/wp-json\/wp\/v2\/product_cat?post=16732"},{"taxonomy":"product_tag","embeddable":true,"href":"https:\/\/wizardly-davinci.82-223-8-23.plesk.page\/en\/wp-json\/wp\/v2\/product_tag?post=16732"},{"taxonomy":"edicion","embeddable":true,"href":"https:\/\/wizardly-davinci.82-223-8-23.plesk.page\/en\/wp-json\/wp\/v2\/edicion?post=16732"},{"taxonomy":"editoriales","embeddable":true,"href":"https:\/\/wizardly-davinci.82-223-8-23.plesk.page\/en\/wp-json\/wp\/v2\/editoriales?post=16732"},{"taxonomy":"tienda","embeddable":true,"href":"https:\/\/wizardly-davinci.82-223-8-23.plesk.page\/en\/wp-json\/wp\/v2\/tienda?post=16732"},{"taxonomy":"autor_id","embeddable":true,"href":"https:\/\/wizardly-davinci.82-223-8-23.plesk.page\/en\/wp-json\/wp\/v2\/autor_id?post=16732"},{"taxonomy":"universidades_coeditoras","embeddable":true,"href":"https:\/\/wizardly-davinci.82-223-8-23.plesk.page\/en\/wp-json\/wp\/v2\/universidades_coeditoras?post=16732"},{"taxonomy":"palabras_clave","embeddable":true,"href":"https:\/\/wizardly-davinci.82-223-8-23.plesk.page\/en\/wp-json\/wp\/v2\/palabras_clave?post=16732"},{"taxonomy":"listado_alfabetico","embeddable":true,"href":"https:\/\/wizardly-davinci.82-223-8-23.plesk.page\/en\/wp-json\/wp\/v2\/listado_alfabetico?post=16732"}],"curies":[{"name":"wp","href":"https:\/\/api.w.org\/{rel}","templated":true}]}}