{"id":16740,"date":"2019-04-09T22:10:55","date_gmt":"2019-04-09T22:10:55","guid":{"rendered":"https:\/\/octaedro.com\/producto\/enfermedades-infecciosas-infantiles\/"},"modified":"2023-04-20T10:34:34","modified_gmt":"2023-04-20T08:34:34","slug":"enfermedades-infecciosas-infantiles","status":"publish","type":"product","link":"https:\/\/wizardly-davinci.82-223-8-23.plesk.page\/en\/producto\/enfermedades-infecciosas-infantiles\/","title":{"rendered":"Enfermedades infecciosas infantiles"},"content":{"rendered":"<p>Este libro no est\u00e1 dedicado s\u00f3lo a las personas que trabajan siempre con ni\u00f1os (como por ejemplo en enfermer\u00eda o en pediatr\u00eda, aunque s\u00ed les pueda resultar de \u00fatil referencia), sino al profesional que lo hace ocasionalmente. Este colectivo precisa informaci\u00f3n clara sobre las enfermedades infecciosas puesto que afectan a ni\u00f1os, por ejemplo: sobre el periodo de incubaci\u00f3n, los m\u00e9todos de aislamiento y los requisitos para la comunicaci\u00f3n de enfermedades de declaraci\u00f3n obligatoria. Un rasgo diferencial de este libro es la percepci\u00f3n del personal de enfermer\u00eda y de los familiares y cuidadores del ni\u00f1o como miembros del mismo equipo. Cada cap\u00edtulo del libro incluye una secci\u00f3n llamada \u201cInformaci\u00f3n para las familias\u201d, refiri\u00e9ndose a quienes cuidan a estos pacientes desde sus hogares. La informaci\u00f3n que enfermeras y enfermeros facilitan a los familiares debe ser directa y pr\u00e1ctica; de hecho, este libro es una referencia \u00fatil para cualquier familia con ni\u00f1os de corta edad.<\/p>\n","protected":false},"excerpt":{"rendered":"<p>Este libro no est\u00e1 dedicado s\u00f3lo a las personas que trabajan siempre con ni\u00f1os (como por ejemplo en enfermer\u00eda o en pediatr\u00eda, aunque s\u00ed les pueda resultar de \u00fatil referencia), sino al profesional que lo hace ocasionalmente. Este colectivo precisa informaci\u00f3n clara sobre las enfermedades infecciosas puesto que afectan a ni\u00f1os, por ejemplo: sobre el periodo de incubaci\u00f3n, los m\u00e9todos de aislamiento y los requisitos para la comunicaci\u00f3n de enfermedades de declaraci\u00f3n obligatoria. Un rasgo diferencial de este libro es la percepci\u00f3n del personal de enfermer\u00eda y de los familiares y cuidadores del ni\u00f1o como miembros del mismo equipo. Cada cap\u00edtulo del libro incluye una secci\u00f3n llamada \u201cInformaci\u00f3n para las familias\u201d, refiri\u00e9ndose a quienes cuidan a estos pacientes desde sus hogares. La informaci\u00f3n que enfermeras y enfermeros facilitan a los familiares debe ser directa y pr\u00e1ctica; de hecho, este libro es una referencia \u00fatil para cualquier familia con ni\u00f1os de corta edad.<\/p>\n","protected":false},"featured_media":16741,"comment_status":"open","ping_status":"closed","template":"","meta":{"_et_pb_use_builder":"","_et_pb_old_content":"","_et_gb_content_width":""},"product_cat":[1512],"product_tag":[2602],"edicion":[1083],"editoriales":[1160],"tienda":[],"autor_id":[6598],"universidades_coeditoras":[],"palabras_clave":[],"listado_alfabetico":[],"acf":[],"_links":{"self":[{"href":"https:\/\/wizardly-davinci.82-223-8-23.plesk.page\/en\/wp-json\/wp\/v2\/product\/16740"}],"collection":[{"href":"https:\/\/wizardly-davinci.82-223-8-23.plesk.page\/en\/wp-json\/wp\/v2\/product"}],"about":[{"href":"https:\/\/wizardly-davinci.82-223-8-23.plesk.page\/en\/wp-json\/wp\/v2\/types\/product"}],"replies":[{"embeddable":true,"href":"https:\/\/wizardly-davinci.82-223-8-23.plesk.page\/en\/wp-json\/wp\/v2\/comments?post=16740"}],"wp:featuredmedia":[{"embeddable":true,"href":"https:\/\/wizardly-davinci.82-223-8-23.plesk.page\/en\/wp-json\/wp\/v2\/media\/16741"}],"wp:attachment":[{"href":"https:\/\/wizardly-davinci.82-223-8-23.plesk.page\/en\/wp-json\/wp\/v2\/media?parent=16740"}],"wp:term":[{"taxonomy":"product_cat","embeddable":true,"href":"https:\/\/wizardly-davinci.82-223-8-23.plesk.page\/en\/wp-json\/wp\/v2\/product_cat?post=16740"},{"taxonomy":"product_tag","embeddable":true,"href":"https:\/\/wizardly-davinci.82-223-8-23.plesk.page\/en\/wp-json\/wp\/v2\/product_tag?post=16740"},{"taxonomy":"edicion","embeddable":true,"href":"https:\/\/wizardly-davinci.82-223-8-23.plesk.page\/en\/wp-json\/wp\/v2\/edicion?post=16740"},{"taxonomy":"editoriales","embeddable":true,"href":"https:\/\/wizardly-davinci.82-223-8-23.plesk.page\/en\/wp-json\/wp\/v2\/editoriales?post=16740"},{"taxonomy":"tienda","embeddable":true,"href":"https:\/\/wizardly-davinci.82-223-8-23.plesk.page\/en\/wp-json\/wp\/v2\/tienda?post=16740"},{"taxonomy":"autor_id","embeddable":true,"href":"https:\/\/wizardly-davinci.82-223-8-23.plesk.page\/en\/wp-json\/wp\/v2\/autor_id?post=16740"},{"taxonomy":"universidades_coeditoras","embeddable":true,"href":"https:\/\/wizardly-davinci.82-223-8-23.plesk.page\/en\/wp-json\/wp\/v2\/universidades_coeditoras?post=16740"},{"taxonomy":"palabras_clave","embeddable":true,"href":"https:\/\/wizardly-davinci.82-223-8-23.plesk.page\/en\/wp-json\/wp\/v2\/palabras_clave?post=16740"},{"taxonomy":"listado_alfabetico","embeddable":true,"href":"https:\/\/wizardly-davinci.82-223-8-23.plesk.page\/en\/wp-json\/wp\/v2\/listado_alfabetico?post=16740"}],"curies":[{"name":"wp","href":"https:\/\/api.w.org\/{rel}","templated":true}]}}