{"id":16744,"date":"2019-04-09T22:10:58","date_gmt":"2019-04-09T22:10:58","guid":{"rendered":"https:\/\/octaedro.com\/producto\/el-alcoholismo-femenino\/"},"modified":"2023-04-20T10:34:40","modified_gmt":"2023-04-20T08:34:40","slug":"el-alcoholismo-femenino","status":"publish","type":"product","link":"https:\/\/wizardly-davinci.82-223-8-23.plesk.page\/en\/producto\/el-alcoholismo-femenino\/","title":{"rendered":"El alcoholismo femenino"},"content":{"rendered":"<p>Este libro presenta un estudio sobre el alcoholismo femenino en el que se combinan los datos cuantitativos, que dimensionan el problema desde su vertiente p\u00fablica, con un trabajo emp\u00edrico cualitativo, que acerca al lector al n\u00facleo vivencial y profundo del alcoholismo femenino, a su vertiente privada. Los relatos que encontramos entre sus p\u00e1ginas son testimonios que nos acercan a un problema humano y actual, con el que se convive sin querer descubrirlo. El an\u00e1lisis de los discursos de las alcoh\u00f3licas aporta una visi\u00f3n objetiva y cualitativa a la vez y confiere al estudio una dimensi\u00f3n original para la interpretaci\u00f3n del alcoholismo desde la perspectiva de g\u00e9nero. Sin duda, ser\u00e1 una aportaci\u00f3n novedosa para aquellos lectores y profesionales interesados en conocer de cerca el alcoholismo en la mujer, ya que ofrece la posibilidad de conocer las vivencias y los problemas desde quien los padece, realizando a la vez una reflexi\u00f3n desde la distancia.<\/p>\n","protected":false},"excerpt":{"rendered":"<p>Este libro presenta un estudio sobre el alcoholismo femenino en el que se combinan los datos cuantitativos, que dimensionan el problema desde su vertiente p\u00fablica, con un trabajo emp\u00edrico cualitativo, que acerca al lector al n\u00facleo vivencial y profundo del alcoholismo femenino, a su vertiente privada. Los relatos que encontramos entre sus p\u00e1ginas son testimonios que nos acercan a un problema humano y actual, con el que se convive sin querer descubrirlo. El an\u00e1lisis de los discursos de las alcoh\u00f3licas aporta una visi\u00f3n objetiva y cualitativa a la vez y confiere al estudio una dimensi\u00f3n original para la interpretaci\u00f3n del alcoholismo desde la perspectiva de g\u00e9nero. Sin duda, ser\u00e1 una aportaci\u00f3n novedosa para aquellos lectores y profesionales interesados en conocer de cerca el alcoholismo en la mujer, ya que ofrece la posibilidad de conocer las vivencias y los problemas desde quien los padece, realizando a la vez una reflexi\u00f3n desde la distancia.<\/p>\n","protected":false},"featured_media":16745,"comment_status":"open","ping_status":"closed","template":"","meta":{"_et_pb_use_builder":"","_et_pb_old_content":"","_et_gb_content_width":""},"product_cat":[1512],"product_tag":[2602],"edicion":[1083],"editoriales":[1160],"tienda":[],"autor_id":[5650],"universidades_coeditoras":[],"palabras_clave":[],"listado_alfabetico":[],"acf":[],"_links":{"self":[{"href":"https:\/\/wizardly-davinci.82-223-8-23.plesk.page\/en\/wp-json\/wp\/v2\/product\/16744"}],"collection":[{"href":"https:\/\/wizardly-davinci.82-223-8-23.plesk.page\/en\/wp-json\/wp\/v2\/product"}],"about":[{"href":"https:\/\/wizardly-davinci.82-223-8-23.plesk.page\/en\/wp-json\/wp\/v2\/types\/product"}],"replies":[{"embeddable":true,"href":"https:\/\/wizardly-davinci.82-223-8-23.plesk.page\/en\/wp-json\/wp\/v2\/comments?post=16744"}],"wp:featuredmedia":[{"embeddable":true,"href":"https:\/\/wizardly-davinci.82-223-8-23.plesk.page\/en\/wp-json\/wp\/v2\/media\/16745"}],"wp:attachment":[{"href":"https:\/\/wizardly-davinci.82-223-8-23.plesk.page\/en\/wp-json\/wp\/v2\/media?parent=16744"}],"wp:term":[{"taxonomy":"product_cat","embeddable":true,"href":"https:\/\/wizardly-davinci.82-223-8-23.plesk.page\/en\/wp-json\/wp\/v2\/product_cat?post=16744"},{"taxonomy":"product_tag","embeddable":true,"href":"https:\/\/wizardly-davinci.82-223-8-23.plesk.page\/en\/wp-json\/wp\/v2\/product_tag?post=16744"},{"taxonomy":"edicion","embeddable":true,"href":"https:\/\/wizardly-davinci.82-223-8-23.plesk.page\/en\/wp-json\/wp\/v2\/edicion?post=16744"},{"taxonomy":"editoriales","embeddable":true,"href":"https:\/\/wizardly-davinci.82-223-8-23.plesk.page\/en\/wp-json\/wp\/v2\/editoriales?post=16744"},{"taxonomy":"tienda","embeddable":true,"href":"https:\/\/wizardly-davinci.82-223-8-23.plesk.page\/en\/wp-json\/wp\/v2\/tienda?post=16744"},{"taxonomy":"autor_id","embeddable":true,"href":"https:\/\/wizardly-davinci.82-223-8-23.plesk.page\/en\/wp-json\/wp\/v2\/autor_id?post=16744"},{"taxonomy":"universidades_coeditoras","embeddable":true,"href":"https:\/\/wizardly-davinci.82-223-8-23.plesk.page\/en\/wp-json\/wp\/v2\/universidades_coeditoras?post=16744"},{"taxonomy":"palabras_clave","embeddable":true,"href":"https:\/\/wizardly-davinci.82-223-8-23.plesk.page\/en\/wp-json\/wp\/v2\/palabras_clave?post=16744"},{"taxonomy":"listado_alfabetico","embeddable":true,"href":"https:\/\/wizardly-davinci.82-223-8-23.plesk.page\/en\/wp-json\/wp\/v2\/listado_alfabetico?post=16744"}],"curies":[{"name":"wp","href":"https:\/\/api.w.org\/{rel}","templated":true}]}}