{"id":16748,"date":"2019-04-09T22:11:00","date_gmt":"2019-04-09T22:11:00","guid":{"rendered":"https:\/\/octaedro.com\/producto\/otras-miradas\/"},"modified":"2023-04-20T10:34:54","modified_gmt":"2023-04-20T08:34:54","slug":"otras-miradas","status":"publish","type":"product","link":"https:\/\/wizardly-davinci.82-223-8-23.plesk.page\/en\/producto\/otras-miradas\/","title":{"rendered":"Otras miradas"},"content":{"rendered":"<p>Diferentes miradas se esbozan y se reflejan, se cruzan y se interrogan a partir de las experiencias y reflexiones que se presentan en esta obra. En ella se reflexiona sobre el significado del arte para los ciegos a trav\u00e9s del relato de diferentes propuestas realizadas con personas invidentes. <span class=\"destacat\">Otras miradas<\/span>. Las miradas que se logran al utilizar integralmente los sentidos.Las miradas que trascienden lo visual para convertirse en im\u00e1genes interiores.Las miradas sobre la educaci\u00f3n art\u00edstica. Una educaci\u00f3n que entendemos como pluralista. Que deber\u00eda potenciar el aprendizaje y la construcci\u00f3n de sentido para todas las personas independientemente de sus caracter\u00edsticas f\u00edsicas, intelectuales o sociales. A lo largo del cap\u00edtulo \u00e9stos y otros temas se van esbozando generando un di\u00e1logo abierto entre autor y lector.<\/p>\n","protected":false},"excerpt":{"rendered":"<p>Diferentes miradas se esbozan y se reflejan, se cruzan y se interrogan a partir de las experiencias y reflexiones que se presentan en esta obra. En ella se reflexiona sobre el significado del arte para los ciegos a trav\u00e9s del relato de diferentes propuestas realizadas con personas invidentes. <span class=\"destacat\">Otras miradas<\/span>. Las miradas que se logran al utilizar integralmente los sentidos.Las miradas que trascienden lo visual para convertirse en im\u00e1genes interiores.Las miradas sobre la educaci\u00f3n art\u00edstica. Una educaci\u00f3n que entendemos como pluralista. Que deber\u00eda potenciar el aprendizaje y la construcci\u00f3n de sentido para todas las personas independientemente de sus caracter\u00edsticas f\u00edsicas, intelectuales o sociales. A lo largo del cap\u00edtulo \u00e9stos y otros temas se van esbozando generando un di\u00e1logo abierto entre autor y lector.<\/p>\n","protected":false},"featured_media":16749,"comment_status":"open","ping_status":"closed","template":"","meta":{"_et_pb_use_builder":"","_et_pb_old_content":"","_et_gb_content_width":""},"product_cat":[2606,1512,6675],"product_tag":[2602],"edicion":[1083],"editoriales":[1160],"tienda":[],"autor_id":[5624],"universidades_coeditoras":[],"palabras_clave":[],"listado_alfabetico":[],"acf":[],"_links":{"self":[{"href":"https:\/\/wizardly-davinci.82-223-8-23.plesk.page\/en\/wp-json\/wp\/v2\/product\/16748"}],"collection":[{"href":"https:\/\/wizardly-davinci.82-223-8-23.plesk.page\/en\/wp-json\/wp\/v2\/product"}],"about":[{"href":"https:\/\/wizardly-davinci.82-223-8-23.plesk.page\/en\/wp-json\/wp\/v2\/types\/product"}],"replies":[{"embeddable":true,"href":"https:\/\/wizardly-davinci.82-223-8-23.plesk.page\/en\/wp-json\/wp\/v2\/comments?post=16748"}],"wp:featuredmedia":[{"embeddable":true,"href":"https:\/\/wizardly-davinci.82-223-8-23.plesk.page\/en\/wp-json\/wp\/v2\/media\/16749"}],"wp:attachment":[{"href":"https:\/\/wizardly-davinci.82-223-8-23.plesk.page\/en\/wp-json\/wp\/v2\/media?parent=16748"}],"wp:term":[{"taxonomy":"product_cat","embeddable":true,"href":"https:\/\/wizardly-davinci.82-223-8-23.plesk.page\/en\/wp-json\/wp\/v2\/product_cat?post=16748"},{"taxonomy":"product_tag","embeddable":true,"href":"https:\/\/wizardly-davinci.82-223-8-23.plesk.page\/en\/wp-json\/wp\/v2\/product_tag?post=16748"},{"taxonomy":"edicion","embeddable":true,"href":"https:\/\/wizardly-davinci.82-223-8-23.plesk.page\/en\/wp-json\/wp\/v2\/edicion?post=16748"},{"taxonomy":"editoriales","embeddable":true,"href":"https:\/\/wizardly-davinci.82-223-8-23.plesk.page\/en\/wp-json\/wp\/v2\/editoriales?post=16748"},{"taxonomy":"tienda","embeddable":true,"href":"https:\/\/wizardly-davinci.82-223-8-23.plesk.page\/en\/wp-json\/wp\/v2\/tienda?post=16748"},{"taxonomy":"autor_id","embeddable":true,"href":"https:\/\/wizardly-davinci.82-223-8-23.plesk.page\/en\/wp-json\/wp\/v2\/autor_id?post=16748"},{"taxonomy":"universidades_coeditoras","embeddable":true,"href":"https:\/\/wizardly-davinci.82-223-8-23.plesk.page\/en\/wp-json\/wp\/v2\/universidades_coeditoras?post=16748"},{"taxonomy":"palabras_clave","embeddable":true,"href":"https:\/\/wizardly-davinci.82-223-8-23.plesk.page\/en\/wp-json\/wp\/v2\/palabras_clave?post=16748"},{"taxonomy":"listado_alfabetico","embeddable":true,"href":"https:\/\/wizardly-davinci.82-223-8-23.plesk.page\/en\/wp-json\/wp\/v2\/listado_alfabetico?post=16748"}],"curies":[{"name":"wp","href":"https:\/\/api.w.org\/{rel}","templated":true}]}}