{"id":16750,"date":"2019-04-09T22:11:02","date_gmt":"2019-04-09T22:11:02","guid":{"rendered":"https:\/\/octaedro.com\/producto\/la-plasticidad-cognitiva-en-la-vejez\/"},"modified":"2023-04-20T10:35:00","modified_gmt":"2023-04-20T08:35:00","slug":"la-plasticidad-cognitiva-en-la-vejez","status":"publish","type":"product","link":"https:\/\/wizardly-davinci.82-223-8-23.plesk.page\/en\/producto\/la-plasticidad-cognitiva-en-la-vejez\/","title":{"rendered":"La plasticidad cognitiva en la vejez"},"content":{"rendered":"<p>La plasticidad cognitiva constituye un t\u00f3pico de gran actualidad e inter\u00e9s en relaci\u00f3n con el estudio del rendimiento cognitivo en la vejez, entre otras cuestiones porque se relaciona con la posibilidad del mantenimiento y la mejora cognitiva de la vejez, no solo en ancianos sanos sino tambi\u00e9n en ancianos con deterioro cognitivo e incluso con demencia. El libro que se presenta, constituye la primera obra en espa\u00f1ol sobre el tema. En sus p\u00e1ginas se revisa la fundamentaci\u00f3n te\u00f3rica y los m\u00e1s recientes estudios realizados sobre este campo. Aporta adem\u00e1s estrategias dirigidas a su evaluaci\u00f3n y determinaci\u00f3n en personas mayores y al dise\u00f1o de programas para su tratamiento y\/o intervenci\u00f3n. Por este motivo, se trata de una obra de gran inter\u00e9s para geront\u00f3logos y geriatras: m\u00e9dicos, psic\u00f3logos y\/o educadores, que desarrollen su labor en relaci\u00f3n con ancianos o est\u00e9n form\u00e1ndose en esta \u00e1rea; dado que, junto con los aspectos te\u00f3ricos sobre el tema, incorpora unas herramientas aplicadas que no suelen recogerse en este tipo de publicaciones.<\/p>\n","protected":false},"excerpt":{"rendered":"<p>La plasticidad cognitiva constituye un t\u00f3pico de gran actualidad e inter\u00e9s en relaci\u00f3n con el estudio del rendimiento cognitivo en la vejez, entre otras cuestiones porque se relaciona con la posibilidad del mantenimiento y la mejora cognitiva de la vejez, no solo en ancianos sanos sino tambi\u00e9n en ancianos con deterioro cognitivo e incluso con demencia. El libro que se presenta, constituye la primera obra en espa\u00f1ol sobre el tema. En sus p\u00e1ginas se revisa la fundamentaci\u00f3n te\u00f3rica y los m\u00e1s recientes estudios realizados sobre este campo. Aporta adem\u00e1s estrategias dirigidas a su evaluaci\u00f3n y determinaci\u00f3n en personas mayores y al dise\u00f1o de programas para su tratamiento y\/o intervenci\u00f3n. Por este motivo, se trata de una obra de gran inter\u00e9s para geront\u00f3logos y geriatras: m\u00e9dicos, psic\u00f3logos y\/o educadores, que desarrollen su labor en relaci\u00f3n con ancianos o est\u00e9n form\u00e1ndose en esta \u00e1rea; dado que, junto con los aspectos te\u00f3ricos sobre el tema, incorpora unas herramientas aplicadas que no suelen recogerse en este tipo de publicaciones.<\/p>\n","protected":false},"featured_media":16751,"comment_status":"open","ping_status":"closed","template":"","meta":{"_et_pb_use_builder":"","_et_pb_old_content":"","_et_gb_content_width":""},"product_cat":[1512,6675,9825],"product_tag":[2602],"edicion":[1083],"editoriales":[1160],"tienda":[],"autor_id":[5222,6046],"universidades_coeditoras":[],"palabras_clave":[],"listado_alfabetico":[],"acf":[],"_links":{"self":[{"href":"https:\/\/wizardly-davinci.82-223-8-23.plesk.page\/en\/wp-json\/wp\/v2\/product\/16750"}],"collection":[{"href":"https:\/\/wizardly-davinci.82-223-8-23.plesk.page\/en\/wp-json\/wp\/v2\/product"}],"about":[{"href":"https:\/\/wizardly-davinci.82-223-8-23.plesk.page\/en\/wp-json\/wp\/v2\/types\/product"}],"replies":[{"embeddable":true,"href":"https:\/\/wizardly-davinci.82-223-8-23.plesk.page\/en\/wp-json\/wp\/v2\/comments?post=16750"}],"wp:featuredmedia":[{"embeddable":true,"href":"https:\/\/wizardly-davinci.82-223-8-23.plesk.page\/en\/wp-json\/wp\/v2\/media\/16751"}],"wp:attachment":[{"href":"https:\/\/wizardly-davinci.82-223-8-23.plesk.page\/en\/wp-json\/wp\/v2\/media?parent=16750"}],"wp:term":[{"taxonomy":"product_cat","embeddable":true,"href":"https:\/\/wizardly-davinci.82-223-8-23.plesk.page\/en\/wp-json\/wp\/v2\/product_cat?post=16750"},{"taxonomy":"product_tag","embeddable":true,"href":"https:\/\/wizardly-davinci.82-223-8-23.plesk.page\/en\/wp-json\/wp\/v2\/product_tag?post=16750"},{"taxonomy":"edicion","embeddable":true,"href":"https:\/\/wizardly-davinci.82-223-8-23.plesk.page\/en\/wp-json\/wp\/v2\/edicion?post=16750"},{"taxonomy":"editoriales","embeddable":true,"href":"https:\/\/wizardly-davinci.82-223-8-23.plesk.page\/en\/wp-json\/wp\/v2\/editoriales?post=16750"},{"taxonomy":"tienda","embeddable":true,"href":"https:\/\/wizardly-davinci.82-223-8-23.plesk.page\/en\/wp-json\/wp\/v2\/tienda?post=16750"},{"taxonomy":"autor_id","embeddable":true,"href":"https:\/\/wizardly-davinci.82-223-8-23.plesk.page\/en\/wp-json\/wp\/v2\/autor_id?post=16750"},{"taxonomy":"universidades_coeditoras","embeddable":true,"href":"https:\/\/wizardly-davinci.82-223-8-23.plesk.page\/en\/wp-json\/wp\/v2\/universidades_coeditoras?post=16750"},{"taxonomy":"palabras_clave","embeddable":true,"href":"https:\/\/wizardly-davinci.82-223-8-23.plesk.page\/en\/wp-json\/wp\/v2\/palabras_clave?post=16750"},{"taxonomy":"listado_alfabetico","embeddable":true,"href":"https:\/\/wizardly-davinci.82-223-8-23.plesk.page\/en\/wp-json\/wp\/v2\/listado_alfabetico?post=16750"}],"curies":[{"name":"wp","href":"https:\/\/api.w.org\/{rel}","templated":true}]}}