{"id":16752,"date":"2019-04-09T22:11:03","date_gmt":"2019-04-09T22:11:03","guid":{"rendered":"https:\/\/octaedro.com\/producto\/tender-puentes\/"},"modified":"2023-04-20T10:35:07","modified_gmt":"2023-04-20T08:35:07","slug":"tender-puentes","status":"publish","type":"product","link":"https:\/\/wizardly-davinci.82-223-8-23.plesk.page\/en\/producto\/tender-puentes\/","title":{"rendered":"Tender puentes"},"content":{"rendered":"<p>Profesores y padres que aspiren a entablar una convivencia satisfactoria y fruct\u00edfera con su alumnado e hijos respectivamente podr\u00e1n encontrar una interesante ayuda entre las l\u00edneas de este libro. A partir de un amplio y fruct\u00edfero componente vivencial y profesional, la autora nos muestra sus propias experiencias, pero tambi\u00e9n acude a teor\u00edas que nos capacitan para comprender y saber encauzar diferentes tipos de situaciones; esas situaciones tan necesitadas de una perspectiva justa, un planteamiento h\u00e1bil y una actuaci\u00f3n positiva para que las relaciones con nuestros j\u00f3venes sean educativas y enriquecedoras.Las p\u00e1ginas de este libro se manifiestan as\u00ed como una herramienta \u00fatil, necesaria, imprescindible para aquel lector en cuyo inter\u00e9s educativo est\u00e9 en el mundo de los adolescentes.<\/p>\n","protected":false},"excerpt":{"rendered":"<p>Profesores y padres que aspiren a entablar una convivencia satisfactoria y fruct\u00edfera con su alumnado e hijos respectivamente podr\u00e1n encontrar una interesante ayuda entre las l\u00edneas de este libro. A partir de un amplio y fruct\u00edfero componente vivencial y profesional, la autora nos muestra sus propias experiencias, pero tambi\u00e9n acude a teor\u00edas que nos capacitan para comprender y saber encauzar diferentes tipos de situaciones; esas situaciones tan necesitadas de una perspectiva justa, un planteamiento h\u00e1bil y una actuaci\u00f3n positiva para que las relaciones con nuestros j\u00f3venes sean educativas y enriquecedoras.Las p\u00e1ginas de este libro se manifiestan as\u00ed como una herramienta \u00fatil, necesaria, imprescindible para aquel lector en cuyo inter\u00e9s educativo est\u00e9 en el mundo de los adolescentes.<\/p>\n","protected":false},"featured_media":16753,"comment_status":"open","ping_status":"closed","template":"","meta":{"_et_pb_use_builder":"","_et_pb_old_content":"","_et_gb_content_width":""},"product_cat":[1512],"product_tag":[2602],"edicion":[1083],"editoriales":[1160],"tienda":[],"autor_id":[5913],"universidades_coeditoras":[],"palabras_clave":[],"listado_alfabetico":[],"acf":[],"_links":{"self":[{"href":"https:\/\/wizardly-davinci.82-223-8-23.plesk.page\/en\/wp-json\/wp\/v2\/product\/16752"}],"collection":[{"href":"https:\/\/wizardly-davinci.82-223-8-23.plesk.page\/en\/wp-json\/wp\/v2\/product"}],"about":[{"href":"https:\/\/wizardly-davinci.82-223-8-23.plesk.page\/en\/wp-json\/wp\/v2\/types\/product"}],"replies":[{"embeddable":true,"href":"https:\/\/wizardly-davinci.82-223-8-23.plesk.page\/en\/wp-json\/wp\/v2\/comments?post=16752"}],"wp:featuredmedia":[{"embeddable":true,"href":"https:\/\/wizardly-davinci.82-223-8-23.plesk.page\/en\/wp-json\/wp\/v2\/media\/16753"}],"wp:attachment":[{"href":"https:\/\/wizardly-davinci.82-223-8-23.plesk.page\/en\/wp-json\/wp\/v2\/media?parent=16752"}],"wp:term":[{"taxonomy":"product_cat","embeddable":true,"href":"https:\/\/wizardly-davinci.82-223-8-23.plesk.page\/en\/wp-json\/wp\/v2\/product_cat?post=16752"},{"taxonomy":"product_tag","embeddable":true,"href":"https:\/\/wizardly-davinci.82-223-8-23.plesk.page\/en\/wp-json\/wp\/v2\/product_tag?post=16752"},{"taxonomy":"edicion","embeddable":true,"href":"https:\/\/wizardly-davinci.82-223-8-23.plesk.page\/en\/wp-json\/wp\/v2\/edicion?post=16752"},{"taxonomy":"editoriales","embeddable":true,"href":"https:\/\/wizardly-davinci.82-223-8-23.plesk.page\/en\/wp-json\/wp\/v2\/editoriales?post=16752"},{"taxonomy":"tienda","embeddable":true,"href":"https:\/\/wizardly-davinci.82-223-8-23.plesk.page\/en\/wp-json\/wp\/v2\/tienda?post=16752"},{"taxonomy":"autor_id","embeddable":true,"href":"https:\/\/wizardly-davinci.82-223-8-23.plesk.page\/en\/wp-json\/wp\/v2\/autor_id?post=16752"},{"taxonomy":"universidades_coeditoras","embeddable":true,"href":"https:\/\/wizardly-davinci.82-223-8-23.plesk.page\/en\/wp-json\/wp\/v2\/universidades_coeditoras?post=16752"},{"taxonomy":"palabras_clave","embeddable":true,"href":"https:\/\/wizardly-davinci.82-223-8-23.plesk.page\/en\/wp-json\/wp\/v2\/palabras_clave?post=16752"},{"taxonomy":"listado_alfabetico","embeddable":true,"href":"https:\/\/wizardly-davinci.82-223-8-23.plesk.page\/en\/wp-json\/wp\/v2\/listado_alfabetico?post=16752"}],"curies":[{"name":"wp","href":"https:\/\/api.w.org\/{rel}","templated":true}]}}