{"id":16758,"date":"2019-04-09T22:11:06","date_gmt":"2019-04-09T22:11:06","guid":{"rendered":"https:\/\/octaedro.com\/producto\/trastornos-infantiles-del-lenguaje-y-del-aprendizaje\/"},"modified":"2023-04-20T10:39:38","modified_gmt":"2023-04-20T08:39:38","slug":"trastornos-infantiles-del-lenguaje-y-del-aprendizaje","status":"publish","type":"product","link":"https:\/\/wizardly-davinci.82-223-8-23.plesk.page\/en\/producto\/trastornos-infantiles-del-lenguaje-y-del-aprendizaje\/","title":{"rendered":"Trastornos infantiles del lenguaje y del aprendizaje"},"content":{"rendered":"<p>Tartamudeo, disfasia, dislexia, disortograf\u00eda, disculculia, dispraxia, trastorno de hiperactividad con d\u00e9ficit de la atenci\u00f3n: todos estos trastornos espec\u00edficos del lenguaje y de los aprendizajes en el ni\u00f1o son desde hace tiempo conocidos por el cuerpo m\u00e9dico, aunque todav\u00eda existan debates importantes que conciernen su origen y la manera adecuada de tratarlos. Sin embargo, el diagn\u00f3stico y el control terap\u00e9utico llegan a veces muy tarde, pudiendo dejar varios a\u00f1os a ni\u00f1os y padres en la incomprensi\u00f3n, el abandono y el sufrimiento.Este libro, informativo y pr\u00e1ctico, se dirige a profesionales, educadores y familias, aport\u00e1ndoles un informaci\u00f3n clara y sint\u00e9tica sobre distintos trastornos.<br \/>\nResponde a preguntas simples: \u00bfde qu\u00e9 se trata? \u00bfCu\u00e1les son los signos? \u00bfCu\u00e1les son los controles terap\u00e9uticos posibles? El autor explica despu\u00e9s el papel y los instrumentos de los especialistas susceptibles de intervenir, los ex\u00e1menes m\u00e9dicos preventivos, los m\u00e9todos de reeducaci\u00f3n y los diferentes tipos de terapias. Un punto espec\u00edfico aborda los problemas ligados a la escolaridad: ayudas que permiten a un ni\u00f1o llevar una escolaridad normal y alternativas (clases especializadas, centros medicoeducativos).<\/p>\n","protected":false},"excerpt":{"rendered":"<p>Tartamudeo, disfasia, dislexia, disortograf\u00eda, disculculia, dispraxia, trastorno de hiperactividad con d\u00e9ficit de la atenci\u00f3n: todos estos trastornos espec\u00edficos del lenguaje y de los aprendizajes en el ni\u00f1o son desde hace tiempo conocidos por el cuerpo m\u00e9dico, aunque todav\u00eda existan debates importantes que conciernen su origen y la manera adecuada de tratarlos. Sin embargo, el diagn\u00f3stico y el control terap\u00e9utico llegan a veces muy tarde, pudiendo dejar varios a\u00f1os a ni\u00f1os y padres en la incomprensi\u00f3n, el abandono y el sufrimiento.Este libro, informativo y pr\u00e1ctico, se dirige a profesionales, educadores y familias, aport\u00e1ndoles un informaci\u00f3n clara y sint\u00e9tica sobre distintos trastornos.<br \/>\nResponde a preguntas simples: \u00bfde qu\u00e9 se trata? \u00bfCu\u00e1les son los signos? \u00bfCu\u00e1les son los controles terap\u00e9uticos posibles? El autor explica despu\u00e9s el papel y los instrumentos de los especialistas susceptibles de intervenir, los ex\u00e1menes m\u00e9dicos preventivos, los m\u00e9todos de reeducaci\u00f3n y los diferentes tipos de terapias. Un punto espec\u00edfico aborda los problemas ligados a la escolaridad: ayudas que permiten a un ni\u00f1o llevar una escolaridad normal y alternativas (clases especializadas, centros medicoeducativos).<\/p>\n","protected":false},"featured_media":16759,"comment_status":"open","ping_status":"closed","template":"","meta":{"_et_pb_use_builder":"","_et_pb_old_content":"","_et_gb_content_width":""},"product_cat":[1512,6675,7113,9825],"product_tag":[2602],"edicion":[1083],"editoriales":[1160],"tienda":[],"autor_id":[5033],"universidades_coeditoras":[],"palabras_clave":[],"listado_alfabetico":[],"acf":[],"_links":{"self":[{"href":"https:\/\/wizardly-davinci.82-223-8-23.plesk.page\/en\/wp-json\/wp\/v2\/product\/16758"}],"collection":[{"href":"https:\/\/wizardly-davinci.82-223-8-23.plesk.page\/en\/wp-json\/wp\/v2\/product"}],"about":[{"href":"https:\/\/wizardly-davinci.82-223-8-23.plesk.page\/en\/wp-json\/wp\/v2\/types\/product"}],"replies":[{"embeddable":true,"href":"https:\/\/wizardly-davinci.82-223-8-23.plesk.page\/en\/wp-json\/wp\/v2\/comments?post=16758"}],"wp:featuredmedia":[{"embeddable":true,"href":"https:\/\/wizardly-davinci.82-223-8-23.plesk.page\/en\/wp-json\/wp\/v2\/media\/16759"}],"wp:attachment":[{"href":"https:\/\/wizardly-davinci.82-223-8-23.plesk.page\/en\/wp-json\/wp\/v2\/media?parent=16758"}],"wp:term":[{"taxonomy":"product_cat","embeddable":true,"href":"https:\/\/wizardly-davinci.82-223-8-23.plesk.page\/en\/wp-json\/wp\/v2\/product_cat?post=16758"},{"taxonomy":"product_tag","embeddable":true,"href":"https:\/\/wizardly-davinci.82-223-8-23.plesk.page\/en\/wp-json\/wp\/v2\/product_tag?post=16758"},{"taxonomy":"edicion","embeddable":true,"href":"https:\/\/wizardly-davinci.82-223-8-23.plesk.page\/en\/wp-json\/wp\/v2\/edicion?post=16758"},{"taxonomy":"editoriales","embeddable":true,"href":"https:\/\/wizardly-davinci.82-223-8-23.plesk.page\/en\/wp-json\/wp\/v2\/editoriales?post=16758"},{"taxonomy":"tienda","embeddable":true,"href":"https:\/\/wizardly-davinci.82-223-8-23.plesk.page\/en\/wp-json\/wp\/v2\/tienda?post=16758"},{"taxonomy":"autor_id","embeddable":true,"href":"https:\/\/wizardly-davinci.82-223-8-23.plesk.page\/en\/wp-json\/wp\/v2\/autor_id?post=16758"},{"taxonomy":"universidades_coeditoras","embeddable":true,"href":"https:\/\/wizardly-davinci.82-223-8-23.plesk.page\/en\/wp-json\/wp\/v2\/universidades_coeditoras?post=16758"},{"taxonomy":"palabras_clave","embeddable":true,"href":"https:\/\/wizardly-davinci.82-223-8-23.plesk.page\/en\/wp-json\/wp\/v2\/palabras_clave?post=16758"},{"taxonomy":"listado_alfabetico","embeddable":true,"href":"https:\/\/wizardly-davinci.82-223-8-23.plesk.page\/en\/wp-json\/wp\/v2\/listado_alfabetico?post=16758"}],"curies":[{"name":"wp","href":"https:\/\/api.w.org\/{rel}","templated":true}]}}