{"id":16760,"date":"2019-04-09T22:11:07","date_gmt":"2019-04-09T22:11:07","guid":{"rendered":"https:\/\/octaedro.com\/producto\/trastornos-psicologicos-infantiles\/"},"modified":"2023-04-20T10:39:45","modified_gmt":"2023-04-20T08:39:45","slug":"trastornos-psicologicos-infantiles","status":"publish","type":"product","link":"https:\/\/wizardly-davinci.82-223-8-23.plesk.page\/en\/producto\/trastornos-psicologicos-infantiles\/","title":{"rendered":"Trastornos psicol\u00f3gicos infantiles"},"content":{"rendered":"<p>Trastornos de ansiedad, trastornos de obsesi\u00f3n compulsiva, fobia escolar, depresi\u00f3n, trastorno del comportamiento, trastorno de conductas alimentarias (anorexia, bulimia), trastorno de hiperactividad con d\u00e9ficit de atenci\u00f3n: todas estas apelaciones retoman realidades diferentes, que sin embargo tienen por denominador com\u00fan el sufrimiento ps\u00edquico del ni\u00f1o. \u00c9ste no expresa su malestar como un adulto: antes que las palabras, utiliza su cuerpo para decir que algo no funciona. Los padres se encuentran a menudo sin recursos para descifrar e interpretar los peque\u00f1os signos, los comportamientos poco habituales, las provocaciones, las nubes de tristeza\u2026 Y pueden igualmente encontrar dificultades en su b\u00fasqueda de un \u201cbuen m\u00e9dico\u201d, que sepa establecer el \u201cbuen diagn\u00f3stico\u201d y aconsejar una terapia adecuada.Este libro, informativo y pr\u00e1ctico, se dirige a profesionales, educadores y familias, aport\u00e1ndoles una informaci\u00f3n clara y sint\u00e9tica sobre los distintos trastornos.<br \/>\nResponde a preguntas simples: \u00bfde qu\u00e9 se trata? \u00bfCu\u00e1les son los signos indicadores de un trastorno? \u00bfC\u00f3mo ayudar a un ni\u00f1o con tal o cual trastorno? El autor explica despu\u00e9s del papel y los instrumentos de los especialistas susceptibles de intervenir, los ex\u00e1menes m\u00e9dicos preventivos, los m\u00e9todos de reeducaci\u00f3n y los diferentes tipos de terapias. Un punto espec\u00edfico aborda los problemas ligados a la escolaridad: ayudas que permiten a un ni\u00f1o llevar una escolaridad normal y alternativas (clases especializadas, centro medicoeducativos).<\/p>\n","protected":false},"excerpt":{"rendered":"<p>Trastornos de ansiedad, trastornos de obsesi\u00f3n compulsiva, fobia escolar, depresi\u00f3n, trastorno del comportamiento, trastorno de conductas alimentarias (anorexia, bulimia), trastorno de hiperactividad con d\u00e9ficit de atenci\u00f3n: todas estas apelaciones retoman realidades diferentes, que sin embargo tienen por denominador com\u00fan el sufrimiento ps\u00edquico del ni\u00f1o. \u00c9ste no expresa su malestar como un adulto: antes que las palabras, utiliza su cuerpo para decir que algo no funciona. Los padres se encuentran a menudo sin recursos para descifrar e interpretar los peque\u00f1os signos, los comportamientos poco habituales, las provocaciones, las nubes de tristeza\u2026 Y pueden igualmente encontrar dificultades en su b\u00fasqueda de un \u201cbuen m\u00e9dico\u201d, que sepa establecer el \u201cbuen diagn\u00f3stico\u201d y aconsejar una terapia adecuada.Este libro, informativo y pr\u00e1ctico, se dirige a profesionales, educadores y familias, aport\u00e1ndoles una informaci\u00f3n clara y sint\u00e9tica sobre los distintos trastornos.<br \/>\nResponde a preguntas simples: \u00bfde qu\u00e9 se trata? \u00bfCu\u00e1les son los signos indicadores de un trastorno? \u00bfC\u00f3mo ayudar a un ni\u00f1o con tal o cual trastorno? El autor explica despu\u00e9s del papel y los instrumentos de los especialistas susceptibles de intervenir, los ex\u00e1menes m\u00e9dicos preventivos, los m\u00e9todos de reeducaci\u00f3n y los diferentes tipos de terapias. Un punto espec\u00edfico aborda los problemas ligados a la escolaridad: ayudas que permiten a un ni\u00f1o llevar una escolaridad normal y alternativas (clases especializadas, centro medicoeducativos).<\/p>\n","protected":false},"featured_media":16761,"comment_status":"open","ping_status":"closed","template":"","meta":{"_et_pb_use_builder":"","_et_pb_old_content":"","_et_gb_content_width":""},"product_cat":[1512,6675,7113,9825],"product_tag":[2602],"edicion":[1083],"editoriales":[1160],"tienda":[],"autor_id":[5033],"universidades_coeditoras":[],"palabras_clave":[],"listado_alfabetico":[],"acf":[],"_links":{"self":[{"href":"https:\/\/wizardly-davinci.82-223-8-23.plesk.page\/en\/wp-json\/wp\/v2\/product\/16760"}],"collection":[{"href":"https:\/\/wizardly-davinci.82-223-8-23.plesk.page\/en\/wp-json\/wp\/v2\/product"}],"about":[{"href":"https:\/\/wizardly-davinci.82-223-8-23.plesk.page\/en\/wp-json\/wp\/v2\/types\/product"}],"replies":[{"embeddable":true,"href":"https:\/\/wizardly-davinci.82-223-8-23.plesk.page\/en\/wp-json\/wp\/v2\/comments?post=16760"}],"wp:featuredmedia":[{"embeddable":true,"href":"https:\/\/wizardly-davinci.82-223-8-23.plesk.page\/en\/wp-json\/wp\/v2\/media\/16761"}],"wp:attachment":[{"href":"https:\/\/wizardly-davinci.82-223-8-23.plesk.page\/en\/wp-json\/wp\/v2\/media?parent=16760"}],"wp:term":[{"taxonomy":"product_cat","embeddable":true,"href":"https:\/\/wizardly-davinci.82-223-8-23.plesk.page\/en\/wp-json\/wp\/v2\/product_cat?post=16760"},{"taxonomy":"product_tag","embeddable":true,"href":"https:\/\/wizardly-davinci.82-223-8-23.plesk.page\/en\/wp-json\/wp\/v2\/product_tag?post=16760"},{"taxonomy":"edicion","embeddable":true,"href":"https:\/\/wizardly-davinci.82-223-8-23.plesk.page\/en\/wp-json\/wp\/v2\/edicion?post=16760"},{"taxonomy":"editoriales","embeddable":true,"href":"https:\/\/wizardly-davinci.82-223-8-23.plesk.page\/en\/wp-json\/wp\/v2\/editoriales?post=16760"},{"taxonomy":"tienda","embeddable":true,"href":"https:\/\/wizardly-davinci.82-223-8-23.plesk.page\/en\/wp-json\/wp\/v2\/tienda?post=16760"},{"taxonomy":"autor_id","embeddable":true,"href":"https:\/\/wizardly-davinci.82-223-8-23.plesk.page\/en\/wp-json\/wp\/v2\/autor_id?post=16760"},{"taxonomy":"universidades_coeditoras","embeddable":true,"href":"https:\/\/wizardly-davinci.82-223-8-23.plesk.page\/en\/wp-json\/wp\/v2\/universidades_coeditoras?post=16760"},{"taxonomy":"palabras_clave","embeddable":true,"href":"https:\/\/wizardly-davinci.82-223-8-23.plesk.page\/en\/wp-json\/wp\/v2\/palabras_clave?post=16760"},{"taxonomy":"listado_alfabetico","embeddable":true,"href":"https:\/\/wizardly-davinci.82-223-8-23.plesk.page\/en\/wp-json\/wp\/v2\/listado_alfabetico?post=16760"}],"curies":[{"name":"wp","href":"https:\/\/api.w.org\/{rel}","templated":true}]}}