{"id":16769,"date":"2019-04-09T22:17:08","date_gmt":"2019-04-09T22:17:08","guid":{"rendered":"https:\/\/octaedro.com\/producto\/actividades-acuaticas-infantiles\/"},"modified":"2023-04-20T10:40:11","modified_gmt":"2023-04-20T08:40:11","slug":"actividades-acuaticas-infantiles","status":"publish","type":"product","link":"https:\/\/wizardly-davinci.82-223-8-23.plesk.page\/en\/producto\/actividades-acuaticas-infantiles\/","title":{"rendered":"Actividades acu\u00e1ticas infantiles"},"content":{"rendered":"<p>En este libro, el autor propone un m\u00e9todo completo para acompa\u00f1ar a los m\u00e1s j\u00f3venes en su descubrimiento del agua y sus primeros ba\u00f1os. Su obra se basa en dos nociones fundamentales: el placer y la seguridad.Su objetivo es permitir al beb\u00e9 que descubre el medio acu\u00e1tico, mediante juegos l\u00fadicos, con la misma sensaci\u00f3n de bienestar y de serenidad que sent\u00eda en el vientre de su madre. Las siguientes etapas, que empiezan antes de los cuatro a\u00f1os, consisten en familiarizarle con el agua de forma que se relacione con ese medio de manera positiva y empiece a apropi\u00e1rselo. Durante ese periodo, unos ejercicios sencillos le permiten dominar naturalmente algunos principios esenciales como soplar en el agua, tenderse sobre el vientre y sobre la espalda, desplazarse con movimientos r\u00e1pidos de piernas\u2026 Hacia los seis a\u00f1os, ya se tienen las capacidades f\u00edsicas, psicol\u00f3gicas e intelectuales para aprender t\u00e9cnicas de nataci\u00f3n. El autor propone entonces, de manera progresiva y siguiendo el ritmo de esa edad, la iniciaci\u00f3n a la braza, la espalda, el crol, la mariposa y a tirarse de cabeza.<br \/>\nEste manual es una herramienta pr\u00e1ctica y accesible para todos gracias a su metodolog\u00eda l\u00f3gica, explicaciones muy claras y m\u00e1s de 230 dibujos did\u00e1cticos. Responde de manera concreta a todas las preguntas que pueden plantearse las familias e interesa tambi\u00e9n a toda persona que est\u00e9 a cargo de grupos de j\u00f3venes en medio acu\u00e1tico.<\/p>\n","protected":false},"excerpt":{"rendered":"<p>En este libro, el autor propone un m\u00e9todo completo para acompa\u00f1ar a los m\u00e1s j\u00f3venes en su descubrimiento del agua y sus primeros ba\u00f1os. Su obra se basa en dos nociones fundamentales: el placer y la seguridad.Su objetivo es permitir al beb\u00e9 que descubre el medio acu\u00e1tico, mediante juegos l\u00fadicos, con la misma sensaci\u00f3n de bienestar y de serenidad que sent\u00eda en el vientre de su madre. Las siguientes etapas, que empiezan antes de los cuatro a\u00f1os, consisten en familiarizarle con el agua de forma que se relacione con ese medio de manera positiva y empiece a apropi\u00e1rselo. Durante ese periodo, unos ejercicios sencillos le permiten dominar naturalmente algunos principios esenciales como soplar en el agua, tenderse sobre el vientre y sobre la espalda, desplazarse con movimientos r\u00e1pidos de piernas\u2026 Hacia los seis a\u00f1os, ya se tienen las capacidades f\u00edsicas, psicol\u00f3gicas e intelectuales para aprender t\u00e9cnicas de nataci\u00f3n. El autor propone entonces, de manera progresiva y siguiendo el ritmo de esa edad, la iniciaci\u00f3n a la braza, la espalda, el crol, la mariposa y a tirarse de cabeza.<br \/>\nEste manual es una herramienta pr\u00e1ctica y accesible para todos gracias a su metodolog\u00eda l\u00f3gica, explicaciones muy claras y m\u00e1s de 230 dibujos did\u00e1cticos. Responde de manera concreta a todas las preguntas que pueden plantearse las familias e interesa tambi\u00e9n a toda persona que est\u00e9 a cargo de grupos de j\u00f3venes en medio acu\u00e1tico.<\/p>\n","protected":false},"featured_media":16770,"comment_status":"open","ping_status":"closed","template":"","meta":{"_et_pb_use_builder":"","_et_pb_old_content":"","_et_gb_content_width":""},"product_cat":[1512],"product_tag":[2602],"edicion":[1083],"editoriales":[1160],"tienda":[],"autor_id":[21127],"universidades_coeditoras":[],"palabras_clave":[],"listado_alfabetico":[],"acf":[],"_links":{"self":[{"href":"https:\/\/wizardly-davinci.82-223-8-23.plesk.page\/en\/wp-json\/wp\/v2\/product\/16769"}],"collection":[{"href":"https:\/\/wizardly-davinci.82-223-8-23.plesk.page\/en\/wp-json\/wp\/v2\/product"}],"about":[{"href":"https:\/\/wizardly-davinci.82-223-8-23.plesk.page\/en\/wp-json\/wp\/v2\/types\/product"}],"replies":[{"embeddable":true,"href":"https:\/\/wizardly-davinci.82-223-8-23.plesk.page\/en\/wp-json\/wp\/v2\/comments?post=16769"}],"wp:featuredmedia":[{"embeddable":true,"href":"https:\/\/wizardly-davinci.82-223-8-23.plesk.page\/en\/wp-json\/wp\/v2\/media\/16770"}],"wp:attachment":[{"href":"https:\/\/wizardly-davinci.82-223-8-23.plesk.page\/en\/wp-json\/wp\/v2\/media?parent=16769"}],"wp:term":[{"taxonomy":"product_cat","embeddable":true,"href":"https:\/\/wizardly-davinci.82-223-8-23.plesk.page\/en\/wp-json\/wp\/v2\/product_cat?post=16769"},{"taxonomy":"product_tag","embeddable":true,"href":"https:\/\/wizardly-davinci.82-223-8-23.plesk.page\/en\/wp-json\/wp\/v2\/product_tag?post=16769"},{"taxonomy":"edicion","embeddable":true,"href":"https:\/\/wizardly-davinci.82-223-8-23.plesk.page\/en\/wp-json\/wp\/v2\/edicion?post=16769"},{"taxonomy":"editoriales","embeddable":true,"href":"https:\/\/wizardly-davinci.82-223-8-23.plesk.page\/en\/wp-json\/wp\/v2\/editoriales?post=16769"},{"taxonomy":"tienda","embeddable":true,"href":"https:\/\/wizardly-davinci.82-223-8-23.plesk.page\/en\/wp-json\/wp\/v2\/tienda?post=16769"},{"taxonomy":"autor_id","embeddable":true,"href":"https:\/\/wizardly-davinci.82-223-8-23.plesk.page\/en\/wp-json\/wp\/v2\/autor_id?post=16769"},{"taxonomy":"universidades_coeditoras","embeddable":true,"href":"https:\/\/wizardly-davinci.82-223-8-23.plesk.page\/en\/wp-json\/wp\/v2\/universidades_coeditoras?post=16769"},{"taxonomy":"palabras_clave","embeddable":true,"href":"https:\/\/wizardly-davinci.82-223-8-23.plesk.page\/en\/wp-json\/wp\/v2\/palabras_clave?post=16769"},{"taxonomy":"listado_alfabetico","embeddable":true,"href":"https:\/\/wizardly-davinci.82-223-8-23.plesk.page\/en\/wp-json\/wp\/v2\/listado_alfabetico?post=16769"}],"curies":[{"name":"wp","href":"https:\/\/api.w.org\/{rel}","templated":true}]}}