{"id":16773,"date":"2019-04-09T22:17:09","date_gmt":"2019-04-09T22:17:09","guid":{"rendered":"https:\/\/octaedro.com\/producto\/mi-primer-libro-de-ajedrez-2\/"},"modified":"2023-04-20T10:40:24","modified_gmt":"2023-04-20T08:40:24","slug":"mi-primer-libro-de-ajedrez-2","status":"publish","type":"product","link":"https:\/\/wizardly-davinci.82-223-8-23.plesk.page\/en\/producto\/mi-primer-libro-de-ajedrez-2\/","title":{"rendered":"Mi primer libro de ajedrez"},"content":{"rendered":"<p>\u00bfBusca un libro de iniciaci\u00f3n al ajedrez para ni\u00f1os? \u00bfEncuentra la mayor\u00eda de libros de ajedrez demasiado serios o dif\u00edciles? <span class=\"destacat\">Mi primer libro de ajedrez<\/span> invita a ni\u00f1os a jugar al rey de los juegos gracias a una breve y divertida historia. Como los personajes del relato, Boris y su hermana Sof\u00eda, el joven lector se inicia progresivamente en el maravilloso reino del ajedrez.<br \/>\nNumerosas simulaciones explican las reglas as\u00ed como las t\u00e1cticas y las estrategias m\u00e1s importantes del ajedrez. Las ilustraciones estimulan la imaginaci\u00f3n y la curiosidad de los ni\u00f1os. Los ejercicios permiten verificar y evaluar su comprensi\u00f3n.<\/p>\n","protected":false},"excerpt":{"rendered":"<p>\u00bfBusca un libro de iniciaci\u00f3n al ajedrez para ni\u00f1os? \u00bfEncuentra la mayor\u00eda de libros de ajedrez demasiado serios o dif\u00edciles? <span class=\"destacat\">Mi primer libro de ajedrez<\/span> invita a ni\u00f1os a jugar al rey de los juegos gracias a una breve y divertida historia. Como los personajes del relato, Boris y su hermana Sof\u00eda, el joven lector se inicia progresivamente en el maravilloso reino del ajedrez.<br \/>\nNumerosas simulaciones explican las reglas as\u00ed como las t\u00e1cticas y las estrategias m\u00e1s importantes del ajedrez. Las ilustraciones estimulan la imaginaci\u00f3n y la curiosidad de los ni\u00f1os. Los ejercicios permiten verificar y evaluar su comprensi\u00f3n.<\/p>\n","protected":false},"featured_media":16774,"comment_status":"open","ping_status":"closed","template":"","meta":{"_et_pb_use_builder":"","_et_pb_old_content":"","_et_gb_content_width":""},"product_cat":[2606,1512,6675,6673],"product_tag":[2604],"edicion":[1084,1083],"editoriales":[1160],"tienda":[],"autor_id":[5787],"universidades_coeditoras":[],"palabras_clave":[],"listado_alfabetico":[],"acf":[],"_links":{"self":[{"href":"https:\/\/wizardly-davinci.82-223-8-23.plesk.page\/en\/wp-json\/wp\/v2\/product\/16773"}],"collection":[{"href":"https:\/\/wizardly-davinci.82-223-8-23.plesk.page\/en\/wp-json\/wp\/v2\/product"}],"about":[{"href":"https:\/\/wizardly-davinci.82-223-8-23.plesk.page\/en\/wp-json\/wp\/v2\/types\/product"}],"replies":[{"embeddable":true,"href":"https:\/\/wizardly-davinci.82-223-8-23.plesk.page\/en\/wp-json\/wp\/v2\/comments?post=16773"}],"wp:featuredmedia":[{"embeddable":true,"href":"https:\/\/wizardly-davinci.82-223-8-23.plesk.page\/en\/wp-json\/wp\/v2\/media\/16774"}],"wp:attachment":[{"href":"https:\/\/wizardly-davinci.82-223-8-23.plesk.page\/en\/wp-json\/wp\/v2\/media?parent=16773"}],"wp:term":[{"taxonomy":"product_cat","embeddable":true,"href":"https:\/\/wizardly-davinci.82-223-8-23.plesk.page\/en\/wp-json\/wp\/v2\/product_cat?post=16773"},{"taxonomy":"product_tag","embeddable":true,"href":"https:\/\/wizardly-davinci.82-223-8-23.plesk.page\/en\/wp-json\/wp\/v2\/product_tag?post=16773"},{"taxonomy":"edicion","embeddable":true,"href":"https:\/\/wizardly-davinci.82-223-8-23.plesk.page\/en\/wp-json\/wp\/v2\/edicion?post=16773"},{"taxonomy":"editoriales","embeddable":true,"href":"https:\/\/wizardly-davinci.82-223-8-23.plesk.page\/en\/wp-json\/wp\/v2\/editoriales?post=16773"},{"taxonomy":"tienda","embeddable":true,"href":"https:\/\/wizardly-davinci.82-223-8-23.plesk.page\/en\/wp-json\/wp\/v2\/tienda?post=16773"},{"taxonomy":"autor_id","embeddable":true,"href":"https:\/\/wizardly-davinci.82-223-8-23.plesk.page\/en\/wp-json\/wp\/v2\/autor_id?post=16773"},{"taxonomy":"universidades_coeditoras","embeddable":true,"href":"https:\/\/wizardly-davinci.82-223-8-23.plesk.page\/en\/wp-json\/wp\/v2\/universidades_coeditoras?post=16773"},{"taxonomy":"palabras_clave","embeddable":true,"href":"https:\/\/wizardly-davinci.82-223-8-23.plesk.page\/en\/wp-json\/wp\/v2\/palabras_clave?post=16773"},{"taxonomy":"listado_alfabetico","embeddable":true,"href":"https:\/\/wizardly-davinci.82-223-8-23.plesk.page\/en\/wp-json\/wp\/v2\/listado_alfabetico?post=16773"}],"curies":[{"name":"wp","href":"https:\/\/api.w.org\/{rel}","templated":true}]}}