{"id":16777,"date":"2019-04-09T22:17:10","date_gmt":"2019-04-09T22:17:10","guid":{"rendered":"https:\/\/octaedro.com\/producto\/mimate\/"},"modified":"2023-04-20T10:40:37","modified_gmt":"2023-04-20T08:40:37","slug":"mimate","status":"publish","type":"product","link":"https:\/\/wizardly-davinci.82-223-8-23.plesk.page\/en\/producto\/mimate\/","title":{"rendered":"M\u00edmate"},"content":{"rendered":"<p>Descubre la alimentaci\u00f3n coherente para disfrutar comiendo y sentirte con vitalidad.<br \/>\nDescubre el ejercicio f\u00edsico m\u00e1s indicado para ti.<br \/>\nDescubre c\u00f3mo controlar tu estr\u00e9s.<br \/>\nTu vitalidad tambi\u00e9n est\u00e1 influida por lo que piensas, lo que dices, la m\u00fasica que escuchas, las personas con quien te relacionas, el lugar donde vives, lo que lees, c\u00f3mo te comunicas, c\u00f3mo escuchas\u2026<br \/>\nEste libro es una propuesta innovadora para conseguir el equilibrio en tu estilo de vida. Te ayudar\u00e1 a reordenar las piezas que componen el puzzle de tu vitalidad.<\/p>\n","protected":false},"excerpt":{"rendered":"<p>Descubre la alimentaci\u00f3n coherente para disfrutar comiendo y sentirte con vitalidad.<br \/>\nDescubre el ejercicio f\u00edsico m\u00e1s indicado para ti.<br \/>\nDescubre c\u00f3mo controlar tu estr\u00e9s.<br \/>\nTu vitalidad tambi\u00e9n est\u00e1 influida por lo que piensas, lo que dices, la m\u00fasica que escuchas, las personas con quien te relacionas, el lugar donde vives, lo que lees, c\u00f3mo te comunicas, c\u00f3mo escuchas\u2026<br \/>\nEste libro es una propuesta innovadora para conseguir el equilibrio en tu estilo de vida. Te ayudar\u00e1 a reordenar las piezas que componen el puzzle de tu vitalidad.<\/p>\n","protected":false},"featured_media":16778,"comment_status":"open","ping_status":"closed","template":"","meta":{"_et_pb_use_builder":"","_et_pb_old_content":"","_et_gb_content_width":""},"product_cat":[1512],"product_tag":[2602],"edicion":[1083],"editoriales":[1160],"tienda":[],"autor_id":[5318],"universidades_coeditoras":[],"palabras_clave":[],"listado_alfabetico":[],"acf":[],"_links":{"self":[{"href":"https:\/\/wizardly-davinci.82-223-8-23.plesk.page\/en\/wp-json\/wp\/v2\/product\/16777"}],"collection":[{"href":"https:\/\/wizardly-davinci.82-223-8-23.plesk.page\/en\/wp-json\/wp\/v2\/product"}],"about":[{"href":"https:\/\/wizardly-davinci.82-223-8-23.plesk.page\/en\/wp-json\/wp\/v2\/types\/product"}],"replies":[{"embeddable":true,"href":"https:\/\/wizardly-davinci.82-223-8-23.plesk.page\/en\/wp-json\/wp\/v2\/comments?post=16777"}],"wp:featuredmedia":[{"embeddable":true,"href":"https:\/\/wizardly-davinci.82-223-8-23.plesk.page\/en\/wp-json\/wp\/v2\/media\/16778"}],"wp:attachment":[{"href":"https:\/\/wizardly-davinci.82-223-8-23.plesk.page\/en\/wp-json\/wp\/v2\/media?parent=16777"}],"wp:term":[{"taxonomy":"product_cat","embeddable":true,"href":"https:\/\/wizardly-davinci.82-223-8-23.plesk.page\/en\/wp-json\/wp\/v2\/product_cat?post=16777"},{"taxonomy":"product_tag","embeddable":true,"href":"https:\/\/wizardly-davinci.82-223-8-23.plesk.page\/en\/wp-json\/wp\/v2\/product_tag?post=16777"},{"taxonomy":"edicion","embeddable":true,"href":"https:\/\/wizardly-davinci.82-223-8-23.plesk.page\/en\/wp-json\/wp\/v2\/edicion?post=16777"},{"taxonomy":"editoriales","embeddable":true,"href":"https:\/\/wizardly-davinci.82-223-8-23.plesk.page\/en\/wp-json\/wp\/v2\/editoriales?post=16777"},{"taxonomy":"tienda","embeddable":true,"href":"https:\/\/wizardly-davinci.82-223-8-23.plesk.page\/en\/wp-json\/wp\/v2\/tienda?post=16777"},{"taxonomy":"autor_id","embeddable":true,"href":"https:\/\/wizardly-davinci.82-223-8-23.plesk.page\/en\/wp-json\/wp\/v2\/autor_id?post=16777"},{"taxonomy":"universidades_coeditoras","embeddable":true,"href":"https:\/\/wizardly-davinci.82-223-8-23.plesk.page\/en\/wp-json\/wp\/v2\/universidades_coeditoras?post=16777"},{"taxonomy":"palabras_clave","embeddable":true,"href":"https:\/\/wizardly-davinci.82-223-8-23.plesk.page\/en\/wp-json\/wp\/v2\/palabras_clave?post=16777"},{"taxonomy":"listado_alfabetico","embeddable":true,"href":"https:\/\/wizardly-davinci.82-223-8-23.plesk.page\/en\/wp-json\/wp\/v2\/listado_alfabetico?post=16777"}],"curies":[{"name":"wp","href":"https:\/\/api.w.org\/{rel}","templated":true}]}}