{"id":16779,"date":"2019-04-09T22:17:10","date_gmt":"2019-04-09T22:17:10","guid":{"rendered":"https:\/\/octaedro.com\/producto\/preguntas-de-chicas\/"},"modified":"2023-04-20T10:40:45","modified_gmt":"2023-04-20T08:40:45","slug":"preguntas-de-chicas","status":"publish","type":"product","link":"https:\/\/wizardly-davinci.82-223-8-23.plesk.page\/en\/producto\/preguntas-de-chicas\/","title":{"rendered":"Preguntas de chicas"},"content":{"rendered":"<p>\u00bfQu\u00e9 es la p\u00edldora? \u00bfC\u00f3mo funciona? \u00bfY el anillo vaginal? \u00bfEs doloroso hacer el amor por primera vez? \u00bfC\u00f3mo se pone un preservativo?Estas preguntas, y muchas otras, han sido recogidas durante reuniones informativas en colegios e institutos. Demuestras que, con 14 o 16 a\u00f1os, muchas chicas a\u00fan no tienen respuesta a un mont\u00f3n de preguntas.Hoy en d\u00eda, las adolescentes parecen estar enteradas de todo\u2026 Pero a menudo no es m\u00e1s que una apariencia: una de cada ocho chicas est\u00e1 confusa respecto a la contracepci\u00f3n, el aborto y la esterilizaci\u00f3n y \u00a1una de cada diez piensa que la interrupci\u00f3n voluntaria del embarazo es un m\u00e9todo de contracepci\u00f3n!<br \/>\n<em>Preguntas de chicas <\/em>responde a todas estas preguntas importantes de manera pr\u00e1ctica y sencilla.<\/p>\n","protected":false},"excerpt":{"rendered":"<p>\u00bfQu\u00e9 es la p\u00edldora? \u00bfC\u00f3mo funciona? \u00bfY el anillo vaginal? \u00bfEs doloroso hacer el amor por primera vez? \u00bfC\u00f3mo se pone un preservativo?Estas preguntas, y muchas otras, han sido recogidas durante reuniones informativas en colegios e institutos. Demuestras que, con 14 o 16 a\u00f1os, muchas chicas a\u00fan no tienen respuesta a un mont\u00f3n de preguntas.Hoy en d\u00eda, las adolescentes parecen estar enteradas de todo\u2026 Pero a menudo no es m\u00e1s que una apariencia: una de cada ocho chicas est\u00e1 confusa respecto a la contracepci\u00f3n, el aborto y la esterilizaci\u00f3n y \u00a1una de cada diez piensa que la interrupci\u00f3n voluntaria del embarazo es un m\u00e9todo de contracepci\u00f3n!<br \/>\n<em>Preguntas de chicas <\/em>responde a todas estas preguntas importantes de manera pr\u00e1ctica y sencilla.<\/p>\n","protected":false},"featured_media":16780,"comment_status":"open","ping_status":"closed","template":"","meta":{"_et_pb_use_builder":"","_et_pb_old_content":"","_et_gb_content_width":""},"product_cat":[1512],"product_tag":[2602],"edicion":[],"editoriales":[1160],"tienda":[],"autor_id":[5807,6140],"universidades_coeditoras":[],"palabras_clave":[],"listado_alfabetico":[],"acf":[],"_links":{"self":[{"href":"https:\/\/wizardly-davinci.82-223-8-23.plesk.page\/en\/wp-json\/wp\/v2\/product\/16779"}],"collection":[{"href":"https:\/\/wizardly-davinci.82-223-8-23.plesk.page\/en\/wp-json\/wp\/v2\/product"}],"about":[{"href":"https:\/\/wizardly-davinci.82-223-8-23.plesk.page\/en\/wp-json\/wp\/v2\/types\/product"}],"replies":[{"embeddable":true,"href":"https:\/\/wizardly-davinci.82-223-8-23.plesk.page\/en\/wp-json\/wp\/v2\/comments?post=16779"}],"wp:featuredmedia":[{"embeddable":true,"href":"https:\/\/wizardly-davinci.82-223-8-23.plesk.page\/en\/wp-json\/wp\/v2\/media\/16780"}],"wp:attachment":[{"href":"https:\/\/wizardly-davinci.82-223-8-23.plesk.page\/en\/wp-json\/wp\/v2\/media?parent=16779"}],"wp:term":[{"taxonomy":"product_cat","embeddable":true,"href":"https:\/\/wizardly-davinci.82-223-8-23.plesk.page\/en\/wp-json\/wp\/v2\/product_cat?post=16779"},{"taxonomy":"product_tag","embeddable":true,"href":"https:\/\/wizardly-davinci.82-223-8-23.plesk.page\/en\/wp-json\/wp\/v2\/product_tag?post=16779"},{"taxonomy":"edicion","embeddable":true,"href":"https:\/\/wizardly-davinci.82-223-8-23.plesk.page\/en\/wp-json\/wp\/v2\/edicion?post=16779"},{"taxonomy":"editoriales","embeddable":true,"href":"https:\/\/wizardly-davinci.82-223-8-23.plesk.page\/en\/wp-json\/wp\/v2\/editoriales?post=16779"},{"taxonomy":"tienda","embeddable":true,"href":"https:\/\/wizardly-davinci.82-223-8-23.plesk.page\/en\/wp-json\/wp\/v2\/tienda?post=16779"},{"taxonomy":"autor_id","embeddable":true,"href":"https:\/\/wizardly-davinci.82-223-8-23.plesk.page\/en\/wp-json\/wp\/v2\/autor_id?post=16779"},{"taxonomy":"universidades_coeditoras","embeddable":true,"href":"https:\/\/wizardly-davinci.82-223-8-23.plesk.page\/en\/wp-json\/wp\/v2\/universidades_coeditoras?post=16779"},{"taxonomy":"palabras_clave","embeddable":true,"href":"https:\/\/wizardly-davinci.82-223-8-23.plesk.page\/en\/wp-json\/wp\/v2\/palabras_clave?post=16779"},{"taxonomy":"listado_alfabetico","embeddable":true,"href":"https:\/\/wizardly-davinci.82-223-8-23.plesk.page\/en\/wp-json\/wp\/v2\/listado_alfabetico?post=16779"}],"curies":[{"name":"wp","href":"https:\/\/api.w.org\/{rel}","templated":true}]}}