{"id":16793,"date":"2019-04-09T22:17:15","date_gmt":"2019-04-09T22:17:15","guid":{"rendered":"https:\/\/octaedro.com\/producto\/momentos-decisivos\/"},"modified":"2023-04-20T10:41:30","modified_gmt":"2023-04-20T08:41:30","slug":"momentos-decisivos","status":"publish","type":"product","link":"https:\/\/wizardly-davinci.82-223-8-23.plesk.page\/en\/producto\/momentos-decisivos\/","title":{"rendered":"Momentos decisivos"},"content":{"rendered":"<p>A pesar de haber nacido en una familia muy pobre de jornaleros emigrantes y de haber padecido una enfermedad en 1943 que lo dej\u00f3 completamente sordo, Robert R. Davila persever\u00f3 hasta convertirse en una de las primeras personas sordas que obtuvo un doctorado. Y lo hizo, adem\u00e1s, en una \u00e9poca en que la educaci\u00f3n superior a\u00fan no dispon\u00eda de ning\u00fan apoyo. Davila trabaj\u00f3 infatigablemente para merecer cargos como el de rector de la Universidad Gallaudet, presidente de las tres organizaciones m\u00e1s importantes de la educaci\u00f3n de sordos, y lleg\u00f3 a la cima de su carrera cuando ocup\u00f3 el cargo de m\u00e1s alto rango ostentado por un hombre sordo en el Gobierno estadounidense, en el Ministerio de Educaci\u00f3n. Sin embargo, despu\u00e9s regres\u00f3 al ejercicio de su profesi\u00f3n para conseguir nuevos \u00e9xitos. Fue el director de la Escuela de Sordos de Nueva York en White Plains durante tres a\u00f1os y el primer rector sordo del Instituto Nacional T\u00e9cnico de Sordos de la Universidad Polit\u00e9cnica de Rochester durante siete a\u00f1os. Luego, en el a\u00f1o 2006, asumi\u00f3 el cargo de rector de la Universidad Gallaudet en un momento de crisis.<br \/>\nMomentos decisivos resume una serie de experiencias clave que permitieron que Davila alcanzase la cima de su profesi\u00f3n como docente. Este libro no es simplemente una gu\u00eda de c\u00f3mo triunf\u00f3, sino una historia alentadora de autodescubrimiento y capacidad de superaci\u00f3n para todos los que afrontan alguna discapacidad, especialmente los ni\u00f1os sordos que, sin duda, se beneficiar\u00e1n de su legado.<br \/>\n<em>\u00abUno de los mayores honores de ser Presidente de los Estados Unidos es que se tiene el privilegio de trabajar con lo mejor de lo mejor de Am\u00e9rica. Bob Davila es, sin duda, uno de esos \u201cmejores\u201d que nos sirve de modelo a todos. Su historia es una prueba irrefutable de que, con tes\u00f3n, decisi\u00f3n y valor se pueden superar todos los obst\u00e1culos que presenta la vida.\u00bb<\/em><br \/>\n<strong>Presidente George H. W. Bush<\/strong><\/p>\n<p><em>\u00abLa biograf\u00eda del doctor Davila refleja las cualidades de un verdadero l\u00edder, capaz de superar todos los obst\u00e1culos para conseguir sus sue\u00f1os. <span class=\"destacat\">Momentos decisivos<\/span> motivar\u00e1 a todos los lectores, especialmente a los sordos hispanos y a otros estudiantes que forman parte de aquellas minor\u00edas que afrontan los mismos problemas y dificultades.\u00bb<\/em><br \/>\n<strong>Mia S\u00e1nchez, presidenta del Congreso Estudiantil del NTID<\/strong><\/p>\n","protected":false},"excerpt":{"rendered":"<p>A pesar de haber nacido en una familia muy pobre de jornaleros emigrantes y de haber padecido una enfermedad en 1943 que lo dej\u00f3 completamente sordo, Robert R. Davila persever\u00f3 hasta convertirse en una de las primeras personas sordas que obtuvo un doctorado. Y lo hizo, adem\u00e1s, en una \u00e9poca en que la educaci\u00f3n superior a\u00fan no dispon\u00eda de ning\u00fan apoyo. Davila trabaj\u00f3 infatigablemente para merecer cargos como el de rector de la Universidad Gallaudet, presidente de las tres organizaciones m\u00e1s importantes de la educaci\u00f3n de sordos, y lleg\u00f3 a la cima de su carrera cuando ocup\u00f3 el cargo de m\u00e1s alto rango ostentado por un hombre sordo en el Gobierno estadounidense, en el Ministerio de Educaci\u00f3n. Sin embargo, despu\u00e9s regres\u00f3 al ejercicio de su profesi\u00f3n para conseguir nuevos \u00e9xitos. Fue el director de la Escuela de Sordos de Nueva York en White Plains durante tres a\u00f1os y el primer rector sordo del Instituto Nacional T\u00e9cnico de Sordos de la Universidad Polit\u00e9cnica de Rochester durante siete a\u00f1os. Luego, en el a\u00f1o 2006, asumi\u00f3 el cargo de rector de la Universidad Gallaudet en un momento de crisis.<br \/>\nMomentos decisivos resume una serie de experiencias clave que permitieron que Davila alcanzase la cima de su profesi\u00f3n como docente. Este libro no es simplemente una gu\u00eda de c\u00f3mo triunf\u00f3, sino una historia alentadora de autodescubrimiento y capacidad de superaci\u00f3n para todos los que afrontan alguna discapacidad, especialmente los ni\u00f1os sordos que, sin duda, se beneficiar\u00e1n de su legado.<br \/>\n<em>\u00abUno de los mayores honores de ser Presidente de los Estados Unidos es que se tiene el privilegio de trabajar con lo mejor de lo mejor de Am\u00e9rica. Bob Davila es, sin duda, uno de esos \u201cmejores\u201d que nos sirve de modelo a todos. Su historia es una prueba irrefutable de que, con tes\u00f3n, decisi\u00f3n y valor se pueden superar todos los obst\u00e1culos que presenta la vida.\u00bb<\/em><br \/>\n<strong>Presidente George H. W. Bush<\/strong><\/p>\n<p><em>\u00abLa biograf\u00eda del doctor Davila refleja las cualidades de un verdadero l\u00edder, capaz de superar todos los obst\u00e1culos para conseguir sus sue\u00f1os. <span class=\"destacat\">Momentos decisivos<\/span> motivar\u00e1 a todos los lectores, especialmente a los sordos hispanos y a otros estudiantes que forman parte de aquellas minor\u00edas que afrontan los mismos problemas y dificultades.\u00bb<\/em><br \/>\n<strong>Mia S\u00e1nchez, presidenta del Congreso Estudiantil del NTID<\/strong><\/p>\n","protected":false},"featured_media":16794,"comment_status":"open","ping_status":"closed","template":"","meta":{"_et_pb_use_builder":"","_et_pb_old_content":"","_et_gb_content_width":""},"product_cat":[1512],"product_tag":[2602],"edicion":[1083],"editoriales":[1160],"tienda":[],"autor_id":[5402,5788,6099],"universidades_coeditoras":[],"palabras_clave":[],"listado_alfabetico":[],"acf":[],"_links":{"self":[{"href":"https:\/\/wizardly-davinci.82-223-8-23.plesk.page\/en\/wp-json\/wp\/v2\/product\/16793"}],"collection":[{"href":"https:\/\/wizardly-davinci.82-223-8-23.plesk.page\/en\/wp-json\/wp\/v2\/product"}],"about":[{"href":"https:\/\/wizardly-davinci.82-223-8-23.plesk.page\/en\/wp-json\/wp\/v2\/types\/product"}],"replies":[{"embeddable":true,"href":"https:\/\/wizardly-davinci.82-223-8-23.plesk.page\/en\/wp-json\/wp\/v2\/comments?post=16793"}],"wp:featuredmedia":[{"embeddable":true,"href":"https:\/\/wizardly-davinci.82-223-8-23.plesk.page\/en\/wp-json\/wp\/v2\/media\/16794"}],"wp:attachment":[{"href":"https:\/\/wizardly-davinci.82-223-8-23.plesk.page\/en\/wp-json\/wp\/v2\/media?parent=16793"}],"wp:term":[{"taxonomy":"product_cat","embeddable":true,"href":"https:\/\/wizardly-davinci.82-223-8-23.plesk.page\/en\/wp-json\/wp\/v2\/product_cat?post=16793"},{"taxonomy":"product_tag","embeddable":true,"href":"https:\/\/wizardly-davinci.82-223-8-23.plesk.page\/en\/wp-json\/wp\/v2\/product_tag?post=16793"},{"taxonomy":"edicion","embeddable":true,"href":"https:\/\/wizardly-davinci.82-223-8-23.plesk.page\/en\/wp-json\/wp\/v2\/edicion?post=16793"},{"taxonomy":"editoriales","embeddable":true,"href":"https:\/\/wizardly-davinci.82-223-8-23.plesk.page\/en\/wp-json\/wp\/v2\/editoriales?post=16793"},{"taxonomy":"tienda","embeddable":true,"href":"https:\/\/wizardly-davinci.82-223-8-23.plesk.page\/en\/wp-json\/wp\/v2\/tienda?post=16793"},{"taxonomy":"autor_id","embeddable":true,"href":"https:\/\/wizardly-davinci.82-223-8-23.plesk.page\/en\/wp-json\/wp\/v2\/autor_id?post=16793"},{"taxonomy":"universidades_coeditoras","embeddable":true,"href":"https:\/\/wizardly-davinci.82-223-8-23.plesk.page\/en\/wp-json\/wp\/v2\/universidades_coeditoras?post=16793"},{"taxonomy":"palabras_clave","embeddable":true,"href":"https:\/\/wizardly-davinci.82-223-8-23.plesk.page\/en\/wp-json\/wp\/v2\/palabras_clave?post=16793"},{"taxonomy":"listado_alfabetico","embeddable":true,"href":"https:\/\/wizardly-davinci.82-223-8-23.plesk.page\/en\/wp-json\/wp\/v2\/listado_alfabetico?post=16793"}],"curies":[{"name":"wp","href":"https:\/\/api.w.org\/{rel}","templated":true}]}}