{"id":16797,"date":"2019-04-09T22:17:16","date_gmt":"2019-04-09T22:17:16","guid":{"rendered":"https:\/\/octaedro.com\/producto\/lecciones-contra-el-olvido\/"},"modified":"2023-04-20T10:41:43","modified_gmt":"2023-04-20T08:41:43","slug":"lecciones-contra-el-olvido","status":"publish","type":"product","link":"https:\/\/wizardly-davinci.82-223-8-23.plesk.page\/en\/producto\/lecciones-contra-el-olvido\/","title":{"rendered":"Lecciones contra el olvido"},"content":{"rendered":"<p>Somos memoria. Lo que somos y lo que sabemos est\u00e1 tejido con los hilos del recuerdo y de la memoria. Somos lo que sabemos pero quiz\u00e1 s\u00f3lo sabemos qui\u00e9nes somos cuando nos acercamos al sufrimiento y a las emociones de esas mujeres y de esos hombres \u2013ausentes e invisibles\u2013 que a lo largo de la convulsa historia de la humanidad han sufrido las mil y una formas posibles de la injusticia, de la tiran\u00eda y de la violencia. Por ello, en nombre del futuro no cabe el olvido de un pasado y de un presente tan imperfectos (guerras, violaciones, genocidios, dictaduras\u2026) ni el fomento de una amnesia colectiva que menosprecia el valor de la memoria colectiva y sigue arrojando a las v\u00edctimas de la barbarie a las fosas del olvido. De acuerdo con el consejo feminista de hacer visible lo invisible, urge mirar el mundo con los ojos de los olvidados y de quienes nacieron para perder y vindicar el derecho a la memoria como un deber de justicia con las v\u00edctimas de tantas imposturas, de tantos silencios, de tantas desigualdades, de tantos exilios, de tantas c\u00e1rceles y de tantas muertes. De ah\u00ed que educar en la memoria de la barbarie humana constituya un deber ineludible de la educaci\u00f3n democr\u00e1tica.<\/p>\n<p>El objetivo de este libro es, por una parte, estimular la memoria de la educaci\u00f3n en Espa\u00f1a y el conocimiento de c\u00f3mo ha sido, de c\u00f3mo es y quiz\u00e1 de c\u00f3mo debiera ser la educaci\u00f3n que queremos y, por otra, reflexionar sobre la importancia del aprendizaje escolar de la memoria colectiva en la construcci\u00f3n de una ciudadan\u00eda democr\u00e1tica y divulgar orientaciones y materiales did\u00e1cticos en torno a la educaci\u00f3n de la memoria.<\/p>\n","protected":false},"excerpt":{"rendered":"<p>Somos memoria. Lo que somos y lo que sabemos est\u00e1 tejido con los hilos del recuerdo y de la memoria. Somos lo que sabemos pero quiz\u00e1 s\u00f3lo sabemos qui\u00e9nes somos cuando nos acercamos al sufrimiento y a las emociones de esas mujeres y de esos hombres \u2013ausentes e invisibles\u2013 que a lo largo de la convulsa historia de la humanidad han sufrido las mil y una formas posibles de la injusticia, de la tiran\u00eda y de la violencia. Por ello, en nombre del futuro no cabe el olvido de un pasado y de un presente tan imperfectos (guerras, violaciones, genocidios, dictaduras\u2026) ni el fomento de una amnesia colectiva que menosprecia el valor de la memoria colectiva y sigue arrojando a las v\u00edctimas de la barbarie a las fosas del olvido. De acuerdo con el consejo feminista de hacer visible lo invisible, urge mirar el mundo con los ojos de los olvidados y de quienes nacieron para perder y vindicar el derecho a la memoria como un deber de justicia con las v\u00edctimas de tantas imposturas, de tantos silencios, de tantas desigualdades, de tantos exilios, de tantas c\u00e1rceles y de tantas muertes. De ah\u00ed que educar en la memoria de la barbarie humana constituya un deber ineludible de la educaci\u00f3n democr\u00e1tica.<\/p>\n<p>El objetivo de este libro es, por una parte, estimular la memoria de la educaci\u00f3n en Espa\u00f1a y el conocimiento de c\u00f3mo ha sido, de c\u00f3mo es y quiz\u00e1 de c\u00f3mo debiera ser la educaci\u00f3n que queremos y, por otra, reflexionar sobre la importancia del aprendizaje escolar de la memoria colectiva en la construcci\u00f3n de una ciudadan\u00eda democr\u00e1tica y divulgar orientaciones y materiales did\u00e1cticos en torno a la educaci\u00f3n de la memoria.<\/p>\n","protected":false},"featured_media":16798,"comment_status":"open","ping_status":"closed","template":"","meta":{"_et_pb_use_builder":"","_et_pb_old_content":"","_et_gb_content_width":""},"product_cat":[2606,1512,6675,6673],"product_tag":[2604],"edicion":[1084,1083],"editoriales":[1160],"tienda":[],"autor_id":[5830],"universidades_coeditoras":[],"palabras_clave":[],"listado_alfabetico":[],"acf":[],"_links":{"self":[{"href":"https:\/\/wizardly-davinci.82-223-8-23.plesk.page\/en\/wp-json\/wp\/v2\/product\/16797"}],"collection":[{"href":"https:\/\/wizardly-davinci.82-223-8-23.plesk.page\/en\/wp-json\/wp\/v2\/product"}],"about":[{"href":"https:\/\/wizardly-davinci.82-223-8-23.plesk.page\/en\/wp-json\/wp\/v2\/types\/product"}],"replies":[{"embeddable":true,"href":"https:\/\/wizardly-davinci.82-223-8-23.plesk.page\/en\/wp-json\/wp\/v2\/comments?post=16797"}],"wp:featuredmedia":[{"embeddable":true,"href":"https:\/\/wizardly-davinci.82-223-8-23.plesk.page\/en\/wp-json\/wp\/v2\/media\/16798"}],"wp:attachment":[{"href":"https:\/\/wizardly-davinci.82-223-8-23.plesk.page\/en\/wp-json\/wp\/v2\/media?parent=16797"}],"wp:term":[{"taxonomy":"product_cat","embeddable":true,"href":"https:\/\/wizardly-davinci.82-223-8-23.plesk.page\/en\/wp-json\/wp\/v2\/product_cat?post=16797"},{"taxonomy":"product_tag","embeddable":true,"href":"https:\/\/wizardly-davinci.82-223-8-23.plesk.page\/en\/wp-json\/wp\/v2\/product_tag?post=16797"},{"taxonomy":"edicion","embeddable":true,"href":"https:\/\/wizardly-davinci.82-223-8-23.plesk.page\/en\/wp-json\/wp\/v2\/edicion?post=16797"},{"taxonomy":"editoriales","embeddable":true,"href":"https:\/\/wizardly-davinci.82-223-8-23.plesk.page\/en\/wp-json\/wp\/v2\/editoriales?post=16797"},{"taxonomy":"tienda","embeddable":true,"href":"https:\/\/wizardly-davinci.82-223-8-23.plesk.page\/en\/wp-json\/wp\/v2\/tienda?post=16797"},{"taxonomy":"autor_id","embeddable":true,"href":"https:\/\/wizardly-davinci.82-223-8-23.plesk.page\/en\/wp-json\/wp\/v2\/autor_id?post=16797"},{"taxonomy":"universidades_coeditoras","embeddable":true,"href":"https:\/\/wizardly-davinci.82-223-8-23.plesk.page\/en\/wp-json\/wp\/v2\/universidades_coeditoras?post=16797"},{"taxonomy":"palabras_clave","embeddable":true,"href":"https:\/\/wizardly-davinci.82-223-8-23.plesk.page\/en\/wp-json\/wp\/v2\/palabras_clave?post=16797"},{"taxonomy":"listado_alfabetico","embeddable":true,"href":"https:\/\/wizardly-davinci.82-223-8-23.plesk.page\/en\/wp-json\/wp\/v2\/listado_alfabetico?post=16797"}],"curies":[{"name":"wp","href":"https:\/\/api.w.org\/{rel}","templated":true}]}}