{"id":16799,"date":"2019-04-09T22:17:18","date_gmt":"2019-04-09T22:17:18","guid":{"rendered":"https:\/\/octaedro.com\/producto\/la-zancada-del-deyar\/"},"modified":"2023-04-20T10:41:51","modified_gmt":"2023-04-20T08:41:51","slug":"la-zancada-del-deyar","status":"publish","type":"product","link":"https:\/\/wizardly-davinci.82-223-8-23.plesk.page\/en\/producto\/la-zancada-del-deyar\/","title":{"rendered":"La zancada del Deyar"},"content":{"rendered":"<p>El viajero tiene tambi\u00e9n coraz\u00f3n. Tratando de conocer sobre el terreno la pervivencia de la cultura n\u00f3mada en el desierto del S\u00e1hara Occidental, el autor se encuentra a s\u00ed mismo. Parte para encontrar las ra\u00edces de la hospitalidad y la generosidad del pueblo saharaui exiliado, y las busca en la vida bedu\u00edna de la <em>bad\u00eda<\/em>, en la regi\u00f3n del Tiris, el ombligo del S\u00e1hara, la tierra de los hombres del libro. Convive con los \u00faltimos n\u00f3madas puros y con otros temporales, y traza un mapa humano, de costumbres ancestrales y de cuentos sobre la magia del desierto. Es ya un modo de vida en extinci\u00f3n, bajo el empuje de la modernidad, de los veh\u00edculos a motor y las antenas parab\u00f3licas. Pero all\u00ed, en la inmensidad torturada por el sol y acunada por las estrellas, encuentra al \u00faltimo <em>deyar<\/em> aut\u00e9ntico, armado tan solo con una peque\u00f1a garrafa de agua, un bast\u00f3n, un turbante y una <em>darr\u00e1a<\/em>. Y su zancada incansable y poderosa: la aut\u00e9ntica medida del desierto.<\/p>\n","protected":false},"excerpt":{"rendered":"<p>El viajero tiene tambi\u00e9n coraz\u00f3n. Tratando de conocer sobre el terreno la pervivencia de la cultura n\u00f3mada en el desierto del S\u00e1hara Occidental, el autor se encuentra a s\u00ed mismo. Parte para encontrar las ra\u00edces de la hospitalidad y la generosidad del pueblo saharaui exiliado, y las busca en la vida bedu\u00edna de la <em>bad\u00eda<\/em>, en la regi\u00f3n del Tiris, el ombligo del S\u00e1hara, la tierra de los hombres del libro. Convive con los \u00faltimos n\u00f3madas puros y con otros temporales, y traza un mapa humano, de costumbres ancestrales y de cuentos sobre la magia del desierto. Es ya un modo de vida en extinci\u00f3n, bajo el empuje de la modernidad, de los veh\u00edculos a motor y las antenas parab\u00f3licas. Pero all\u00ed, en la inmensidad torturada por el sol y acunada por las estrellas, encuentra al \u00faltimo <em>deyar<\/em> aut\u00e9ntico, armado tan solo con una peque\u00f1a garrafa de agua, un bast\u00f3n, un turbante y una <em>darr\u00e1a<\/em>. Y su zancada incansable y poderosa: la aut\u00e9ntica medida del desierto.<\/p>\n","protected":false},"featured_media":16800,"comment_status":"open","ping_status":"closed","template":"","meta":{"_et_pb_use_builder":"","_et_pb_old_content":"","_et_gb_content_width":""},"product_cat":[1512,6675],"product_tag":[2602],"edicion":[1083],"editoriales":[1160],"tienda":[],"autor_id":[6023],"universidades_coeditoras":[],"palabras_clave":[],"listado_alfabetico":[],"acf":[],"_links":{"self":[{"href":"https:\/\/wizardly-davinci.82-223-8-23.plesk.page\/en\/wp-json\/wp\/v2\/product\/16799"}],"collection":[{"href":"https:\/\/wizardly-davinci.82-223-8-23.plesk.page\/en\/wp-json\/wp\/v2\/product"}],"about":[{"href":"https:\/\/wizardly-davinci.82-223-8-23.plesk.page\/en\/wp-json\/wp\/v2\/types\/product"}],"replies":[{"embeddable":true,"href":"https:\/\/wizardly-davinci.82-223-8-23.plesk.page\/en\/wp-json\/wp\/v2\/comments?post=16799"}],"wp:featuredmedia":[{"embeddable":true,"href":"https:\/\/wizardly-davinci.82-223-8-23.plesk.page\/en\/wp-json\/wp\/v2\/media\/16800"}],"wp:attachment":[{"href":"https:\/\/wizardly-davinci.82-223-8-23.plesk.page\/en\/wp-json\/wp\/v2\/media?parent=16799"}],"wp:term":[{"taxonomy":"product_cat","embeddable":true,"href":"https:\/\/wizardly-davinci.82-223-8-23.plesk.page\/en\/wp-json\/wp\/v2\/product_cat?post=16799"},{"taxonomy":"product_tag","embeddable":true,"href":"https:\/\/wizardly-davinci.82-223-8-23.plesk.page\/en\/wp-json\/wp\/v2\/product_tag?post=16799"},{"taxonomy":"edicion","embeddable":true,"href":"https:\/\/wizardly-davinci.82-223-8-23.plesk.page\/en\/wp-json\/wp\/v2\/edicion?post=16799"},{"taxonomy":"editoriales","embeddable":true,"href":"https:\/\/wizardly-davinci.82-223-8-23.plesk.page\/en\/wp-json\/wp\/v2\/editoriales?post=16799"},{"taxonomy":"tienda","embeddable":true,"href":"https:\/\/wizardly-davinci.82-223-8-23.plesk.page\/en\/wp-json\/wp\/v2\/tienda?post=16799"},{"taxonomy":"autor_id","embeddable":true,"href":"https:\/\/wizardly-davinci.82-223-8-23.plesk.page\/en\/wp-json\/wp\/v2\/autor_id?post=16799"},{"taxonomy":"universidades_coeditoras","embeddable":true,"href":"https:\/\/wizardly-davinci.82-223-8-23.plesk.page\/en\/wp-json\/wp\/v2\/universidades_coeditoras?post=16799"},{"taxonomy":"palabras_clave","embeddable":true,"href":"https:\/\/wizardly-davinci.82-223-8-23.plesk.page\/en\/wp-json\/wp\/v2\/palabras_clave?post=16799"},{"taxonomy":"listado_alfabetico","embeddable":true,"href":"https:\/\/wizardly-davinci.82-223-8-23.plesk.page\/en\/wp-json\/wp\/v2\/listado_alfabetico?post=16799"}],"curies":[{"name":"wp","href":"https:\/\/api.w.org\/{rel}","templated":true}]}}