{"id":16803,"date":"2019-04-09T22:17:18","date_gmt":"2019-04-09T22:17:18","guid":{"rendered":"https:\/\/octaedro.com\/producto\/el-poder-desnudo\/"},"modified":"2023-04-20T10:42:04","modified_gmt":"2023-04-20T08:42:04","slug":"el-poder-desnudo","status":"publish","type":"product","link":"https:\/\/wizardly-davinci.82-223-8-23.plesk.page\/en\/producto\/el-poder-desnudo\/","title":{"rendered":"El poder desnudo"},"content":{"rendered":"<p>El lector encontrar\u00e1 en las p\u00e1ginas de este libro todo aquello que a su autor le fue vetado por algunos medios que todav\u00eda hoy practican la censura y la interdicci\u00f3n civil. El lector conocer\u00e1 los anales del poder a partir de la historia no oficial de la saga de los Borbones, la dinast\u00eda culpable del atraso, la degradaci\u00f3n y la miseria de centenares de generaciones de espa\u00f1oles. Averiguar\u00e1n c\u00f3mo se produjo el fin de la Rep\u00fablica y los detalles m\u00e1s s\u00f3rdidos de la conspiraci\u00f3n franquista que la derroc\u00f3; la sucesi\u00f3n de Juan Carlos \u00aba t\u00edtulo de rey\u00bb; la verdad sobre el papel del monarca en el 23-F; los trepas de la pol\u00edtica, y para culminar esta primera parte, los esc\u00e1ndalos de la Casa Real acaecidos en paralelo al movimiento 15-M, conocido como el de los indignados.<br \/>\nEl libro va dirigido especialmente a los que todav\u00eda creen en la implantaci\u00f3n de una democracia real en Espa\u00f1a, a quienes se afanan en que sea el pueblo quien ostente el poder, a los que ambicionan ser regidos por una nueva Constituci\u00f3n, a los partidarios de cambiar el actual sistema neoliberal que agoniza por una nueva opci\u00f3n que reparta equitativamente el bienestar, el trabajo y la riqueza. Tambi\u00e9n es de lectura obligada para los que aspiran a instituir el pago solidario y equitativo de los impuestos, a los que creen que los cargos p\u00fablicos deben ser nombrados por sorteo y a todos los que sue\u00f1an con la reimplantaci\u00f3n de la Rep\u00fablica.<br \/>\nEs un libro ameno, en ocasiones muy divertido, destinado a los que han dejado de creer en el capitalismo rapaz como sistema y desean un cambio social. Seg\u00fan Loperena, el final de la transici\u00f3n espa\u00f1ola se producir\u00e1 cuando los reyes dejen de ostentar el poder absoluto y se conviertan en ciudadanos, en el d\u00eda en que Catalunya y Euskadi se declaren independientes y se constituyan como rep\u00fablicas federales, sociales y democr\u00e1ticas derogando las leyes que autorizan sus ej\u00e9rcitos para trabajar solidariamente en favor de un sistema democr\u00e1tico nuevo, real, igualitario y libre.<\/p>\n","protected":false},"excerpt":{"rendered":"<p>El lector encontrar\u00e1 en las p\u00e1ginas de este libro todo aquello que a su autor le fue vetado por algunos medios que todav\u00eda hoy practican la censura y la interdicci\u00f3n civil. El lector conocer\u00e1 los anales del poder a partir de la historia no oficial de la saga de los Borbones, la dinast\u00eda culpable del atraso, la degradaci\u00f3n y la miseria de centenares de generaciones de espa\u00f1oles. Averiguar\u00e1n c\u00f3mo se produjo el fin de la Rep\u00fablica y los detalles m\u00e1s s\u00f3rdidos de la conspiraci\u00f3n franquista que la derroc\u00f3; la sucesi\u00f3n de Juan Carlos \u00aba t\u00edtulo de rey\u00bb; la verdad sobre el papel del monarca en el 23-F; los trepas de la pol\u00edtica, y para culminar esta primera parte, los esc\u00e1ndalos de la Casa Real acaecidos en paralelo al movimiento 15-M, conocido como el de los indignados.<br \/>\nEl libro va dirigido especialmente a los que todav\u00eda creen en la implantaci\u00f3n de una democracia real en Espa\u00f1a, a quienes se afanan en que sea el pueblo quien ostente el poder, a los que ambicionan ser regidos por una nueva Constituci\u00f3n, a los partidarios de cambiar el actual sistema neoliberal que agoniza por una nueva opci\u00f3n que reparta equitativamente el bienestar, el trabajo y la riqueza. Tambi\u00e9n es de lectura obligada para los que aspiran a instituir el pago solidario y equitativo de los impuestos, a los que creen que los cargos p\u00fablicos deben ser nombrados por sorteo y a todos los que sue\u00f1an con la reimplantaci\u00f3n de la Rep\u00fablica.<br \/>\nEs un libro ameno, en ocasiones muy divertido, destinado a los que han dejado de creer en el capitalismo rapaz como sistema y desean un cambio social. Seg\u00fan Loperena, el final de la transici\u00f3n espa\u00f1ola se producir\u00e1 cuando los reyes dejen de ostentar el poder absoluto y se conviertan en ciudadanos, en el d\u00eda en que Catalunya y Euskadi se declaren independientes y se constituyan como rep\u00fablicas federales, sociales y democr\u00e1ticas derogando las leyes que autorizan sus ej\u00e9rcitos para trabajar solidariamente en favor de un sistema democr\u00e1tico nuevo, real, igualitario y libre.<\/p>\n","protected":false},"featured_media":16804,"comment_status":"open","ping_status":"closed","template":"","meta":{"_et_pb_use_builder":"","_et_pb_old_content":"","_et_gb_content_width":""},"product_cat":[1512],"product_tag":[2602],"edicion":[1083],"editoriales":[1160],"tienda":[],"autor_id":[5832],"universidades_coeditoras":[],"palabras_clave":[],"listado_alfabetico":[],"acf":[],"_links":{"self":[{"href":"https:\/\/wizardly-davinci.82-223-8-23.plesk.page\/en\/wp-json\/wp\/v2\/product\/16803"}],"collection":[{"href":"https:\/\/wizardly-davinci.82-223-8-23.plesk.page\/en\/wp-json\/wp\/v2\/product"}],"about":[{"href":"https:\/\/wizardly-davinci.82-223-8-23.plesk.page\/en\/wp-json\/wp\/v2\/types\/product"}],"replies":[{"embeddable":true,"href":"https:\/\/wizardly-davinci.82-223-8-23.plesk.page\/en\/wp-json\/wp\/v2\/comments?post=16803"}],"wp:featuredmedia":[{"embeddable":true,"href":"https:\/\/wizardly-davinci.82-223-8-23.plesk.page\/en\/wp-json\/wp\/v2\/media\/16804"}],"wp:attachment":[{"href":"https:\/\/wizardly-davinci.82-223-8-23.plesk.page\/en\/wp-json\/wp\/v2\/media?parent=16803"}],"wp:term":[{"taxonomy":"product_cat","embeddable":true,"href":"https:\/\/wizardly-davinci.82-223-8-23.plesk.page\/en\/wp-json\/wp\/v2\/product_cat?post=16803"},{"taxonomy":"product_tag","embeddable":true,"href":"https:\/\/wizardly-davinci.82-223-8-23.plesk.page\/en\/wp-json\/wp\/v2\/product_tag?post=16803"},{"taxonomy":"edicion","embeddable":true,"href":"https:\/\/wizardly-davinci.82-223-8-23.plesk.page\/en\/wp-json\/wp\/v2\/edicion?post=16803"},{"taxonomy":"editoriales","embeddable":true,"href":"https:\/\/wizardly-davinci.82-223-8-23.plesk.page\/en\/wp-json\/wp\/v2\/editoriales?post=16803"},{"taxonomy":"tienda","embeddable":true,"href":"https:\/\/wizardly-davinci.82-223-8-23.plesk.page\/en\/wp-json\/wp\/v2\/tienda?post=16803"},{"taxonomy":"autor_id","embeddable":true,"href":"https:\/\/wizardly-davinci.82-223-8-23.plesk.page\/en\/wp-json\/wp\/v2\/autor_id?post=16803"},{"taxonomy":"universidades_coeditoras","embeddable":true,"href":"https:\/\/wizardly-davinci.82-223-8-23.plesk.page\/en\/wp-json\/wp\/v2\/universidades_coeditoras?post=16803"},{"taxonomy":"palabras_clave","embeddable":true,"href":"https:\/\/wizardly-davinci.82-223-8-23.plesk.page\/en\/wp-json\/wp\/v2\/palabras_clave?post=16803"},{"taxonomy":"listado_alfabetico","embeddable":true,"href":"https:\/\/wizardly-davinci.82-223-8-23.plesk.page\/en\/wp-json\/wp\/v2\/listado_alfabetico?post=16803"}],"curies":[{"name":"wp","href":"https:\/\/api.w.org\/{rel}","templated":true}]}}