{"id":16805,"date":"2019-04-09T22:17:19","date_gmt":"2019-04-09T22:17:19","guid":{"rendered":"https:\/\/octaedro.com\/producto\/el-campo-de-la-bota\/"},"modified":"2023-04-20T10:42:11","modified_gmt":"2023-04-20T08:42:11","slug":"el-campo-de-la-bota","status":"publish","type":"product","link":"https:\/\/wizardly-davinci.82-223-8-23.plesk.page\/en\/producto\/el-campo-de-la-bota\/","title":{"rendered":"El Campo de la Bota"},"content":{"rendered":"<p>A mucha gente, cuando oye hablar del Campo de la Bota, le vienen a la mente im\u00e1genes de suciedad, miseria y marginaci\u00f3n, y, ciertamente, no son im\u00e1genes del todo irreales. Pero se trata solo de una cara de la moneda.<br \/>\nSi leemos la historia, tanto la global como la local, solo desde la centralidad de la sociedad acomodada y del poder, no la entenderemos nunca del todo.<br \/>\nEste libro es un intento de contar la historia de un barrio tan importante y simb\u00f3lico como lo fue el Campo de la Bota desde dentro mismo, desde su periferia. As\u00ed es como su espacio y su historia aportan nueva luz a lo que ya sab\u00edamos. Y, sobre todo, reflejan la lucha por la dignidad que miles de personas llevaron a cabo para poder salir del agujero negro en el que el franquismo los hab\u00eda metido.<\/p>\n","protected":false},"excerpt":{"rendered":"<p>A mucha gente, cuando oye hablar del Campo de la Bota, le vienen a la mente im\u00e1genes de suciedad, miseria y marginaci\u00f3n, y, ciertamente, no son im\u00e1genes del todo irreales. Pero se trata solo de una cara de la moneda.<br \/>\nSi leemos la historia, tanto la global como la local, solo desde la centralidad de la sociedad acomodada y del poder, no la entenderemos nunca del todo.<br \/>\nEste libro es un intento de contar la historia de un barrio tan importante y simb\u00f3lico como lo fue el Campo de la Bota desde dentro mismo, desde su periferia. As\u00ed es como su espacio y su historia aportan nueva luz a lo que ya sab\u00edamos. Y, sobre todo, reflejan la lucha por la dignidad que miles de personas llevaron a cabo para poder salir del agujero negro en el que el franquismo los hab\u00eda metido.<\/p>\n","protected":false},"featured_media":16806,"comment_status":"open","ping_status":"closed","template":"","meta":{"_et_pb_use_builder":"","_et_pb_old_content":"","_et_gb_content_width":""},"product_cat":[1512],"product_tag":[2602],"edicion":[1083],"editoriales":[1160],"tienda":[],"autor_id":[5988],"universidades_coeditoras":[],"palabras_clave":[],"listado_alfabetico":[],"acf":[],"_links":{"self":[{"href":"https:\/\/wizardly-davinci.82-223-8-23.plesk.page\/en\/wp-json\/wp\/v2\/product\/16805"}],"collection":[{"href":"https:\/\/wizardly-davinci.82-223-8-23.plesk.page\/en\/wp-json\/wp\/v2\/product"}],"about":[{"href":"https:\/\/wizardly-davinci.82-223-8-23.plesk.page\/en\/wp-json\/wp\/v2\/types\/product"}],"replies":[{"embeddable":true,"href":"https:\/\/wizardly-davinci.82-223-8-23.plesk.page\/en\/wp-json\/wp\/v2\/comments?post=16805"}],"wp:featuredmedia":[{"embeddable":true,"href":"https:\/\/wizardly-davinci.82-223-8-23.plesk.page\/en\/wp-json\/wp\/v2\/media\/16806"}],"wp:attachment":[{"href":"https:\/\/wizardly-davinci.82-223-8-23.plesk.page\/en\/wp-json\/wp\/v2\/media?parent=16805"}],"wp:term":[{"taxonomy":"product_cat","embeddable":true,"href":"https:\/\/wizardly-davinci.82-223-8-23.plesk.page\/en\/wp-json\/wp\/v2\/product_cat?post=16805"},{"taxonomy":"product_tag","embeddable":true,"href":"https:\/\/wizardly-davinci.82-223-8-23.plesk.page\/en\/wp-json\/wp\/v2\/product_tag?post=16805"},{"taxonomy":"edicion","embeddable":true,"href":"https:\/\/wizardly-davinci.82-223-8-23.plesk.page\/en\/wp-json\/wp\/v2\/edicion?post=16805"},{"taxonomy":"editoriales","embeddable":true,"href":"https:\/\/wizardly-davinci.82-223-8-23.plesk.page\/en\/wp-json\/wp\/v2\/editoriales?post=16805"},{"taxonomy":"tienda","embeddable":true,"href":"https:\/\/wizardly-davinci.82-223-8-23.plesk.page\/en\/wp-json\/wp\/v2\/tienda?post=16805"},{"taxonomy":"autor_id","embeddable":true,"href":"https:\/\/wizardly-davinci.82-223-8-23.plesk.page\/en\/wp-json\/wp\/v2\/autor_id?post=16805"},{"taxonomy":"universidades_coeditoras","embeddable":true,"href":"https:\/\/wizardly-davinci.82-223-8-23.plesk.page\/en\/wp-json\/wp\/v2\/universidades_coeditoras?post=16805"},{"taxonomy":"palabras_clave","embeddable":true,"href":"https:\/\/wizardly-davinci.82-223-8-23.plesk.page\/en\/wp-json\/wp\/v2\/palabras_clave?post=16805"},{"taxonomy":"listado_alfabetico","embeddable":true,"href":"https:\/\/wizardly-davinci.82-223-8-23.plesk.page\/en\/wp-json\/wp\/v2\/listado_alfabetico?post=16805"}],"curies":[{"name":"wp","href":"https:\/\/api.w.org\/{rel}","templated":true}]}}