{"id":16809,"date":"2019-04-09T22:17:21","date_gmt":"2019-04-09T22:17:21","guid":{"rendered":"https:\/\/octaedro.com\/producto\/justa-freire-o-la-pasion-de-educar\/"},"modified":"2023-04-20T10:42:23","modified_gmt":"2023-04-20T08:42:23","slug":"justa-freire-o-la-pasion-de-educar","status":"publish","type":"product","link":"https:\/\/wizardly-davinci.82-223-8-23.plesk.page\/en\/producto\/justa-freire-o-la-pasion-de-educar\/","title":{"rendered":"Justa Freire o la pasi\u00f3n de educar"},"content":{"rendered":"<p>Este libro nos cuenta la historia de una mujer que fue nada m\u00e1s y nada menos que una maestra. Es la historia de una pasi\u00f3n, pues ella vivi\u00f3 la ense\u00f1anza apasionadamente, entreg\u00f3 a la escuela su vida y sus esperanzas. Es la historia de un amor, porque esa pasi\u00f3n fue tan fuerte que invadi\u00f3 los dem\u00e1s aspectos de su persona, hasta los m\u00e1s \u00edntimos y privados. Es la historia de una traici\u00f3n, ya que acab\u00f3 siendo delatada por aquellos a los que m\u00e1s se consagr\u00f3 en el ejercicio de su profesi\u00f3n. Es la historia de una amistad, porque en los momentos m\u00e1s duros encontr\u00f3 la lealtad y el apoyo de sus amigas y disc\u00edpulas. Es la historia de una tesela de cer\u00e1mica que nos ayuda a construir el gran mosaico de la Historia de Espa\u00f1a y a descubrir sus m\u00faltiples matices tornasolados.<br \/>\nJusta Freire M\u00e9ndez fue una mujer moderna y avanzada para su \u00e9poca. Su retrato literario nos lleg\u00f3 a trav\u00e9s de la obra de teatro La colmena cient\u00edfica o el caf\u00e9 de Negr\u00edn, con la que Jos\u00e9 Ram\u00f3n Fern\u00e1ndez obtuvo el Premio Nacional de Literatura Dram\u00e1tica 2011. Tal era la fuerza de su personalidad que el autor la eligi\u00f3 como el \u00fanico personaje femenino en un mundo de intelectuales y cient\u00edficos, dibuj\u00e1ndola como lo que era en los a\u00f1os veinte, una maestra del vanguardista e innovador Grupo escolar \u00abCervantes\u00bb de Madrid. En \u00e9l educ\u00f3 a los hijos de los obreros de Cuatro Caminos, entre ellos al futuro l\u00edder comunista Santiago Carrillo. Durante la Segunda Rep\u00fablica fue directora del Grupo escolar \u00abAlfredo Calder\u00f3n\u00bb de la Ciudad Jard\u00edn, viviendo, junto a otro pu\u00f1ado de mujeres, la experiencia de ser las primeras profesionales que dirigieron a docentes varones. Muchas de ellas pagaron bien cara su osad\u00eda. Despu\u00e9s de una guerra, un juicio y un encierro en la c\u00e1rcel de Ventas, acab\u00f3 en el Colegio Brit\u00e1nico, formando a muchos arist\u00f3cratas y a varios reto\u00f1os de los jerarcas del franquismo. Le arrebataron todo y fue capaz de reinventarse a s\u00ed misma, porque nunca nadie le pudo robar su alma apasionada.<\/p>\n","protected":false},"excerpt":{"rendered":"<p>Este libro nos cuenta la historia de una mujer que fue nada m\u00e1s y nada menos que una maestra. Es la historia de una pasi\u00f3n, pues ella vivi\u00f3 la ense\u00f1anza apasionadamente, entreg\u00f3 a la escuela su vida y sus esperanzas. Es la historia de un amor, porque esa pasi\u00f3n fue tan fuerte que invadi\u00f3 los dem\u00e1s aspectos de su persona, hasta los m\u00e1s \u00edntimos y privados. Es la historia de una traici\u00f3n, ya que acab\u00f3 siendo delatada por aquellos a los que m\u00e1s se consagr\u00f3 en el ejercicio de su profesi\u00f3n. Es la historia de una amistad, porque en los momentos m\u00e1s duros encontr\u00f3 la lealtad y el apoyo de sus amigas y disc\u00edpulas. Es la historia de una tesela de cer\u00e1mica que nos ayuda a construir el gran mosaico de la Historia de Espa\u00f1a y a descubrir sus m\u00faltiples matices tornasolados.<br \/>\nJusta Freire M\u00e9ndez fue una mujer moderna y avanzada para su \u00e9poca. Su retrato literario nos lleg\u00f3 a trav\u00e9s de la obra de teatro La colmena cient\u00edfica o el caf\u00e9 de Negr\u00edn, con la que Jos\u00e9 Ram\u00f3n Fern\u00e1ndez obtuvo el Premio Nacional de Literatura Dram\u00e1tica 2011. Tal era la fuerza de su personalidad que el autor la eligi\u00f3 como el \u00fanico personaje femenino en un mundo de intelectuales y cient\u00edficos, dibuj\u00e1ndola como lo que era en los a\u00f1os veinte, una maestra del vanguardista e innovador Grupo escolar \u00abCervantes\u00bb de Madrid. En \u00e9l educ\u00f3 a los hijos de los obreros de Cuatro Caminos, entre ellos al futuro l\u00edder comunista Santiago Carrillo. Durante la Segunda Rep\u00fablica fue directora del Grupo escolar \u00abAlfredo Calder\u00f3n\u00bb de la Ciudad Jard\u00edn, viviendo, junto a otro pu\u00f1ado de mujeres, la experiencia de ser las primeras profesionales que dirigieron a docentes varones. Muchas de ellas pagaron bien cara su osad\u00eda. Despu\u00e9s de una guerra, un juicio y un encierro en la c\u00e1rcel de Ventas, acab\u00f3 en el Colegio Brit\u00e1nico, formando a muchos arist\u00f3cratas y a varios reto\u00f1os de los jerarcas del franquismo. Le arrebataron todo y fue capaz de reinventarse a s\u00ed misma, porque nunca nadie le pudo robar su alma apasionada.<\/p>\n","protected":false},"featured_media":16810,"comment_status":"open","ping_status":"closed","template":"","meta":{"_et_pb_use_builder":"","_et_pb_old_content":"","_et_gb_content_width":""},"product_cat":[2606,1512,6675,6673],"product_tag":[2604],"edicion":[1084,1083],"editoriales":[1160],"tienda":[],"autor_id":[6619],"universidades_coeditoras":[],"palabras_clave":[],"listado_alfabetico":[],"acf":[],"_links":{"self":[{"href":"https:\/\/wizardly-davinci.82-223-8-23.plesk.page\/en\/wp-json\/wp\/v2\/product\/16809"}],"collection":[{"href":"https:\/\/wizardly-davinci.82-223-8-23.plesk.page\/en\/wp-json\/wp\/v2\/product"}],"about":[{"href":"https:\/\/wizardly-davinci.82-223-8-23.plesk.page\/en\/wp-json\/wp\/v2\/types\/product"}],"replies":[{"embeddable":true,"href":"https:\/\/wizardly-davinci.82-223-8-23.plesk.page\/en\/wp-json\/wp\/v2\/comments?post=16809"}],"wp:featuredmedia":[{"embeddable":true,"href":"https:\/\/wizardly-davinci.82-223-8-23.plesk.page\/en\/wp-json\/wp\/v2\/media\/16810"}],"wp:attachment":[{"href":"https:\/\/wizardly-davinci.82-223-8-23.plesk.page\/en\/wp-json\/wp\/v2\/media?parent=16809"}],"wp:term":[{"taxonomy":"product_cat","embeddable":true,"href":"https:\/\/wizardly-davinci.82-223-8-23.plesk.page\/en\/wp-json\/wp\/v2\/product_cat?post=16809"},{"taxonomy":"product_tag","embeddable":true,"href":"https:\/\/wizardly-davinci.82-223-8-23.plesk.page\/en\/wp-json\/wp\/v2\/product_tag?post=16809"},{"taxonomy":"edicion","embeddable":true,"href":"https:\/\/wizardly-davinci.82-223-8-23.plesk.page\/en\/wp-json\/wp\/v2\/edicion?post=16809"},{"taxonomy":"editoriales","embeddable":true,"href":"https:\/\/wizardly-davinci.82-223-8-23.plesk.page\/en\/wp-json\/wp\/v2\/editoriales?post=16809"},{"taxonomy":"tienda","embeddable":true,"href":"https:\/\/wizardly-davinci.82-223-8-23.plesk.page\/en\/wp-json\/wp\/v2\/tienda?post=16809"},{"taxonomy":"autor_id","embeddable":true,"href":"https:\/\/wizardly-davinci.82-223-8-23.plesk.page\/en\/wp-json\/wp\/v2\/autor_id?post=16809"},{"taxonomy":"universidades_coeditoras","embeddable":true,"href":"https:\/\/wizardly-davinci.82-223-8-23.plesk.page\/en\/wp-json\/wp\/v2\/universidades_coeditoras?post=16809"},{"taxonomy":"palabras_clave","embeddable":true,"href":"https:\/\/wizardly-davinci.82-223-8-23.plesk.page\/en\/wp-json\/wp\/v2\/palabras_clave?post=16809"},{"taxonomy":"listado_alfabetico","embeddable":true,"href":"https:\/\/wizardly-davinci.82-223-8-23.plesk.page\/en\/wp-json\/wp\/v2\/listado_alfabetico?post=16809"}],"curies":[{"name":"wp","href":"https:\/\/api.w.org\/{rel}","templated":true}]}}