{"id":16811,"date":"2019-04-09T22:17:21","date_gmt":"2019-04-09T22:17:21","guid":{"rendered":"https:\/\/octaedro.com\/producto\/trabajo-y-desgaste-mental\/"},"modified":"2023-04-20T10:42:30","modified_gmt":"2023-04-20T08:42:30","slug":"trabajo-y-desgaste-mental","status":"publish","type":"product","link":"https:\/\/wizardly-davinci.82-223-8-23.plesk.page\/en\/producto\/trabajo-y-desgaste-mental\/","title":{"rendered":"Trabajo y desgaste mental"},"content":{"rendered":"<p>Este libro est\u00e1 escrito con un lenguaje claro y comprensible, incluso para los lectores que no est\u00e1n acostumbrados a las m\u00faltiples disciplinas del \u00e1rea que la autora designa como Campo Ampliado de la Salud Mental Relacionada con el Trabajo. Al considerar que la salud mental no es solamente un asunto de las \u00e1reas profesionales de la psiquiatr\u00eda y la psicolog\u00eda, la autora procura que sea legible para cualquiera.<br \/>\nOtra caracter\u00edstica del libro es la amplitud de la tem\u00e1tica expuesta, as\u00ed como la perspectiva cr\u00edtica que asume la autora, que escapa de los enfoques convencionales. Las ocho partes que lo componen reflejan una gran erudici\u00f3n y una insustituible experiencia acumulada a lo largo de m\u00e1s de tres d\u00e9cadas de estudios e investigaciones. Con el trabajo dominado como hilo conductor, pone en evidencia los procesos de desgaste, sufrimiento y enfermedad de los trabajadores en el mundo contempor\u00e1neo, marcado por la precarizaci\u00f3n social, y muestra la necesidad de una cl\u00ednica contextualizada.<br \/>\nComo escrib\u00eda el historiador y soci\u00f3logo Maur\u00edcio Tragtenberg en el pr\u00f3logo a la primera edici\u00f3n del libro, \u00abla autora destaca la importancia del compromiso social del investigador, vinculado a principios \u00e9ticos. Sin duda, este compromiso es obligatorio cuando se habla de salud, y el propio libro demuestra que quien lo escribe lo ha asumido. [\u2026] Edith S. Silva defiende que las investigaciones tienen que formularse y aplicarse por parte de segmentos comprometidos con los intereses de los trabajadores y no solo por los que buscan el aumento de la productividad, en lenguaje empresarial, que, traducido al lenguaje del trabajador, podr\u00e1 denominarse como sobreexplotaci\u00f3n. [\u2026] Este libro es para ser le\u00eddo por todos los que tienen preocupaciones sociales aut\u00e9nticas, aquellos que respetan y defienden la dignidad de quien trabaja\u00bb.<\/p>\n","protected":false},"excerpt":{"rendered":"<p>Este libro est\u00e1 escrito con un lenguaje claro y comprensible, incluso para los lectores que no est\u00e1n acostumbrados a las m\u00faltiples disciplinas del \u00e1rea que la autora designa como Campo Ampliado de la Salud Mental Relacionada con el Trabajo. Al considerar que la salud mental no es solamente un asunto de las \u00e1reas profesionales de la psiquiatr\u00eda y la psicolog\u00eda, la autora procura que sea legible para cualquiera.<br \/>\nOtra caracter\u00edstica del libro es la amplitud de la tem\u00e1tica expuesta, as\u00ed como la perspectiva cr\u00edtica que asume la autora, que escapa de los enfoques convencionales. Las ocho partes que lo componen reflejan una gran erudici\u00f3n y una insustituible experiencia acumulada a lo largo de m\u00e1s de tres d\u00e9cadas de estudios e investigaciones. Con el trabajo dominado como hilo conductor, pone en evidencia los procesos de desgaste, sufrimiento y enfermedad de los trabajadores en el mundo contempor\u00e1neo, marcado por la precarizaci\u00f3n social, y muestra la necesidad de una cl\u00ednica contextualizada.<br \/>\nComo escrib\u00eda el historiador y soci\u00f3logo Maur\u00edcio Tragtenberg en el pr\u00f3logo a la primera edici\u00f3n del libro, \u00abla autora destaca la importancia del compromiso social del investigador, vinculado a principios \u00e9ticos. Sin duda, este compromiso es obligatorio cuando se habla de salud, y el propio libro demuestra que quien lo escribe lo ha asumido. [\u2026] Edith S. Silva defiende que las investigaciones tienen que formularse y aplicarse por parte de segmentos comprometidos con los intereses de los trabajadores y no solo por los que buscan el aumento de la productividad, en lenguaje empresarial, que, traducido al lenguaje del trabajador, podr\u00e1 denominarse como sobreexplotaci\u00f3n. [\u2026] Este libro es para ser le\u00eddo por todos los que tienen preocupaciones sociales aut\u00e9nticas, aquellos que respetan y defienden la dignidad de quien trabaja\u00bb.<\/p>\n","protected":false},"featured_media":16812,"comment_status":"open","ping_status":"closed","template":"","meta":{"_et_pb_use_builder":"","_et_pb_old_content":"","_et_gb_content_width":""},"product_cat":[1512,6675,9825],"product_tag":[2602],"edicion":[1083],"editoriales":[1160],"tienda":[],"autor_id":[6395],"universidades_coeditoras":[],"palabras_clave":[],"listado_alfabetico":[],"acf":[],"_links":{"self":[{"href":"https:\/\/wizardly-davinci.82-223-8-23.plesk.page\/en\/wp-json\/wp\/v2\/product\/16811"}],"collection":[{"href":"https:\/\/wizardly-davinci.82-223-8-23.plesk.page\/en\/wp-json\/wp\/v2\/product"}],"about":[{"href":"https:\/\/wizardly-davinci.82-223-8-23.plesk.page\/en\/wp-json\/wp\/v2\/types\/product"}],"replies":[{"embeddable":true,"href":"https:\/\/wizardly-davinci.82-223-8-23.plesk.page\/en\/wp-json\/wp\/v2\/comments?post=16811"}],"wp:featuredmedia":[{"embeddable":true,"href":"https:\/\/wizardly-davinci.82-223-8-23.plesk.page\/en\/wp-json\/wp\/v2\/media\/16812"}],"wp:attachment":[{"href":"https:\/\/wizardly-davinci.82-223-8-23.plesk.page\/en\/wp-json\/wp\/v2\/media?parent=16811"}],"wp:term":[{"taxonomy":"product_cat","embeddable":true,"href":"https:\/\/wizardly-davinci.82-223-8-23.plesk.page\/en\/wp-json\/wp\/v2\/product_cat?post=16811"},{"taxonomy":"product_tag","embeddable":true,"href":"https:\/\/wizardly-davinci.82-223-8-23.plesk.page\/en\/wp-json\/wp\/v2\/product_tag?post=16811"},{"taxonomy":"edicion","embeddable":true,"href":"https:\/\/wizardly-davinci.82-223-8-23.plesk.page\/en\/wp-json\/wp\/v2\/edicion?post=16811"},{"taxonomy":"editoriales","embeddable":true,"href":"https:\/\/wizardly-davinci.82-223-8-23.plesk.page\/en\/wp-json\/wp\/v2\/editoriales?post=16811"},{"taxonomy":"tienda","embeddable":true,"href":"https:\/\/wizardly-davinci.82-223-8-23.plesk.page\/en\/wp-json\/wp\/v2\/tienda?post=16811"},{"taxonomy":"autor_id","embeddable":true,"href":"https:\/\/wizardly-davinci.82-223-8-23.plesk.page\/en\/wp-json\/wp\/v2\/autor_id?post=16811"},{"taxonomy":"universidades_coeditoras","embeddable":true,"href":"https:\/\/wizardly-davinci.82-223-8-23.plesk.page\/en\/wp-json\/wp\/v2\/universidades_coeditoras?post=16811"},{"taxonomy":"palabras_clave","embeddable":true,"href":"https:\/\/wizardly-davinci.82-223-8-23.plesk.page\/en\/wp-json\/wp\/v2\/palabras_clave?post=16811"},{"taxonomy":"listado_alfabetico","embeddable":true,"href":"https:\/\/wizardly-davinci.82-223-8-23.plesk.page\/en\/wp-json\/wp\/v2\/listado_alfabetico?post=16811"}],"curies":[{"name":"wp","href":"https:\/\/api.w.org\/{rel}","templated":true}]}}