{"id":16819,"date":"2019-04-09T22:17:22","date_gmt":"2019-04-09T22:17:22","guid":{"rendered":"https:\/\/octaedro.com\/producto\/el-alma-del-nino\/"},"modified":"2023-04-20T10:49:37","modified_gmt":"2023-04-20T08:49:37","slug":"el-alma-del-nino","status":"publish","type":"product","link":"https:\/\/wizardly-davinci.82-223-8-23.plesk.page\/en\/producto\/el-alma-del-nino\/","title":{"rendered":"El alma del ni\u00f1o"},"content":{"rendered":"<p><span class=\"destacat\">El alma del ni\u00f1o<\/span>. Ensayos de psicolog\u00eda infantil se presenta como un tratado propio de una investigadora avanzada en materias de psicolog\u00eda, pedagog\u00eda y paidolog\u00eda. El m\u00e9todo de investigaci\u00f3n propuesto por Isabel Oyarz\u00e1bal (con el seud\u00f3nimo de Beatriz Galindo) combina los propios de la psicolog\u00eda experimental y naturalista, en boga en las primeras d\u00e9cadas del siglo XX, con los de lo que hoy conocemos como psicolog\u00eda evolutiva, para la que un \u00e1mbito familiar dialogante y estable, en el que se confrontan las emociones y los impulsos mediante la comunicaci\u00f3n, juega un papel de m\u00e1xima relevancia en el desarrollo cognitivo y emocional del ni\u00f1o.<br \/>\nEsta obra es, adem\u00e1s, una muestra de la modernidad de una mujer dedicada, tanto en lo personal como en lo profesional, a la b\u00fasqueda de soluciones progresistas para solventar los conflictos educativos. <span class=\"destacat\">El alma del ni\u00f1o<\/span> describe y enumera, desde un punto de vista experimental, las cualidades y las virtudes, tambi\u00e9n los defectos y los vicios infantiles desde la m\u00e1s temprana edad. En todo momento sugiere evitar el castigo, las reprimendas y la violencia ante las muestras infantiles de algunos de los defectos tratados; antes bien, propugna el razonamiento dialogado, la paciencia y la comprensi\u00f3n; admite que es positivo descender al nivel de los ni\u00f1os al hablar con ellos, y en cualquier caso, aconseja mostrarles amor, seguridad y protecci\u00f3n.<br \/>\nLa obra denuncia la miserable situaci\u00f3n de la gran mayor\u00eda de madres espa\u00f1olas en los a\u00f1os veinte y no solo aboga por una mejora en el plano legislativo en lo que respecta al trabajo femenino, sino que, adem\u00e1s, sugiere la necesidad de la conciliaci\u00f3n familiar y profesional para las madres, un asunto de capital importancia que ser\u00eda objeto de m\u00e1xima atenci\u00f3n en nuestro pa\u00eds algunas d\u00e9cadas m\u00e1s tarde.<br \/>\nEsta nueva edici\u00f3n, dirigida especialmente a padres y maestros, as\u00ed como a los educadores comprometidos con el desarrollo integral de sus alumnos, recupera un per\u00edodo imprescindible de la historia de Espa\u00f1a en el \u00e1mbito educativo porque anticipa, de acuerdo a la metodolog\u00eda importada de Europa, la inmensa revoluci\u00f3n pedag\u00f3gica llevada a t\u00e9rmino en suelo espa\u00f1ol durante la II Rep\u00fablica en materia de educaci\u00f3n.<\/p>\n","protected":false},"excerpt":{"rendered":"<p><span class=\"destacat\">El alma del ni\u00f1o<\/span>. Ensayos de psicolog\u00eda infantil se presenta como un tratado propio de una investigadora avanzada en materias de psicolog\u00eda, pedagog\u00eda y paidolog\u00eda. El m\u00e9todo de investigaci\u00f3n propuesto por Isabel Oyarz\u00e1bal (con el seud\u00f3nimo de Beatriz Galindo) combina los propios de la psicolog\u00eda experimental y naturalista, en boga en las primeras d\u00e9cadas del siglo XX, con los de lo que hoy conocemos como psicolog\u00eda evolutiva, para la que un \u00e1mbito familiar dialogante y estable, en el que se confrontan las emociones y los impulsos mediante la comunicaci\u00f3n, juega un papel de m\u00e1xima relevancia en el desarrollo cognitivo y emocional del ni\u00f1o.<br \/>\nEsta obra es, adem\u00e1s, una muestra de la modernidad de una mujer dedicada, tanto en lo personal como en lo profesional, a la b\u00fasqueda de soluciones progresistas para solventar los conflictos educativos. <span class=\"destacat\">El alma del ni\u00f1o<\/span> describe y enumera, desde un punto de vista experimental, las cualidades y las virtudes, tambi\u00e9n los defectos y los vicios infantiles desde la m\u00e1s temprana edad. En todo momento sugiere evitar el castigo, las reprimendas y la violencia ante las muestras infantiles de algunos de los defectos tratados; antes bien, propugna el razonamiento dialogado, la paciencia y la comprensi\u00f3n; admite que es positivo descender al nivel de los ni\u00f1os al hablar con ellos, y en cualquier caso, aconseja mostrarles amor, seguridad y protecci\u00f3n.<br \/>\nLa obra denuncia la miserable situaci\u00f3n de la gran mayor\u00eda de madres espa\u00f1olas en los a\u00f1os veinte y no solo aboga por una mejora en el plano legislativo en lo que respecta al trabajo femenino, sino que, adem\u00e1s, sugiere la necesidad de la conciliaci\u00f3n familiar y profesional para las madres, un asunto de capital importancia que ser\u00eda objeto de m\u00e1xima atenci\u00f3n en nuestro pa\u00eds algunas d\u00e9cadas m\u00e1s tarde.<br \/>\nEsta nueva edici\u00f3n, dirigida especialmente a padres y maestros, as\u00ed como a los educadores comprometidos con el desarrollo integral de sus alumnos, recupera un per\u00edodo imprescindible de la historia de Espa\u00f1a en el \u00e1mbito educativo porque anticipa, de acuerdo a la metodolog\u00eda importada de Europa, la inmensa revoluci\u00f3n pedag\u00f3gica llevada a t\u00e9rmino en suelo espa\u00f1ol durante la II Rep\u00fablica en materia de educaci\u00f3n.<\/p>\n","protected":false},"featured_media":16820,"comment_status":"open","ping_status":"closed","template":"","meta":{"_et_pb_use_builder":"","_et_pb_old_content":"","_et_gb_content_width":""},"product_cat":[2606,1512,6675,6673,9825],"product_tag":[2604],"edicion":[1084,1083],"editoriales":[1160],"tienda":[],"autor_id":[5097,6096],"universidades_coeditoras":[],"palabras_clave":[],"listado_alfabetico":[],"acf":[],"_links":{"self":[{"href":"https:\/\/wizardly-davinci.82-223-8-23.plesk.page\/en\/wp-json\/wp\/v2\/product\/16819"}],"collection":[{"href":"https:\/\/wizardly-davinci.82-223-8-23.plesk.page\/en\/wp-json\/wp\/v2\/product"}],"about":[{"href":"https:\/\/wizardly-davinci.82-223-8-23.plesk.page\/en\/wp-json\/wp\/v2\/types\/product"}],"replies":[{"embeddable":true,"href":"https:\/\/wizardly-davinci.82-223-8-23.plesk.page\/en\/wp-json\/wp\/v2\/comments?post=16819"}],"wp:featuredmedia":[{"embeddable":true,"href":"https:\/\/wizardly-davinci.82-223-8-23.plesk.page\/en\/wp-json\/wp\/v2\/media\/16820"}],"wp:attachment":[{"href":"https:\/\/wizardly-davinci.82-223-8-23.plesk.page\/en\/wp-json\/wp\/v2\/media?parent=16819"}],"wp:term":[{"taxonomy":"product_cat","embeddable":true,"href":"https:\/\/wizardly-davinci.82-223-8-23.plesk.page\/en\/wp-json\/wp\/v2\/product_cat?post=16819"},{"taxonomy":"product_tag","embeddable":true,"href":"https:\/\/wizardly-davinci.82-223-8-23.plesk.page\/en\/wp-json\/wp\/v2\/product_tag?post=16819"},{"taxonomy":"edicion","embeddable":true,"href":"https:\/\/wizardly-davinci.82-223-8-23.plesk.page\/en\/wp-json\/wp\/v2\/edicion?post=16819"},{"taxonomy":"editoriales","embeddable":true,"href":"https:\/\/wizardly-davinci.82-223-8-23.plesk.page\/en\/wp-json\/wp\/v2\/editoriales?post=16819"},{"taxonomy":"tienda","embeddable":true,"href":"https:\/\/wizardly-davinci.82-223-8-23.plesk.page\/en\/wp-json\/wp\/v2\/tienda?post=16819"},{"taxonomy":"autor_id","embeddable":true,"href":"https:\/\/wizardly-davinci.82-223-8-23.plesk.page\/en\/wp-json\/wp\/v2\/autor_id?post=16819"},{"taxonomy":"universidades_coeditoras","embeddable":true,"href":"https:\/\/wizardly-davinci.82-223-8-23.plesk.page\/en\/wp-json\/wp\/v2\/universidades_coeditoras?post=16819"},{"taxonomy":"palabras_clave","embeddable":true,"href":"https:\/\/wizardly-davinci.82-223-8-23.plesk.page\/en\/wp-json\/wp\/v2\/palabras_clave?post=16819"},{"taxonomy":"listado_alfabetico","embeddable":true,"href":"https:\/\/wizardly-davinci.82-223-8-23.plesk.page\/en\/wp-json\/wp\/v2\/listado_alfabetico?post=16819"}],"curies":[{"name":"wp","href":"https:\/\/api.w.org\/{rel}","templated":true}]}}